{"id":61,"date":"2020-08-11T13:37:49","date_gmt":"2020-08-11T16:37:49","guid":{"rendered":"http:\/\/sercoflex.cl\/sitio\/?page_id=61"},"modified":"2025-09-22T17:43:37","modified_gmt":"2025-09-22T20:43:37","slug":"juntas-rotatorias","status":"publish","type":"page","link":"https:\/\/sercoflex.cl\/sitio\/juntas-rotatorias\/","title":{"rendered":"Juntas Rotativas"},"content":{"rendered":"\t\t<div data-elementor-type=\"wp-page\" data-elementor-id=\"61\" class=\"elementor elementor-61\" data-elementor-settings=\"[]\">\n\t\t\t\t\t\t<div class=\"elementor-inner\">\n\t\t\t\t\t\t\t<div class=\"elementor-section-wrap\">\n\t\t\t\t\t\t\t<section class=\"elementor-section elementor-top-section elementor-element elementor-element-297ab915 elementor-section-stretched elementor-section-boxed elementor-section-height-default elementor-section-height-default\" data-id=\"297ab915\" data-element_type=\"section\" data-settings=\"{&quot;stretch_section&quot;:&quot;section-stretched&quot;,&quot;background_background&quot;:&quot;classic&quot;}\">\n\t\t\t\t\t\t<div class=\"elementor-container elementor-column-gap-no\">\n\t\t\t\t\t\t\t<div class=\"elementor-row\">\n\t\t\t\t\t<div class=\"elementor-column elementor-col-100 elementor-top-column elementor-element elementor-element-134cc3ce\" data-id=\"134cc3ce\" data-element_type=\"column\">\n\t\t\t<div class=\"elementor-column-wrap elementor-element-populated\">\n\t\t\t\t\t\t\t<div class=\"elementor-widget-wrap\">\n\t\t\t\t\t\t<section class=\"elementor-section elementor-inner-section elementor-element elementor-element-88a96af elementor-section-boxed elementor-section-height-default elementor-section-height-default\" data-id=\"88a96af\" data-element_type=\"section\">\n\t\t\t\t\t\t<div class=\"elementor-container elementor-column-gap-default\">\n\t\t\t\t\t\t\t<div class=\"elementor-row\">\n\t\t\t\t\t<div class=\"elementor-column elementor-col-100 elementor-inner-column elementor-element elementor-element-5654faef\" data-id=\"5654faef\" data-element_type=\"column\">\n\t\t\t<div class=\"elementor-column-wrap elementor-element-populated\">\n\t\t\t\t\t\t\t<div class=\"elementor-widget-wrap\">\n\t\t\t\t\t\t<div class=\"elementor-element elementor-element-2f2cc082 elementor-widget elementor-widget-heading\" data-id=\"2f2cc082\" data-element_type=\"widget\" data-widget_type=\"heading.default\">\n\t\t\t\t<div class=\"elementor-widget-container\">\n\t\t\t<h2 class=\"elementor-heading-title elementor-size-default\">Juntas Rotativas<\/h2>\t\t<\/div>\n\t\t\t\t<\/div>\n\t\t\t\t<div class=\"elementor-element elementor-element-3bf40256 elementor-widget elementor-widget-text-editor\" data-id=\"3bf40256\" data-element_type=\"widget\" data-widget_type=\"text-editor.default\">\n\t\t\t\t<div class=\"elementor-widget-container\">\n\t\t\t\t\t\t\t\t<div class=\"elementor-text-editor elementor-clearfix\">\n\t\t\t\t\t<p><span style=\"font-size: 14px;\">En <\/span><span style=\"background-color: initial; font-size: 14px;\">Sercoflex<\/span><span style=\"font-size: 14px;\">, te ofrecemos las <\/span><span style=\"background-color: initial; font-size: 14px;\">juntas rotativas de la marca Re Spa<\/span><span style=\"font-size: 14px;\">, fabricadas con materiales resistentes y aptos para todo tipo de fluidos o gases, como agua, aceite, vapor y aire. Disponibles en una amplia gama de dimensiones, desde los tama\u00f1os m\u00e1s peque\u00f1os hasta 2 pulgadas, nuestras juntas pueden ser <\/span><span style=\"background-color: initial; font-size: 14px;\">fijas y giratorias de doble paso<\/span><span style=\"font-size: 14px;\">, con rodamientos est\u00e1ndar o de grafito. Los dise\u00f1os de <\/span><span style=\"background-color: initial; font-size: 14px;\">Re Spa<\/span><span style=\"font-size: 14px;\"> como las series <\/span><span style=\"background-color: initial; font-size: 14px;\">NB<\/span><span style=\"font-size: 14px;\">, <\/span><span style=\"background-color: initial; font-size: 14px;\">R<\/span><span style=\"font-size: 14px;\"> y <\/span><span style=\"background-color: initial; font-size: 14px;\">U<\/span><span style=\"font-size: 14px;\">, garantizan confiabilidad, larga vida \u00fatil y una estanqueidad perfecta en comparaci\u00f3n con las uniones tradicionales.<\/span><\/p>\n<p>&nbsp;Si deseas m\u00e1s informaci\u00f3n, cotizar o resolver dudas, haz clic en nuestro apartado de&nbsp;<a href=\"https:\/\/sercoflex.cl\/sitio\/contacto\/\" target=\"_blank\"><b>Cont\u00e1ctanos&nbsp;<\/b><\/a>y estaremos encantados de ayudarte.<span style=\"font-size: 14px;\"><\/span><\/p>\t\t\t\t\t<\/div>\n\t\t\t\t\t\t<\/div>\n\t\t\t\t<\/div>\n\t\t\t\t\t\t<\/div>\n\t\t\t\t\t<\/div>\n\t\t<\/div>\n\t\t\t\t\t\t\t\t<\/div>\n\t\t\t\t\t<\/div>\n\t\t<\/section>\n\t\t\t\t<div class=\"elementor-element elementor-element-6532b387 elementor-grid-3 elementor-grid-tablet-2 elementor-grid-mobile-1 elementor-widget elementor-widget-gyan_services_full_text\" data-id=\"6532b387\" data-element_type=\"widget\" data-settings=\"{&quot;columns&quot;:&quot;3&quot;,&quot;columns_tablet&quot;:&quot;2&quot;,&quot;columns_mobile&quot;:&quot;1&quot;}\" data-widget_type=\"gyan_services_full_text.default\">\n\t\t\t\t<div class=\"elementor-widget-container\">\n\t\t\t\n\t\t<div class=\"gyan-services-full-container gyan-services-full-container-6532b387\" data-layout=\"grid\" data-rtl=\"false\">\n\n\t\t\t<div class=\"gyan-services-full-items gyan-elementor-grid\">\n\n\t\t\t\t\n\t\t\t\t\t<div class=\"gyan-service-full-item gyan-grid-item-wrap\">\n\t\t\t\t\t\t<div class=\"gyan-services-full gyan-grid-item gyan-ease-transition\">\n\t\t\t\t\t\t\t<div class=\"gyan-services-full-img\"><img decoding=\"async\" src=\"https:\/\/sercoflex.cl\/sitio\/wp-content\/uploads\/2020\/08\/Tipo-NB-1-500x344.jpg\" alt=\"\"><\/div><div class=\"gyan-services-full-content\"><div class=\"gyan-services-full-title-desc\"><h6 class=\"gyan-services-full-title\"><a href=\"http:\/\/sercoflex.cl\/sitio\/tipo-nb\/\" class=\"gyan-service-full-link\">Tipo NB<\/a><\/h6><div class=\"gyan-services-full-desc\">Descubre las juntas rotativas serie NB de Re S.p.A., dise\u00f1adas para operar en las condiciones m\u00e1s exigentes. Su dise\u00f1o robusto y materiales de alta calidad, como el grafito, las hacen ideales para vapor, agua y aceites diat\u00e9rmicos a altas temperaturas, con un mantenimiento r\u00e1pido y sencillo.<\/div><\/div><a href=\"http:\/\/sercoflex.cl\/sitio\/tipo-nb\/\" class=\"gyan-service-full-link gyan-services-full-button gyan-ease-transition gyan-flex\"><span class=\"gyan-services-full-button-text\">Ver M\u00e1s<\/span><span class=\"gyan-services-full-button-arrow\"><\/span><\/a><\/div>\t\t\t\t\t\t<\/div>\n\t\t\t\t\t<\/div>\n\n\t\t\t\t \n\t\t\t\t\t<div class=\"gyan-service-full-item gyan-grid-item-wrap\">\n\t\t\t\t\t\t<div class=\"gyan-services-full gyan-grid-item gyan-ease-transition\">\n\t\t\t\t\t\t\t<div class=\"gyan-services-full-img\"><img decoding=\"async\" src=\"https:\/\/sercoflex.cl\/sitio\/wp-content\/uploads\/2020\/08\/Tipo-R-1-500x344.jpg\" alt=\"\"><\/div><div class=\"gyan-services-full-content\"><div class=\"gyan-services-full-title-desc\"><h6 class=\"gyan-services-full-title\"><a href=\"http:\/\/sercoflex.cl\/sitio\/tipo-r\/\" class=\"gyan-service-full-link\">Tipo R<\/a><\/h6><div class=\"gyan-services-full-desc\">Descubre las juntas rotativas serie R de Re S.p.A., dise\u00f1adas para transferir presi\u00f3n a alta velocidad en embragues y ejes de expansi\u00f3n. Su rendimiento superior y su fiabilidad las convierten en la soluci\u00f3n ideal para tus proyectos.<\/div><\/div><a href=\"http:\/\/sercoflex.cl\/sitio\/tipo-r\/\" class=\"gyan-service-full-link gyan-services-full-button gyan-ease-transition gyan-flex\"><span class=\"gyan-services-full-button-text\">Ver M\u00e1s<\/span><span class=\"gyan-services-full-button-arrow\"><\/span><\/a><\/div>\t\t\t\t\t\t<\/div>\n\t\t\t\t\t<\/div>\n\n\t\t\t\t \n\t\t\t\t\t<div class=\"gyan-service-full-item gyan-grid-item-wrap\">\n\t\t\t\t\t\t<div class=\"gyan-services-full gyan-grid-item gyan-ease-transition\">\n\t\t\t\t\t\t\t<div class=\"gyan-services-full-img\"><img decoding=\"async\" src=\"https:\/\/sercoflex.cl\/sitio\/wp-content\/uploads\/2020\/08\/Tipo-U-1-500x344.jpg\" alt=\"\"><\/div><div class=\"gyan-services-full-content\"><div class=\"gyan-services-full-title-desc\"><h6 class=\"gyan-services-full-title\"><a href=\"http:\/\/sercoflex.cl\/sitio\/tipo-u\/\" class=\"gyan-service-full-link\">Tipo U<\/a><\/h6><div class=\"gyan-services-full-desc\">Descubre la serie U de juntas rotativas Re S.p.A., la soluci\u00f3n m\u00e1s vers\u00e1til para operar con diversos fluidos y en distintas condiciones. Su amplia gama de estanqueidades y medidas asegura una m\u00e1xima durabilidad y se adapta perfectamente a cualquier proyecto.<\/div><\/div><a href=\"http:\/\/sercoflex.cl\/sitio\/tipo-u\/\" class=\"gyan-service-full-link gyan-services-full-button gyan-ease-transition gyan-flex\"><span class=\"gyan-services-full-button-text\">Ver M\u00e1s<\/span><span class=\"gyan-services-full-button-arrow\"><\/span><\/a><\/div>\t\t\t\t\t\t<\/div>\n\t\t\t\t\t<\/div>\n\n\t\t\t\t \n\t\t\t <\/div> <!-- gyan-services-full-items -->\n\t\t\t <div class=\"clear\"><\/div>\n\n\t\t<\/div>\n\n\t\t\t<\/div>\n\t\t\t\t<\/div>\n\t\t\t\t\t\t<\/div>\n\t\t\t\t\t<\/div>\n\t\t<\/div>\n\t\t\t\t\t\t\t\t<\/div>\n\t\t\t\t\t<\/div>\n\t\t<\/section>\n\t\t\t\t\t\t<\/div>\n\t\t\t\t\t\t<\/div>\n\t\t\t\t\t<\/div>\n\t\t","protected":false},"excerpt":{"rendered":"<p>Juntas Rotativas En Sercoflex, te ofrecemos las juntas rotativas de la marca Re Spa, fabricadas con materiales resistentes y aptos para todo tipo de fluidos o gases, como agua, aceite, vapor y aire. Disponibles en una amplia gama de dimensiones, desde los tama\u00f1os m\u00e1s peque\u00f1os hasta 2 pulgadas, nuestras juntas [&hellip;]<\/p>\n","protected":false},"author":1,"featured_media":0,"parent":0,"menu_order":0,"comment_status":"closed","ping_status":"closed","template":"","meta":{"footnotes":""},"class_list":["post-61","page","type-page","status-publish","hentry"],"yoast_head":"<!-- This site is optimized with the Yoast SEO plugin v16.5 - https:\/\/yoast.com\/wordpress\/plugins\/seo\/ -->\n<title>Juntas Rotativas - Sercoflex | Re<\/title>\n<meta name=\"description\" content=\"Para agua, aceite, vapor y aire, nuestras juntas rotatorias pueden fabricarse en una amplia gama de dimensiones desde los tama\u00f1os m\u00e1s peque\u00f1os.\" \/>\n<meta name=\"robots\" content=\"index, follow, max-snippet:-1, max-image-preview:large, max-video-preview:-1\" \/>\n<link rel=\"canonical\" href=\"https:\/\/sercoflex.cl\/sitio\/juntas-rotatorias\/\" \/>\n<meta property=\"og:locale\" content=\"es_ES\" \/>\n<meta property=\"og:type\" content=\"article\" \/>\n<meta property=\"og:title\" content=\"Juntas Rotativas - Sercoflex | Re\" \/>\n<meta property=\"og:description\" content=\"Para agua, aceite, vapor y aire, nuestras juntas rotatorias pueden fabricarse en una amplia gama de dimensiones desde los tama\u00f1os m\u00e1s peque\u00f1os.\" \/>\n<meta property=\"og:url\" content=\"https:\/\/sercoflex.cl\/sitio\/juntas-rotatorias\/\" \/>\n<meta property=\"og:site_name\" content=\"Sercoflex | Re\" \/>\n<meta property=\"article:modified_time\" content=\"2025-09-22T20:43:37+00:00\" \/>\n<meta property=\"og:image\" content=\"https:\/\/sercoflex.cl\/sitio\/wp-content\/uploads\/2020\/08\/Tipo-NB-1-500x344.jpg\" \/>\n<meta name=\"twitter:card\" content=\"summary_large_image\" \/>\n<meta name=\"twitter:label1\" content=\"Est. reading time\" \/>\n\t<meta name=\"twitter:data1\" content=\"2 minutos\" \/>\n<script type=\"application\/ld+json\" class=\"yoast-schema-graph\">{\"@context\":\"https:\/\/schema.org\",\"@graph\":[{\"@type\":\"Organization\",\"@id\":\"https:\/\/sercoflex.cl\/sitio\/#organization\",\"name\":\"Sercoflex\",\"url\":\"https:\/\/sercoflex.cl\/sitio\/\",\"sameAs\":[\"https:\/\/www.linkedin.com\/in\/comercial-sercoflex-6779211b4\/\"],\"logo\":{\"@type\":\"ImageObject\",\"@id\":\"https:\/\/sercoflex.cl\/sitio\/#logo\",\"inLanguage\":\"es-CL\",\"url\":\"https:\/\/sercoflex.cl\/sitio\/wp-content\/uploads\/2021\/01\/Logo-serco.jpg\",\"contentUrl\":\"https:\/\/sercoflex.cl\/sitio\/wp-content\/uploads\/2021\/01\/Logo-serco.jpg\",\"width\":790,\"height\":945,\"caption\":\"Sercoflex\"},\"image\":{\"@id\":\"https:\/\/sercoflex.cl\/sitio\/#logo\"}},{\"@type\":\"WebSite\",\"@id\":\"https:\/\/sercoflex.cl\/sitio\/#website\",\"url\":\"https:\/\/sercoflex.cl\/sitio\/\",\"name\":\"Sercoflex\",\"description\":\"Empresa dedicada a productos industriales.\",\"publisher\":{\"@id\":\"https:\/\/sercoflex.cl\/sitio\/#organization\"},\"potentialAction\":[{\"@type\":\"SearchAction\",\"target\":\"https:\/\/sercoflex.cl\/sitio\/?s={search_term_string}\",\"query-input\":\"required name=search_term_string\"}],\"inLanguage\":\"es-CL\"},{\"@type\":\"ImageObject\",\"@id\":\"https:\/\/sercoflex.cl\/sitio\/juntas-rotatorias\/#primaryimage\",\"inLanguage\":\"es-CL\",\"url\":\"https:\/\/sercoflex.cl\/sitio\/wp-content\/uploads\/2020\/08\/Tipo-NB-1.jpg\",\"contentUrl\":\"https:\/\/sercoflex.cl\/sitio\/wp-content\/uploads\/2020\/08\/Tipo-NB-1.jpg\",\"width\":900,\"height\":600},{\"@type\":\"WebPage\",\"@id\":\"https:\/\/sercoflex.cl\/sitio\/juntas-rotatorias\/#webpage\",\"url\":\"https:\/\/sercoflex.cl\/sitio\/juntas-rotatorias\/\",\"name\":\"Juntas Rotativas - Sercoflex | Re\",\"isPartOf\":{\"@id\":\"https:\/\/sercoflex.cl\/sitio\/#website\"},\"primaryImageOfPage\":{\"@id\":\"https:\/\/sercoflex.cl\/sitio\/juntas-rotatorias\/#primaryimage\"},\"datePublished\":\"2020-08-11T16:37:49+00:00\",\"dateModified\":\"2025-09-22T20:43:37+00:00\",\"description\":\"Para agua, aceite, vapor y aire, nuestras juntas rotatorias pueden fabricarse en una amplia gama de dimensiones desde los tama\\u00f1os m\\u00e1s peque\\u00f1os.\",\"breadcrumb\":{\"@id\":\"https:\/\/sercoflex.cl\/sitio\/juntas-rotatorias\/#breadcrumb\"},\"inLanguage\":\"es-CL\",\"potentialAction\":[{\"@type\":\"ReadAction\",\"target\":[\"https:\/\/sercoflex.cl\/sitio\/juntas-rotatorias\/\"]}]},{\"@type\":\"BreadcrumbList\",\"@id\":\"https:\/\/sercoflex.cl\/sitio\/juntas-rotatorias\/#breadcrumb\",\"itemListElement\":[{\"@type\":\"ListItem\",\"position\":1,\"name\":\"Portada\",\"item\":\"https:\/\/sercoflex.cl\/sitio\/\"},{\"@type\":\"ListItem\",\"position\":2,\"name\":\"Juntas Rotativas\"}]}]}<\/script>\n<!-- \/ Yoast SEO plugin. -->","_links":{"self":[{"href":"https:\/\/sercoflex.cl\/sitio\/wp-json\/wp\/v2\/pages\/61","targetHints":{"allow":["GET"]}}],"collection":[{"href":"https:\/\/sercoflex.cl\/sitio\/wp-json\/wp\/v2\/pages"}],"about":[{"href":"https:\/\/sercoflex.cl\/sitio\/wp-json\/wp\/v2\/types\/page"}],"author":[{"embeddable":true,"href":"https:\/\/sercoflex.cl\/sitio\/wp-json\/wp\/v2\/users\/1"}],"replies":[{"embeddable":true,"href":"https:\/\/sercoflex.cl\/sitio\/wp-json\/wp\/v2\/comments?post=61"}],"version-history":[{"count":33,"href":"https:\/\/sercoflex.cl\/sitio\/wp-json\/wp\/v2\/pages\/61\/revisions"}],"predecessor-version":[{"id":3594,"href":"https:\/\/sercoflex.cl\/sitio\/wp-json\/wp\/v2\/pages\/61\/revisions\/3594"}],"wp:attachment":[{"href":"https:\/\/sercoflex.cl\/sitio\/wp-json\/wp\/v2\/media?parent=61"}],"curies":[{"name":"wp","href":"https:\/\/api.w.org\/{rel}","templated":true}]}}