{"id":52,"date":"2020-08-11T13:35:48","date_gmt":"2020-08-11T16:35:48","guid":{"rendered":"http:\/\/sercoflex.cl\/sitio\/?page_id=52"},"modified":"2025-09-24T22:53:49","modified_gmt":"2025-09-25T01:53:49","slug":"ejes-expandibles-y-adaptadores-neumaticos","status":"publish","type":"page","link":"https:\/\/sercoflex.cl\/sitio\/ejes-expandibles-y-adaptadores-neumaticos\/","title":{"rendered":"Ejes Expansibles y Adaptadores Neum\u00e1ticos"},"content":{"rendered":"\t\t<div data-elementor-type=\"wp-page\" data-elementor-id=\"52\" class=\"elementor elementor-52\" data-elementor-settings=\"[]\">\n\t\t\t\t\t\t<div class=\"elementor-inner\">\n\t\t\t\t\t\t\t<div class=\"elementor-section-wrap\">\n\t\t\t\t\t\t\t<section class=\"elementor-section elementor-top-section elementor-element elementor-element-7801e785 elementor-section-stretched elementor-section-boxed elementor-section-height-default elementor-section-height-default\" data-id=\"7801e785\" data-element_type=\"section\" data-settings=\"{&quot;stretch_section&quot;:&quot;section-stretched&quot;,&quot;background_background&quot;:&quot;classic&quot;}\">\n\t\t\t\t\t\t<div class=\"elementor-container elementor-column-gap-no\">\n\t\t\t\t\t\t\t<div class=\"elementor-row\">\n\t\t\t\t\t<div class=\"elementor-column elementor-col-100 elementor-top-column elementor-element elementor-element-43690b64\" data-id=\"43690b64\" data-element_type=\"column\">\n\t\t\t<div class=\"elementor-column-wrap elementor-element-populated\">\n\t\t\t\t\t\t\t<div class=\"elementor-widget-wrap\">\n\t\t\t\t\t\t<section class=\"elementor-section elementor-inner-section elementor-element elementor-element-3c992ea4 elementor-section-boxed elementor-section-height-default elementor-section-height-default\" data-id=\"3c992ea4\" data-element_type=\"section\">\n\t\t\t\t\t\t<div class=\"elementor-container elementor-column-gap-default\">\n\t\t\t\t\t\t\t<div class=\"elementor-row\">\n\t\t\t\t\t<div class=\"elementor-column elementor-col-100 elementor-inner-column elementor-element elementor-element-782b24d3\" data-id=\"782b24d3\" data-element_type=\"column\">\n\t\t\t<div class=\"elementor-column-wrap elementor-element-populated\">\n\t\t\t\t\t\t\t<div class=\"elementor-widget-wrap\">\n\t\t\t\t\t\t<div class=\"elementor-element elementor-element-29cf1725 elementor-widget elementor-widget-heading\" data-id=\"29cf1725\" data-element_type=\"widget\" data-widget_type=\"heading.default\">\n\t\t\t\t<div class=\"elementor-widget-container\">\n\t\t\t<h2 class=\"elementor-heading-title elementor-size-default\">Ejes Expansibles y Adaptadores Neum\u00e1ticos<\/h2>\t\t<\/div>\n\t\t\t\t<\/div>\n\t\t\t\t<div class=\"elementor-element elementor-element-13ab1cc6 elementor-widget elementor-widget-text-editor\" data-id=\"13ab1cc6\" data-element_type=\"widget\" data-widget_type=\"text-editor.default\">\n\t\t\t\t<div class=\"elementor-widget-container\">\n\t\t\t\t\t\t\t\t<div class=\"elementor-text-editor elementor-clearfix\">\n\t\t\t\t\t<p>Ofrecemos una amplia gama de ejes neum\u00e1ticos, disponibles en modelos con tiras de expansi\u00f3n o con chavetas, todos fabricados en aluminio o acero. Estos ejes son ideales para desenrollar y rebobinar rollos de cualquier tipo de material y peso. Adem\u00e1s, producimos ejes diferenciales (o de fricci\u00f3n) equipados con rodillos o bolas, garantizando un rebobinado preciso de m\u00faltiples rollos sin da\u00f1ar los n\u00facleos de las bobinas durante el proceso de descarga. Todos nuestros ejes son hechos a medida, conforme a las especificaciones del cliente.<\/p>\n<div>\n<div dir=\"auto\" data-message-author-role=\"assistant\" data-message-id=\"768db38f-20fc-4cad-95fe-124ad76213bc\">\n<p>Tambi\u00e9n, brindamos servicios de reparaci\u00f3n para mantener sus ejes en \u00f3ptimas condiciones y prolongar su vida \u00fatil. Asimismo, disponemos de una amplia gama de repuestos para ejes, garantizando que siempre tenga los componentes necesarios para un mantenimiento eficiente. Entre nuestros repuestos se incluyen c\u00e1maras, tiras (listones) de expansi\u00f3n y v\u00e1lvulas.&nbsp;<\/p>\n<p>Si deseas m\u00e1s informaci\u00f3n, cotizar o resolver dudas, haz clic en nuestro apartado de&nbsp;<a href=\"https:\/\/sercoflex.cl\/sitio\/contacto\/\" target=\"_blank\"><b>Cont\u00e1ctanos&nbsp;<\/b><\/a>y estaremos encantados de ayudarte.<\/p>\n<\/div>\n<\/div>\n<p>Como complemento, disponemos de expansores neum\u00e1ticos que permiten utilizar varios tipos de medidas con un mismo eje.<\/p>\n<p>.<\/p>\t\t\t\t\t<\/div>\n\t\t\t\t\t\t<\/div>\n\t\t\t\t<\/div>\n\t\t\t\t\t\t<\/div>\n\t\t\t\t\t<\/div>\n\t\t<\/div>\n\t\t\t\t\t\t\t\t<\/div>\n\t\t\t\t\t<\/div>\n\t\t<\/section>\n\t\t\t\t<div class=\"elementor-element elementor-element-3c8ef2e0 elementor-grid-3 elementor-grid-tablet-2 elementor-grid-mobile-1 elementor-widget elementor-widget-gyan_services_full_text\" data-id=\"3c8ef2e0\" data-element_type=\"widget\" data-settings=\"{&quot;columns&quot;:&quot;3&quot;,&quot;columns_tablet&quot;:&quot;2&quot;,&quot;columns_mobile&quot;:&quot;1&quot;}\" data-widget_type=\"gyan_services_full_text.default\">\n\t\t\t\t<div class=\"elementor-widget-container\">\n\t\t\t\n\t\t<div class=\"gyan-services-full-container gyan-services-full-container-3c8ef2e0\" data-layout=\"grid\" data-rtl=\"false\">\n\n\t\t\t<div class=\"gyan-services-full-items gyan-elementor-grid\">\n\n\t\t\t\t\n\t\t\t\t\t<div class=\"gyan-service-full-item gyan-grid-item-wrap\">\n\t\t\t\t\t\t<div class=\"gyan-services-full gyan-grid-item gyan-ease-transition\">\n\t\t\t\t\t\t\t<div class=\"gyan-services-full-img\"><img decoding=\"async\" src=\"https:\/\/sercoflex.cl\/sitio\/wp-content\/uploads\/2020\/08\/adaptadores-1-500x344.jpg\" alt=\"\"><\/div><div class=\"gyan-services-full-content\"><div class=\"gyan-services-full-title-desc\"><h6 class=\"gyan-services-full-title\"><a href=\"http:\/\/sercoflex.cl\/sitio\/adaptadores\/\" class=\"gyan-service-full-link\">Adaptadores<\/a><\/h6><div class=\"gyan-services-full-desc\">Los adaptadores S son la soluci\u00f3n ideal para utilizar bobinas con diferentes tama\u00f1os de n\u00facleo sin necesidad de un nuevo eje expansible. Estos acoplamientos de Re S.p.A. son vers\u00e1tiles, est\u00e1n disponibles para di\u00e1metros de 3\" a 12\" y ofrecen una gran flexibilidad para tu producci\u00f3n.<\/div><\/div><a href=\"http:\/\/sercoflex.cl\/sitio\/adaptadores\/\" class=\"gyan-service-full-link gyan-services-full-button gyan-ease-transition gyan-flex\"><span class=\"gyan-services-full-button-text\">Ver M\u00e1s<\/span><span class=\"gyan-services-full-button-arrow\"><\/span><\/a><\/div>\t\t\t\t\t\t<\/div>\n\t\t\t\t\t<\/div>\n\n\t\t\t\t \n\t\t\t\t\t<div class=\"gyan-service-full-item gyan-grid-item-wrap\">\n\t\t\t\t\t\t<div class=\"gyan-services-full gyan-grid-item gyan-ease-transition\">\n\t\t\t\t\t\t\t<div class=\"gyan-services-full-img\"><img decoding=\"async\" src=\"https:\/\/sercoflex.cl\/sitio\/wp-content\/uploads\/2020\/08\/Ejes-diferenciales-1-500x344.jpg\" alt=\"\"><\/div><div class=\"gyan-services-full-content\"><div class=\"gyan-services-full-title-desc\"><h6 class=\"gyan-services-full-title\"><a href=\"http:\/\/sercoflex.cl\/sitio\/ejes-diferenciales\/\" class=\"gyan-service-full-link\">Ejes Diferenciales<\/a><\/h6><div class=\"gyan-services-full-desc\">Los ejes diferenciales de rodillos de fricci\u00f3n son la soluci\u00f3n de Re S.p.A. para el rebobinado de m\u00faltiples rollos, garantizando una tensi\u00f3n uniforme en cada uno de ellos. Sus anillos de fricci\u00f3n evitan el da\u00f1o en los n\u00facleos, permitiendo su reutilizaci\u00f3n y asegurando un rebobinado preciso.<\/div><\/div><a href=\"http:\/\/sercoflex.cl\/sitio\/ejes-diferenciales\/\" class=\"gyan-service-full-link gyan-services-full-button gyan-ease-transition gyan-flex\"><span class=\"gyan-services-full-button-text\">Ver M\u00e1s<\/span><span class=\"gyan-services-full-button-arrow\"><\/span><\/a><\/div>\t\t\t\t\t\t<\/div>\n\t\t\t\t\t<\/div>\n\n\t\t\t\t \n\t\t\t\t\t<div class=\"gyan-service-full-item gyan-grid-item-wrap\">\n\t\t\t\t\t\t<div class=\"gyan-services-full gyan-grid-item gyan-ease-transition\">\n\t\t\t\t\t\t\t<div class=\"gyan-services-full-img\"><img decoding=\"async\" src=\"https:\/\/sercoflex.cl\/sitio\/wp-content\/uploads\/2025\/09\/FOTO-NUEVA-500x344.png\" alt=\"\"><\/div><div class=\"gyan-services-full-content\"><div class=\"gyan-services-full-title-desc\"><h6 class=\"gyan-services-full-title\"><a href=\"http:\/\/sercoflex.cl\/sitio\/eje-expandible\/\" class=\"gyan-service-full-link\">Ejes Expansibles<\/a><\/h6><div class=\"gyan-services-full-desc\">Ofrecemos una amplia gama de ejes expansibles y mandriles de seguridad para un centrado perfecto del carrete. Con opciones de 1\u201d a 6\u201d y fabricados en aluminio o acero, nuestras soluciones incluyen servicios de reparaci\u00f3n y repuestos para un mantenimiento \u00f3ptimo.<\/div><\/div><a href=\"http:\/\/sercoflex.cl\/sitio\/eje-expandible\/\" class=\"gyan-service-full-link gyan-services-full-button gyan-ease-transition gyan-flex\"><span class=\"gyan-services-full-button-text\">Ver M\u00e1s<\/span><span class=\"gyan-services-full-button-arrow\"><\/span><\/a><\/div>\t\t\t\t\t\t<\/div>\n\t\t\t\t\t<\/div>\n\n\t\t\t\t \n\t\t\t <\/div> <!-- gyan-services-full-items -->\n\t\t\t <div class=\"clear\"><\/div>\n\n\t\t<\/div>\n\n\t\t\t<\/div>\n\t\t\t\t<\/div>\n\t\t\t\t<div class=\"elementor-element elementor-element-4b5fe5ca elementor-grid-3 elementor-grid-tablet-2 elementor-grid-mobile-1 elementor-widget elementor-widget-gyan_services_full_text\" data-id=\"4b5fe5ca\" data-element_type=\"widget\" data-settings=\"{&quot;columns&quot;:&quot;3&quot;,&quot;columns_tablet&quot;:&quot;2&quot;,&quot;columns_mobile&quot;:&quot;1&quot;}\" data-widget_type=\"gyan_services_full_text.default\">\n\t\t\t\t<div class=\"elementor-widget-container\">\n\t\t\t\n\t\t<div class=\"gyan-services-full-container gyan-services-full-container-4b5fe5ca\" data-layout=\"grid\" data-rtl=\"false\">\n\n\t\t\t<div class=\"gyan-services-full-items gyan-elementor-grid\">\n\n\t\t\t\t\n\t\t\t\t\t<div class=\"gyan-service-full-item gyan-grid-item-wrap\">\n\t\t\t\t\t\t<div class=\"gyan-services-full gyan-grid-item gyan-ease-transition\">\n\t\t\t\t\t\t\t<div class=\"gyan-services-full-img\"><img decoding=\"async\" src=\"https:\/\/sercoflex.cl\/sitio\/wp-content\/uploads\/2020\/08\/Ejes-neumomec\u2020nicos-1-500x344.jpg\" alt=\"\"><\/div><div class=\"gyan-services-full-content\"><div class=\"gyan-services-full-title-desc\"><h6 class=\"gyan-services-full-title\"><a href=\"http:\/\/sercoflex.cl\/sitio\/eje-neumomecanico\/\" class=\"gyan-service-full-link\">Ejes Neumo\u2020\u00e9cnicos<\/a><\/h6><div class=\"gyan-services-full-desc\">Los ejes de expansi\u00f3n CX de Re S.p.A., con su control neum\u00e1tico-mec\u00e1nico, son la soluci\u00f3n ideal para un centrado de bobinas de alta precisi\u00f3n. Su dise\u00f1o garantiza que materiales sensibles como el aluminio se desenrollen sin tensi\u00f3n, evitando da\u00f1os en el proceso.<\/div><\/div><a href=\"http:\/\/sercoflex.cl\/sitio\/eje-neumomecanico\/\" class=\"gyan-service-full-link gyan-services-full-button gyan-ease-transition gyan-flex\"><span class=\"gyan-services-full-button-text\">Ver M\u00e1s<\/span><span class=\"gyan-services-full-button-arrow\"><\/span><\/a><\/div>\t\t\t\t\t\t<\/div>\n\t\t\t\t\t<\/div>\n\n\t\t\t\t \n\t\t\t <\/div> <!-- gyan-services-full-items -->\n\t\t\t <div class=\"clear\"><\/div>\n\n\t\t<\/div>\n\n\t\t\t<\/div>\n\t\t\t\t<\/div>\n\t\t\t\t\t\t<\/div>\n\t\t\t\t\t<\/div>\n\t\t<\/div>\n\t\t\t\t\t\t\t\t<\/div>\n\t\t\t\t\t<\/div>\n\t\t<\/section>\n\t\t\t\t\t\t<\/div>\n\t\t\t\t\t\t<\/div>\n\t\t\t\t\t<\/div>\n\t\t","protected":false},"excerpt":{"rendered":"<p>Ejes Expansibles y Adaptadores Neum\u00e1ticos Ofrecemos una amplia gama de ejes neum\u00e1ticos, disponibles en modelos con tiras de expansi\u00f3n o con chavetas, todos fabricados en aluminio o acero. Estos ejes son ideales para desenrollar y rebobinar rollos de cualquier tipo de material y peso. Adem\u00e1s, producimos ejes diferenciales (o de [&hellip;]<\/p>\n","protected":false},"author":1,"featured_media":0,"parent":0,"menu_order":0,"comment_status":"closed","ping_status":"closed","template":"","meta":{"footnotes":""},"class_list":["post-52","page","type-page","status-publish","hentry"],"yoast_head":"<!-- This site is optimized with the Yoast SEO plugin v16.5 - https:\/\/yoast.com\/wordpress\/plugins\/seo\/ -->\n<title>Ejes Expansibles y Adaptadores Neum\u00e1ticos - Sercoflex | Re<\/title>\n<meta name=\"robots\" content=\"index, follow, max-snippet:-1, max-image-preview:large, max-video-preview:-1\" \/>\n<link rel=\"canonical\" href=\"https:\/\/sercoflex.cl\/sitio\/ejes-expandibles-y-adaptadores-neumaticos\/\" \/>\n<meta property=\"og:locale\" content=\"es_ES\" \/>\n<meta property=\"og:type\" content=\"article\" \/>\n<meta property=\"og:title\" content=\"Ejes Expansibles y Adaptadores Neum\u00e1ticos - Sercoflex | Re\" \/>\n<meta property=\"og:description\" content=\"Ejes Expansibles y Adaptadores Neum\u00e1ticos Ofrecemos una amplia gama de ejes neum\u00e1ticos, disponibles en modelos con tiras de expansi\u00f3n o con chavetas, todos fabricados en aluminio o acero. Estos ejes son ideales para desenrollar y rebobinar rollos de cualquier tipo de material y peso. Adem\u00e1s, producimos ejes diferenciales (o de [&hellip;]\" \/>\n<meta property=\"og:url\" content=\"https:\/\/sercoflex.cl\/sitio\/ejes-expandibles-y-adaptadores-neumaticos\/\" \/>\n<meta property=\"og:site_name\" content=\"Sercoflex | Re\" \/>\n<meta property=\"article:modified_time\" content=\"2025-09-25T01:53:49+00:00\" \/>\n<meta property=\"og:image\" content=\"https:\/\/sercoflex.cl\/sitio\/wp-content\/uploads\/2020\/08\/adaptadores-1-500x344.jpg\" \/>\n<meta name=\"twitter:card\" content=\"summary_large_image\" \/>\n<meta name=\"twitter:label1\" content=\"Est. reading time\" \/>\n\t<meta name=\"twitter:data1\" content=\"3 minutos\" \/>\n<script type=\"application\/ld+json\" class=\"yoast-schema-graph\">{\"@context\":\"https:\/\/schema.org\",\"@graph\":[{\"@type\":\"Organization\",\"@id\":\"https:\/\/sercoflex.cl\/sitio\/#organization\",\"name\":\"Sercoflex\",\"url\":\"https:\/\/sercoflex.cl\/sitio\/\",\"sameAs\":[\"https:\/\/www.linkedin.com\/in\/comercial-sercoflex-6779211b4\/\"],\"logo\":{\"@type\":\"ImageObject\",\"@id\":\"https:\/\/sercoflex.cl\/sitio\/#logo\",\"inLanguage\":\"es-CL\",\"url\":\"https:\/\/sercoflex.cl\/sitio\/wp-content\/uploads\/2021\/01\/Logo-serco.jpg\",\"contentUrl\":\"https:\/\/sercoflex.cl\/sitio\/wp-content\/uploads\/2021\/01\/Logo-serco.jpg\",\"width\":790,\"height\":945,\"caption\":\"Sercoflex\"},\"image\":{\"@id\":\"https:\/\/sercoflex.cl\/sitio\/#logo\"}},{\"@type\":\"WebSite\",\"@id\":\"https:\/\/sercoflex.cl\/sitio\/#website\",\"url\":\"https:\/\/sercoflex.cl\/sitio\/\",\"name\":\"Sercoflex\",\"description\":\"Empresa dedicada a productos industriales.\",\"publisher\":{\"@id\":\"https:\/\/sercoflex.cl\/sitio\/#organization\"},\"potentialAction\":[{\"@type\":\"SearchAction\",\"target\":\"https:\/\/sercoflex.cl\/sitio\/?s={search_term_string}\",\"query-input\":\"required name=search_term_string\"}],\"inLanguage\":\"es-CL\"},{\"@type\":\"ImageObject\",\"@id\":\"https:\/\/sercoflex.cl\/sitio\/ejes-expandibles-y-adaptadores-neumaticos\/#primaryimage\",\"inLanguage\":\"es-CL\",\"url\":\"https:\/\/sercoflex.cl\/sitio\/wp-content\/uploads\/2020\/08\/adaptadores-1.jpg\",\"contentUrl\":\"https:\/\/sercoflex.cl\/sitio\/wp-content\/uploads\/2020\/08\/adaptadores-1.jpg\",\"width\":900,\"height\":600},{\"@type\":\"WebPage\",\"@id\":\"https:\/\/sercoflex.cl\/sitio\/ejes-expandibles-y-adaptadores-neumaticos\/#webpage\",\"url\":\"https:\/\/sercoflex.cl\/sitio\/ejes-expandibles-y-adaptadores-neumaticos\/\",\"name\":\"Ejes Expansibles y Adaptadores Neum\\u00e1ticos - Sercoflex | Re\",\"isPartOf\":{\"@id\":\"https:\/\/sercoflex.cl\/sitio\/#website\"},\"primaryImageOfPage\":{\"@id\":\"https:\/\/sercoflex.cl\/sitio\/ejes-expandibles-y-adaptadores-neumaticos\/#primaryimage\"},\"datePublished\":\"2020-08-11T16:35:48+00:00\",\"dateModified\":\"2025-09-25T01:53:49+00:00\",\"breadcrumb\":{\"@id\":\"https:\/\/sercoflex.cl\/sitio\/ejes-expandibles-y-adaptadores-neumaticos\/#breadcrumb\"},\"inLanguage\":\"es-CL\",\"potentialAction\":[{\"@type\":\"ReadAction\",\"target\":[\"https:\/\/sercoflex.cl\/sitio\/ejes-expandibles-y-adaptadores-neumaticos\/\"]}]},{\"@type\":\"BreadcrumbList\",\"@id\":\"https:\/\/sercoflex.cl\/sitio\/ejes-expandibles-y-adaptadores-neumaticos\/#breadcrumb\",\"itemListElement\":[{\"@type\":\"ListItem\",\"position\":1,\"name\":\"Portada\",\"item\":\"https:\/\/sercoflex.cl\/sitio\/\"},{\"@type\":\"ListItem\",\"position\":2,\"name\":\"Ejes Expansibles y Adaptadores Neum\\u00e1ticos\"}]}]}<\/script>\n<!-- \/ Yoast SEO plugin. -->","_links":{"self":[{"href":"https:\/\/sercoflex.cl\/sitio\/wp-json\/wp\/v2\/pages\/52","targetHints":{"allow":["GET"]}}],"collection":[{"href":"https:\/\/sercoflex.cl\/sitio\/wp-json\/wp\/v2\/pages"}],"about":[{"href":"https:\/\/sercoflex.cl\/sitio\/wp-json\/wp\/v2\/types\/page"}],"author":[{"embeddable":true,"href":"https:\/\/sercoflex.cl\/sitio\/wp-json\/wp\/v2\/users\/1"}],"replies":[{"embeddable":true,"href":"https:\/\/sercoflex.cl\/sitio\/wp-json\/wp\/v2\/comments?post=52"}],"version-history":[{"count":44,"href":"https:\/\/sercoflex.cl\/sitio\/wp-json\/wp\/v2\/pages\/52\/revisions"}],"predecessor-version":[{"id":3607,"href":"https:\/\/sercoflex.cl\/sitio\/wp-json\/wp\/v2\/pages\/52\/revisions\/3607"}],"wp:attachment":[{"href":"https:\/\/sercoflex.cl\/sitio\/wp-json\/wp\/v2\/media?parent=52"}],"curies":[{"name":"wp","href":"https:\/\/api.w.org\/{rel}","templated":true}]}}