{"id":40,"date":"2020-08-11T13:17:44","date_gmt":"2020-08-11T16:17:44","guid":{"rendered":"http:\/\/sercoflex.cl\/sitio\/?page_id=40"},"modified":"2025-10-10T13:42:33","modified_gmt":"2025-10-10T16:42:33","slug":"controladores-de-tension","status":"publish","type":"page","link":"https:\/\/sercoflex.cl\/sitio\/controladores-de-tension\/","title":{"rendered":"Controladores de Tensi\u00f3n"},"content":{"rendered":"\t\t<div data-elementor-type=\"wp-page\" data-elementor-id=\"40\" class=\"elementor elementor-40\" data-elementor-settings=\"[]\">\n\t\t\t\t\t\t<div class=\"elementor-inner\">\n\t\t\t\t\t\t\t<div class=\"elementor-section-wrap\">\n\t\t\t\t\t\t\t<section class=\"elementor-section elementor-top-section elementor-element elementor-element-194f1a4e elementor-section-stretched elementor-section-boxed elementor-section-height-default elementor-section-height-default\" data-id=\"194f1a4e\" data-element_type=\"section\" data-settings=\"{&quot;stretch_section&quot;:&quot;section-stretched&quot;,&quot;background_background&quot;:&quot;classic&quot;}\">\n\t\t\t\t\t\t<div class=\"elementor-container elementor-column-gap-no\">\n\t\t\t\t\t\t\t<div class=\"elementor-row\">\n\t\t\t\t\t<div class=\"elementor-column elementor-col-100 elementor-top-column elementor-element elementor-element-a769e85\" data-id=\"a769e85\" data-element_type=\"column\">\n\t\t\t<div class=\"elementor-column-wrap elementor-element-populated\">\n\t\t\t\t\t\t\t<div class=\"elementor-widget-wrap\">\n\t\t\t\t\t\t<section class=\"elementor-section elementor-inner-section elementor-element elementor-element-2c2126cc elementor-section-boxed elementor-section-height-default elementor-section-height-default\" data-id=\"2c2126cc\" data-element_type=\"section\">\n\t\t\t\t\t\t<div class=\"elementor-container elementor-column-gap-default\">\n\t\t\t\t\t\t\t<div class=\"elementor-row\">\n\t\t\t\t\t<div class=\"elementor-column elementor-col-100 elementor-inner-column elementor-element elementor-element-29492799\" data-id=\"29492799\" data-element_type=\"column\">\n\t\t\t<div class=\"elementor-column-wrap elementor-element-populated\">\n\t\t\t\t\t\t\t<div class=\"elementor-widget-wrap\">\n\t\t\t\t\t\t<div class=\"elementor-element elementor-element-2aa12c00 elementor-widget elementor-widget-heading\" data-id=\"2aa12c00\" data-element_type=\"widget\" data-widget_type=\"heading.default\">\n\t\t\t\t<div class=\"elementor-widget-container\">\n\t\t\t<h2 class=\"elementor-heading-title elementor-size-default\">Controladores de Tensi\u00f3n<\/h2>\t\t<\/div>\n\t\t\t\t<\/div>\n\t\t\t\t<div class=\"elementor-element elementor-element-7f4c854 elementor-widget elementor-widget-text-editor\" data-id=\"7f4c854\" data-element_type=\"widget\" data-widget_type=\"text-editor.default\">\n\t\t\t\t<div class=\"elementor-widget-container\">\n\t\t\t\t\t\t\t\t<div class=\"elementor-text-editor elementor-clearfix\">\n\t\t\t\t\t<p>Para la regulaci\u00f3n precisa de tensi\u00f3n de papel, pl\u00e1stico y todo tipo de bandas, los controladores de tensi\u00f3n de Re Spa son la soluci\u00f3n ideal. Su versatilidad, confiabilidad y m\u00e1xima eficiencia, junto con una f\u00e1cil calibraci\u00f3n y uso, los han distinguido en el mercado global. Fabricados en Italia, estos equipos de Re Spa destacan por su tama\u00f1a compacto, bajo precio y un rendimiento que se mantiene por a\u00f1os, siendo la elecci\u00f3n de las empresas m\u00e1s importantes del mundo.<\/p><p>Si deseas m\u00e1s informaci\u00f3n, cotizar o resolver dudas, haz clic en nuestro apartado de\u00a0<strong><a href=\"https:\/\/sercoflex.cl\/sitio\/contacto\/\" target=\"_blank\" rel=\"noopener\">Cont\u00e1ctanos<\/a> <\/strong>\u00a0y estaremos encantados de ayudarte.<\/p>\t\t\t\t\t<\/div>\n\t\t\t\t\t\t<\/div>\n\t\t\t\t<\/div>\n\t\t\t\t\t\t<\/div>\n\t\t\t\t\t<\/div>\n\t\t<\/div>\n\t\t\t\t\t\t\t\t<\/div>\n\t\t\t\t\t<\/div>\n\t\t<\/section>\n\t\t\t\t<div class=\"elementor-element elementor-element-29af95f8 elementor-grid-3 elementor-grid-tablet-2 elementor-grid-mobile-1 elementor-widget elementor-widget-gyan_services_full_text\" data-id=\"29af95f8\" data-element_type=\"widget\" data-settings=\"{&quot;columns&quot;:&quot;3&quot;,&quot;columns_tablet&quot;:&quot;2&quot;,&quot;columns_mobile&quot;:&quot;1&quot;}\" data-widget_type=\"gyan_services_full_text.default\">\n\t\t\t\t<div class=\"elementor-widget-container\">\n\t\t\t\n\t\t<div class=\"gyan-services-full-container gyan-services-full-container-29af95f8\" data-layout=\"grid\" data-rtl=\"false\">\n\n\t\t\t<div class=\"gyan-services-full-items gyan-elementor-grid\">\n\n\t\t\t\t\n\t\t\t\t\t<div class=\"gyan-service-full-item gyan-grid-item-wrap\">\n\t\t\t\t\t\t<div class=\"gyan-services-full gyan-grid-item gyan-ease-transition\">\n\t\t\t\t\t\t\t<div class=\"gyan-services-full-img\"><img decoding=\"async\" src=\"https:\/\/sercoflex.cl\/sitio\/wp-content\/uploads\/2025\/10\/Respa-header-T-two-1024x520-1-1-500x344.png\" alt=\"\"><\/div><div class=\"gyan-services-full-content\"><div class=\"gyan-services-full-title-desc\"><h6 class=\"gyan-services-full-title\"><a href=\"http:\/\/sercoflex.cl\/sitio\/t-two\/\" class=\"gyan-service-full-link\">T-TWO<\/a><\/h6><\/div><a href=\"http:\/\/sercoflex.cl\/sitio\/t-two\/\" class=\"gyan-service-full-link gyan-services-full-button gyan-ease-transition gyan-flex\"><span class=\"gyan-services-full-button-text\">Ver M\u00e1s<\/span><span class=\"gyan-services-full-button-arrow\"><\/span><\/a><\/div>\t\t\t\t\t\t<\/div>\n\t\t\t\t\t<\/div>\n\n\t\t\t\t \n\t\t\t\t\t<div class=\"gyan-service-full-item gyan-grid-item-wrap\">\n\t\t\t\t\t\t<div class=\"gyan-services-full gyan-grid-item gyan-ease-transition\">\n\t\t\t\t\t\t\t<div class=\"gyan-services-full-img\"><img decoding=\"async\" src=\"https:\/\/sercoflex.cl\/sitio\/wp-content\/uploads\/2025\/10\/Respa-header-Leo-1024x520-1-1-500x344.png\" alt=\"\"><\/div><div class=\"gyan-services-full-content\"><div class=\"gyan-services-full-title-desc\"><h6 class=\"gyan-services-full-title\"><a href=\"http:\/\/sercoflex.cl\/sitio\/leo\/\" class=\"gyan-service-full-link\">LEO<\/a><\/h6><\/div><a href=\"http:\/\/sercoflex.cl\/sitio\/leo\/\" class=\"gyan-service-full-link gyan-services-full-button gyan-ease-transition gyan-flex\"><span class=\"gyan-services-full-button-text\">Ver M\u00e1s<\/span><span class=\"gyan-services-full-button-arrow\"><\/span><\/a><\/div>\t\t\t\t\t\t<\/div>\n\t\t\t\t\t<\/div>\n\n\t\t\t\t \n\t\t\t\t\t<div class=\"gyan-service-full-item gyan-grid-item-wrap\">\n\t\t\t\t\t\t<div class=\"gyan-services-full gyan-grid-item gyan-ease-transition\">\n\t\t\t\t\t\t\t<div class=\"gyan-services-full-img\"><img decoding=\"async\" src=\"https:\/\/sercoflex.cl\/sitio\/wp-content\/uploads\/2025\/10\/T-one-header-1024x520-1-500x344.png\" alt=\"\"><\/div><div class=\"gyan-services-full-content\"><div class=\"gyan-services-full-title-desc\"><h6 class=\"gyan-services-full-title\"><a href=\"http:\/\/sercoflex.cl\/sitio\/t-one\/\" class=\"gyan-service-full-link\">T-ONE<\/a><\/h6><\/div><a href=\"http:\/\/sercoflex.cl\/sitio\/t-one\/\" class=\"gyan-service-full-link gyan-services-full-button gyan-ease-transition gyan-flex\"><span class=\"gyan-services-full-button-text\">Ver M\u00e1s<\/span><span class=\"gyan-services-full-button-arrow\"><\/span><\/a><\/div>\t\t\t\t\t\t<\/div>\n\t\t\t\t\t<\/div>\n\n\t\t\t\t \n\t\t\t <\/div> <!-- gyan-services-full-items -->\n\t\t\t <div class=\"clear\"><\/div>\n\n\t\t<\/div>\n\n\t\t\t<\/div>\n\t\t\t\t<\/div>\n\t\t\t\t<div class=\"elementor-element elementor-element-2048dece elementor-grid-3 elementor-grid-tablet-2 elementor-grid-mobile-1 elementor-widget elementor-widget-gyan_services_full_text\" data-id=\"2048dece\" data-element_type=\"widget\" data-settings=\"{&quot;columns&quot;:&quot;3&quot;,&quot;columns_tablet&quot;:&quot;2&quot;,&quot;columns_mobile&quot;:&quot;1&quot;}\" data-widget_type=\"gyan_services_full_text.default\">\n\t\t\t\t<div class=\"elementor-widget-container\">\n\t\t\t\n\t\t<div class=\"gyan-services-full-container gyan-services-full-container-2048dece\" data-layout=\"grid\" data-rtl=\"false\">\n\n\t\t\t<div class=\"gyan-services-full-items gyan-elementor-grid\">\n\n\t\t\t\t\n\t\t\t\t\t<div class=\"gyan-service-full-item gyan-grid-item-wrap\">\n\t\t\t\t\t\t<div class=\"gyan-services-full gyan-grid-item gyan-ease-transition\">\n\t\t\t\t\t\t\t<div class=\"gyan-services-full-img\"><img decoding=\"async\" src=\"https:\/\/sercoflex.cl\/sitio\/wp-content\/uploads\/2025\/10\/Respa-header-US3-1024x520-1-500x344.png\" alt=\"\"><\/div><div class=\"gyan-services-full-content\"><div class=\"gyan-services-full-title-desc\"><h6 class=\"gyan-services-full-title\"><a href=\"http:\/\/sercoflex.cl\/sitio\/us-3\/\" class=\"gyan-service-full-link\">US-3<\/a><\/h6><\/div><a href=\"http:\/\/sercoflex.cl\/sitio\/us-3\/\" class=\"gyan-service-full-link gyan-services-full-button gyan-ease-transition gyan-flex\"><span class=\"gyan-services-full-button-text\">Ver M\u00e1s<\/span><span class=\"gyan-services-full-button-arrow\"><\/span><\/a><\/div>\t\t\t\t\t\t<\/div>\n\t\t\t\t\t<\/div>\n\n\t\t\t\t \n\t\t\t\t\t<div class=\"gyan-service-full-item gyan-grid-item-wrap\">\n\t\t\t\t\t\t<div class=\"gyan-services-full gyan-grid-item gyan-ease-transition\">\n\t\t\t\t\t\t\t<div class=\"gyan-services-full-img\"><img decoding=\"async\" src=\"https:\/\/sercoflex.cl\/sitio\/wp-content\/uploads\/2025\/10\/Respa-header-US52-1024x520-1-500x344.png\" alt=\"\"><\/div><div class=\"gyan-services-full-content\"><div class=\"gyan-services-full-title-desc\"><h6 class=\"gyan-services-full-title\"><a href=\"http:\/\/sercoflex.cl\/sitio\/us-52\/\" class=\"gyan-service-full-link\">US-52<\/a><\/h6><\/div><a href=\"http:\/\/sercoflex.cl\/sitio\/us-52\/\" class=\"gyan-service-full-link gyan-services-full-button gyan-ease-transition gyan-flex\"><span class=\"gyan-services-full-button-text\">Ver M\u00e1s<\/span><span class=\"gyan-services-full-button-arrow\"><\/span><\/a><\/div>\t\t\t\t\t\t<\/div>\n\t\t\t\t\t<\/div>\n\n\t\t\t\t \n\t\t\t\t\t<div class=\"gyan-service-full-item gyan-grid-item-wrap\">\n\t\t\t\t\t\t<div class=\"gyan-services-full gyan-grid-item gyan-ease-transition\">\n\t\t\t\t\t\t\t<div class=\"gyan-services-full-img\"><img decoding=\"async\" src=\"https:\/\/sercoflex.cl\/sitio\/wp-content\/uploads\/2020\/08\/Antlia-2-500x344.jpg\" alt=\"\"><\/div><div class=\"gyan-services-full-content\"><div class=\"gyan-services-full-title-desc\"><h6 class=\"gyan-services-full-title\"><a href=\"http:\/\/sercoflex.cl\/sitio\/equipos-auxiliares\/\" class=\"gyan-service-full-link\">Equipos Auxiliares<\/a><\/h6><\/div><a href=\"http:\/\/sercoflex.cl\/sitio\/equipos-auxiliares\/\" class=\"gyan-service-full-link gyan-services-full-button gyan-ease-transition gyan-flex\"><span class=\"gyan-services-full-button-text\">Ver M\u00e1s<\/span><span class=\"gyan-services-full-button-arrow\"><\/span><\/a><\/div>\t\t\t\t\t\t<\/div>\n\t\t\t\t\t<\/div>\n\n\t\t\t\t \n\t\t\t <\/div> <!-- gyan-services-full-items -->\n\t\t\t <div class=\"clear\"><\/div>\n\n\t\t<\/div>\n\n\t\t\t<\/div>\n\t\t\t\t<\/div>\n\t\t\t\t\t\t<\/div>\n\t\t\t\t\t<\/div>\n\t\t<\/div>\n\t\t\t\t\t\t\t\t<\/div>\n\t\t\t\t\t<\/div>\n\t\t<\/section>\n\t\t\t\t\t\t<\/div>\n\t\t\t\t\t\t<\/div>\n\t\t\t\t\t<\/div>\n\t\t","protected":false},"excerpt":{"rendered":"<p>Controladores de Tensi\u00f3n Para la regulaci\u00f3n precisa de tensi\u00f3n de papel, pl\u00e1stico y todo tipo de bandas, los controladores de tensi\u00f3n de Re Spa son la soluci\u00f3n ideal. Su versatilidad, confiabilidad y m\u00e1xima eficiencia, junto con una f\u00e1cil calibraci\u00f3n y uso, los han distinguido en el mercado global. Fabricados en [&hellip;]<\/p>\n","protected":false},"author":1,"featured_media":0,"parent":0,"menu_order":0,"comment_status":"closed","ping_status":"closed","template":"","meta":{"footnotes":""},"class_list":["post-40","page","type-page","status-publish","hentry"],"yoast_head":"<!-- This site is optimized with the Yoast SEO plugin v16.5 - https:\/\/yoast.com\/wordpress\/plugins\/seo\/ -->\n<title>Controladores de Tensi\u00f3n - Sercoflex | Re<\/title>\n<meta name=\"description\" content=\"Controladores de tensi\u00f3n para regulaci\u00f3n de la tensi\u00f3n de papel, pl\u00e1stico y todo tipo de bandas. Versatilidad, confiabilidad y m\u00e1xima eficiencia.\" \/>\n<meta name=\"robots\" content=\"index, follow, max-snippet:-1, max-image-preview:large, max-video-preview:-1\" \/>\n<link rel=\"canonical\" href=\"https:\/\/sercoflex.cl\/sitio\/controladores-de-tension\/\" \/>\n<meta property=\"og:locale\" content=\"es_ES\" \/>\n<meta property=\"og:type\" content=\"article\" \/>\n<meta property=\"og:title\" content=\"Controladores de Tensi\u00f3n - Sercoflex | Re\" \/>\n<meta property=\"og:description\" content=\"Controladores de tensi\u00f3n para regulaci\u00f3n de la tensi\u00f3n de papel, pl\u00e1stico y todo tipo de bandas. Versatilidad, confiabilidad y m\u00e1xima eficiencia.\" \/>\n<meta property=\"og:url\" content=\"https:\/\/sercoflex.cl\/sitio\/controladores-de-tension\/\" \/>\n<meta property=\"og:site_name\" content=\"Sercoflex | Re\" \/>\n<meta property=\"article:modified_time\" content=\"2025-10-10T16:42:33+00:00\" \/>\n<meta property=\"og:image\" content=\"https:\/\/sercoflex.cl\/sitio\/wp-content\/uploads\/2025\/10\/Respa-header-T-two-1024x520-1-1-500x344.png\" \/>\n<meta name=\"twitter:card\" content=\"summary_large_image\" \/>\n<meta name=\"twitter:label1\" content=\"Est. reading time\" \/>\n\t<meta name=\"twitter:data1\" content=\"3 minutos\" \/>\n<script type=\"application\/ld+json\" class=\"yoast-schema-graph\">{\"@context\":\"https:\/\/schema.org\",\"@graph\":[{\"@type\":\"Organization\",\"@id\":\"https:\/\/sercoflex.cl\/sitio\/#organization\",\"name\":\"Sercoflex\",\"url\":\"https:\/\/sercoflex.cl\/sitio\/\",\"sameAs\":[\"https:\/\/www.linkedin.com\/in\/comercial-sercoflex-6779211b4\/\"],\"logo\":{\"@type\":\"ImageObject\",\"@id\":\"https:\/\/sercoflex.cl\/sitio\/#logo\",\"inLanguage\":\"es-CL\",\"url\":\"https:\/\/sercoflex.cl\/sitio\/wp-content\/uploads\/2021\/01\/Logo-serco.jpg\",\"contentUrl\":\"https:\/\/sercoflex.cl\/sitio\/wp-content\/uploads\/2021\/01\/Logo-serco.jpg\",\"width\":790,\"height\":945,\"caption\":\"Sercoflex\"},\"image\":{\"@id\":\"https:\/\/sercoflex.cl\/sitio\/#logo\"}},{\"@type\":\"WebSite\",\"@id\":\"https:\/\/sercoflex.cl\/sitio\/#website\",\"url\":\"https:\/\/sercoflex.cl\/sitio\/\",\"name\":\"Sercoflex\",\"description\":\"Empresa dedicada a productos industriales.\",\"publisher\":{\"@id\":\"https:\/\/sercoflex.cl\/sitio\/#organization\"},\"potentialAction\":[{\"@type\":\"SearchAction\",\"target\":\"https:\/\/sercoflex.cl\/sitio\/?s={search_term_string}\",\"query-input\":\"required name=search_term_string\"}],\"inLanguage\":\"es-CL\"},{\"@type\":\"ImageObject\",\"@id\":\"https:\/\/sercoflex.cl\/sitio\/controladores-de-tension\/#primaryimage\",\"inLanguage\":\"es-CL\",\"url\":\"https:\/\/sercoflex.cl\/sitio\/wp-content\/uploads\/2025\/10\/Respa-header-T-two-1024x520-1-1.png\",\"contentUrl\":\"https:\/\/sercoflex.cl\/sitio\/wp-content\/uploads\/2025\/10\/Respa-header-T-two-1024x520-1-1.png\",\"width\":1024,\"height\":520},{\"@type\":\"WebPage\",\"@id\":\"https:\/\/sercoflex.cl\/sitio\/controladores-de-tension\/#webpage\",\"url\":\"https:\/\/sercoflex.cl\/sitio\/controladores-de-tension\/\",\"name\":\"Controladores de Tensi\\u00f3n - Sercoflex | Re\",\"isPartOf\":{\"@id\":\"https:\/\/sercoflex.cl\/sitio\/#website\"},\"primaryImageOfPage\":{\"@id\":\"https:\/\/sercoflex.cl\/sitio\/controladores-de-tension\/#primaryimage\"},\"datePublished\":\"2020-08-11T16:17:44+00:00\",\"dateModified\":\"2025-10-10T16:42:33+00:00\",\"description\":\"Controladores de tensi\\u00f3n para regulaci\\u00f3n de la tensi\\u00f3n de papel, pl\\u00e1stico y todo tipo de bandas. Versatilidad, confiabilidad y m\\u00e1xima eficiencia.\",\"breadcrumb\":{\"@id\":\"https:\/\/sercoflex.cl\/sitio\/controladores-de-tension\/#breadcrumb\"},\"inLanguage\":\"es-CL\",\"potentialAction\":[{\"@type\":\"ReadAction\",\"target\":[\"https:\/\/sercoflex.cl\/sitio\/controladores-de-tension\/\"]}]},{\"@type\":\"BreadcrumbList\",\"@id\":\"https:\/\/sercoflex.cl\/sitio\/controladores-de-tension\/#breadcrumb\",\"itemListElement\":[{\"@type\":\"ListItem\",\"position\":1,\"name\":\"Portada\",\"item\":\"https:\/\/sercoflex.cl\/sitio\/\"},{\"@type\":\"ListItem\",\"position\":2,\"name\":\"Controladores de Tensi\\u00f3n\"}]}]}<\/script>\n<!-- \/ Yoast SEO plugin. -->","_links":{"self":[{"href":"https:\/\/sercoflex.cl\/sitio\/wp-json\/wp\/v2\/pages\/40","targetHints":{"allow":["GET"]}}],"collection":[{"href":"https:\/\/sercoflex.cl\/sitio\/wp-json\/wp\/v2\/pages"}],"about":[{"href":"https:\/\/sercoflex.cl\/sitio\/wp-json\/wp\/v2\/types\/page"}],"author":[{"embeddable":true,"href":"https:\/\/sercoflex.cl\/sitio\/wp-json\/wp\/v2\/users\/1"}],"replies":[{"embeddable":true,"href":"https:\/\/sercoflex.cl\/sitio\/wp-json\/wp\/v2\/comments?post=40"}],"version-history":[{"count":26,"href":"https:\/\/sercoflex.cl\/sitio\/wp-json\/wp\/v2\/pages\/40\/revisions"}],"predecessor-version":[{"id":3968,"href":"https:\/\/sercoflex.cl\/sitio\/wp-json\/wp\/v2\/pages\/40\/revisions\/3968"}],"wp:attachment":[{"href":"https:\/\/sercoflex.cl\/sitio\/wp-json\/wp\/v2\/media?parent=40"}],"curies":[{"name":"wp","href":"https:\/\/api.w.org\/{rel}","templated":true}]}}