{"id":241,"date":"2020-08-11T18:50:15","date_gmt":"2020-08-11T21:50:15","guid":{"rendered":"http:\/\/sercoflex.cl\/sitio\/?page_id=241"},"modified":"2025-10-06T10:48:08","modified_gmt":"2025-10-06T13:48:08","slug":"tipo-r","status":"publish","type":"page","link":"https:\/\/sercoflex.cl\/sitio\/tipo-r\/","title":{"rendered":"Tipo R"},"content":{"rendered":"\t\t<div data-elementor-type=\"wp-page\" data-elementor-id=\"241\" class=\"elementor elementor-241\" data-elementor-settings=\"[]\">\n\t\t\t\t\t\t<div class=\"elementor-inner\">\n\t\t\t\t\t\t\t<div class=\"elementor-section-wrap\">\n\t\t\t\t\t\t\t<section class=\"elementor-section elementor-top-section elementor-element elementor-element-84aae2c elementor-section-boxed elementor-section-height-default elementor-section-height-default\" data-id=\"84aae2c\" data-element_type=\"section\">\n\t\t\t\t\t\t<div class=\"elementor-container elementor-column-gap-default\">\n\t\t\t\t\t\t\t<div class=\"elementor-row\">\n\t\t\t\t\t<div class=\"elementor-column elementor-col-100 elementor-top-column elementor-element elementor-element-ed1902e\" data-id=\"ed1902e\" data-element_type=\"column\">\n\t\t\t<div class=\"elementor-column-wrap elementor-element-populated\">\n\t\t\t\t\t\t\t<div class=\"elementor-widget-wrap\">\n\t\t\t\t\t\t<div class=\"elementor-element elementor-element-4984a04 elementor-widget elementor-widget-text-editor\" data-id=\"4984a04\" data-element_type=\"widget\" data-widget_type=\"text-editor.default\">\n\t\t\t\t<div class=\"elementor-widget-container\">\n\t\t\t\t\t\t\t\t<div class=\"elementor-text-editor elementor-clearfix\">\n\t\t\t\t\t<h5 style=\"background-color: #ffffff;\">Juntas rotativas &#8211; Tipo R<\/h5><p style=\"font-weight: 400; font-family: Roboto; font-style: normal; font-size: 14px; background-color: #ffffff;\">En Sercoflex, te ofrecemos la serie R de juntas rotativas Re S.p.A., la soluci\u00f3n m\u00e1s utilizada para transferir presi\u00f3n de trabajo a embragues neum\u00e1ticos y ejes de expansi\u00f3n. Dise\u00f1ada para un rendimiento superior a alta velocidad y disponible en tama\u00f1os que van desde 1\/8&#8243; a 1&#8243;, estas juntas giran sobre dos rodamientos de bolas.<\/p>\t\t\t\t\t<\/div>\n\t\t\t\t\t\t<\/div>\n\t\t\t\t<\/div>\n\t\t\t\t\t\t<\/div>\n\t\t\t\t\t<\/div>\n\t\t<\/div>\n\t\t\t\t\t\t\t\t<\/div>\n\t\t\t\t\t<\/div>\n\t\t<\/section>\n\t\t\t\t<section class=\"elementor-section elementor-top-section elementor-element elementor-element-022ffed elementor-section-boxed elementor-section-height-default elementor-section-height-default\" data-id=\"022ffed\" data-element_type=\"section\">\n\t\t\t\t\t\t<div class=\"elementor-container elementor-column-gap-default\">\n\t\t\t\t\t\t\t<div class=\"elementor-row\">\n\t\t\t\t\t<div class=\"elementor-column elementor-col-100 elementor-top-column elementor-element elementor-element-788f7a0\" data-id=\"788f7a0\" data-element_type=\"column\">\n\t\t\t<div class=\"elementor-column-wrap elementor-element-populated\">\n\t\t\t\t\t\t\t<div class=\"elementor-widget-wrap\">\n\t\t\t\t\t\t<div class=\"elementor-element elementor-element-54a6cc5 elementor-arrows-position-inside elementor-pagination-position-outside elementor-widget elementor-widget-image-carousel\" data-id=\"54a6cc5\" data-element_type=\"widget\" data-settings=\"{&quot;navigation&quot;:&quot;both&quot;,&quot;autoplay&quot;:&quot;yes&quot;,&quot;pause_on_hover&quot;:&quot;yes&quot;,&quot;pause_on_interaction&quot;:&quot;yes&quot;,&quot;autoplay_speed&quot;:5000,&quot;infinite&quot;:&quot;yes&quot;,&quot;speed&quot;:500}\" data-widget_type=\"image-carousel.default\">\n\t\t\t\t<div class=\"elementor-widget-container\">\n\t\t\t\t\t<div class=\"elementor-image-carousel-wrapper swiper-container\" dir=\"ltr\">\n\t\t\t<div class=\"elementor-image-carousel swiper-wrapper\">\n\t\t\t\t<div class=\"swiper-slide\"><figure class=\"swiper-slide-inner\"><img decoding=\"async\" class=\"swiper-slide-image\" src=\"https:\/\/sercoflex.cl\/sitio\/wp-content\/uploads\/2025\/10\/juntas-rotativas-R-300x152.png\" alt=\"juntas rotativas R\" \/><\/figure><\/div>\t\t\t<\/div>\n\t\t\t\t\t<\/div>\n\t\t\t\t<\/div>\n\t\t\t\t<\/div>\n\t\t\t\t\t\t<\/div>\n\t\t\t\t\t<\/div>\n\t\t<\/div>\n\t\t\t\t\t\t\t\t<\/div>\n\t\t\t\t\t<\/div>\n\t\t<\/section>\n\t\t\t\t<section class=\"elementor-section elementor-top-section elementor-element elementor-element-16b59844 elementor-section-boxed elementor-section-height-default elementor-section-height-default\" data-id=\"16b59844\" data-element_type=\"section\">\n\t\t\t\t\t\t<div class=\"elementor-container elementor-column-gap-default\">\n\t\t\t\t\t\t\t<div class=\"elementor-row\">\n\t\t\t\t\t<div class=\"elementor-column elementor-col-100 elementor-top-column elementor-element elementor-element-7896a117\" data-id=\"7896a117\" data-element_type=\"column\">\n\t\t\t<div class=\"elementor-column-wrap elementor-element-populated\">\n\t\t\t\t\t\t\t<div class=\"elementor-widget-wrap\">\n\t\t\t\t\t\t<div class=\"elementor-element elementor-element-57d5850 elementor-widget elementor-widget-text-editor\" data-id=\"57d5850\" data-element_type=\"widget\" data-widget_type=\"text-editor.default\">\n\t\t\t\t<div class=\"elementor-widget-container\">\n\t\t\t\t\t\t\t\t<div class=\"elementor-text-editor elementor-clearfix\">\n\t\t\t\t\t<h5>\u00a0<\/h5><h5>Datos T\u00e9cnicos<\/h5><table width=\"750\"><thead><tr><td>\u00a0<\/td><td><strong>R 012<\/strong><\/td><td><strong>R 025<\/strong><\/td><td><strong>R 037<\/strong><\/td><td><strong>R 050<\/strong><\/td><td><strong>R 075<\/strong><\/td><td><strong>R100<\/strong><\/td><\/tr><\/thead><tbody><tr><td><strong>Tama\u00f1o<\/strong><\/td><td>1\/8&#8243;<\/td><td>1\/4&#8243;<\/td><td>3\/8&#8243;<\/td><td>1\/2&#8243;<\/td><td>3\/4&#8243;<\/td><td>1&#8243;<\/td><\/tr><tr><td><strong>Presi\u00f3n m\u00e1x aire (bar)<\/strong><\/td><td>10,5<\/td><td>10,5<\/td><td>10,5<\/td><td>10,5<\/td><td>10,5<\/td><td>10,5<\/td><\/tr><tr><td><strong>Presi\u00f3n m\u00e1xima vac\u00edo(mm\/Hg)<\/strong><\/td><td>700<\/td><td>700<\/td><td>700<\/td><td>700<\/td><td>700<\/td><td>700<\/td><\/tr><tr><td><strong>Velocidad m\u00e1xima (rpm)<\/strong><\/td><td>3000<\/td><td>2500<\/td><td>2000<\/td><td>1500<\/td><td>1000<\/td><td>500<\/td><\/tr><tr><td><strong>Temperatura m\u00e1xima de trabajo<\/strong><\/td><td>80\u00b0C<\/td><td>80\u00b0C<\/td><td>80\u00b0C<\/td><td>80\u00b0C<\/td><td>80\u00b0C<\/td><td>80\u00b0C<\/td><\/tr><\/tbody><\/table><p>\u00a0<\/p>\t\t\t\t\t<\/div>\n\t\t\t\t\t\t<\/div>\n\t\t\t\t<\/div>\n\t\t\t\t\t\t<\/div>\n\t\t\t\t\t<\/div>\n\t\t<\/div>\n\t\t\t\t\t\t\t\t<\/div>\n\t\t\t\t\t<\/div>\n\t\t<\/section>\n\t\t\t\t\t\t<\/div>\n\t\t\t\t\t\t<\/div>\n\t\t\t\t\t<\/div>\n\t\t","protected":false},"excerpt":{"rendered":"<p>Juntas rotativas &#8211; Tipo R En Sercoflex, te ofrecemos la serie R de juntas rotativas Re S.p.A., la soluci\u00f3n m\u00e1s utilizada para transferir presi\u00f3n de trabajo a embragues neum\u00e1ticos y ejes de expansi\u00f3n. Dise\u00f1ada para un rendimiento superior a alta velocidad y disponible en tama\u00f1os que van desde 1\/8&#8243; a [&hellip;]<\/p>\n","protected":false},"author":1,"featured_media":0,"parent":0,"menu_order":0,"comment_status":"closed","ping_status":"closed","template":"","meta":{"footnotes":""},"class_list":["post-241","page","type-page","status-publish","hentry"],"yoast_head":"<!-- This site is optimized with the Yoast SEO plugin v16.5 - https:\/\/yoast.com\/wordpress\/plugins\/seo\/ -->\n<title>Tipo R - Sercoflex | Re<\/title>\n<meta name=\"robots\" content=\"index, follow, max-snippet:-1, max-image-preview:large, max-video-preview:-1\" \/>\n<link rel=\"canonical\" href=\"https:\/\/sercoflex.cl\/sitio\/tipo-r\/\" \/>\n<meta property=\"og:locale\" content=\"es_ES\" \/>\n<meta property=\"og:type\" content=\"article\" \/>\n<meta property=\"og:title\" content=\"Tipo R - Sercoflex | Re\" \/>\n<meta property=\"og:description\" content=\"Juntas rotativas &#8211; Tipo R En Sercoflex, te ofrecemos la serie R de juntas rotativas Re S.p.A., la soluci\u00f3n m\u00e1s utilizada para transferir presi\u00f3n de trabajo a embragues neum\u00e1ticos y ejes de expansi\u00f3n. Dise\u00f1ada para un rendimiento superior a alta velocidad y disponible en tama\u00f1os que van desde 1\/8&#8243; a [&hellip;]\" \/>\n<meta property=\"og:url\" content=\"https:\/\/sercoflex.cl\/sitio\/tipo-r\/\" \/>\n<meta property=\"og:site_name\" content=\"Sercoflex | Re\" \/>\n<meta property=\"article:modified_time\" content=\"2025-10-06T13:48:08+00:00\" \/>\n<meta property=\"og:image\" content=\"https:\/\/sercoflex.cl\/sitio\/wp-content\/uploads\/2025\/10\/juntas-rotativas-R-300x152.png\" \/>\n<meta name=\"twitter:card\" content=\"summary_large_image\" \/>\n<meta name=\"twitter:label1\" content=\"Est. reading time\" \/>\n\t<meta name=\"twitter:data1\" content=\"1 minuto\" \/>\n<script type=\"application\/ld+json\" class=\"yoast-schema-graph\">{\"@context\":\"https:\/\/schema.org\",\"@graph\":[{\"@type\":\"Organization\",\"@id\":\"https:\/\/sercoflex.cl\/sitio\/#organization\",\"name\":\"Sercoflex\",\"url\":\"https:\/\/sercoflex.cl\/sitio\/\",\"sameAs\":[\"https:\/\/www.linkedin.com\/in\/comercial-sercoflex-6779211b4\/\"],\"logo\":{\"@type\":\"ImageObject\",\"@id\":\"https:\/\/sercoflex.cl\/sitio\/#logo\",\"inLanguage\":\"es-CL\",\"url\":\"https:\/\/sercoflex.cl\/sitio\/wp-content\/uploads\/2021\/01\/Logo-serco.jpg\",\"contentUrl\":\"https:\/\/sercoflex.cl\/sitio\/wp-content\/uploads\/2021\/01\/Logo-serco.jpg\",\"width\":790,\"height\":945,\"caption\":\"Sercoflex\"},\"image\":{\"@id\":\"https:\/\/sercoflex.cl\/sitio\/#logo\"}},{\"@type\":\"WebSite\",\"@id\":\"https:\/\/sercoflex.cl\/sitio\/#website\",\"url\":\"https:\/\/sercoflex.cl\/sitio\/\",\"name\":\"Sercoflex\",\"description\":\"Empresa dedicada a productos industriales.\",\"publisher\":{\"@id\":\"https:\/\/sercoflex.cl\/sitio\/#organization\"},\"potentialAction\":[{\"@type\":\"SearchAction\",\"target\":\"https:\/\/sercoflex.cl\/sitio\/?s={search_term_string}\",\"query-input\":\"required name=search_term_string\"}],\"inLanguage\":\"es-CL\"},{\"@type\":\"ImageObject\",\"@id\":\"https:\/\/sercoflex.cl\/sitio\/tipo-r\/#primaryimage\",\"inLanguage\":\"es-CL\",\"url\":\"https:\/\/sercoflex.cl\/sitio\/wp-content\/uploads\/2025\/10\/juntas-rotativas-R.png\",\"contentUrl\":\"https:\/\/sercoflex.cl\/sitio\/wp-content\/uploads\/2025\/10\/juntas-rotativas-R.png\",\"width\":1024,\"height\":520},{\"@type\":\"WebPage\",\"@id\":\"https:\/\/sercoflex.cl\/sitio\/tipo-r\/#webpage\",\"url\":\"https:\/\/sercoflex.cl\/sitio\/tipo-r\/\",\"name\":\"Tipo R - Sercoflex | Re\",\"isPartOf\":{\"@id\":\"https:\/\/sercoflex.cl\/sitio\/#website\"},\"primaryImageOfPage\":{\"@id\":\"https:\/\/sercoflex.cl\/sitio\/tipo-r\/#primaryimage\"},\"datePublished\":\"2020-08-11T21:50:15+00:00\",\"dateModified\":\"2025-10-06T13:48:08+00:00\",\"breadcrumb\":{\"@id\":\"https:\/\/sercoflex.cl\/sitio\/tipo-r\/#breadcrumb\"},\"inLanguage\":\"es-CL\",\"potentialAction\":[{\"@type\":\"ReadAction\",\"target\":[\"https:\/\/sercoflex.cl\/sitio\/tipo-r\/\"]}]},{\"@type\":\"BreadcrumbList\",\"@id\":\"https:\/\/sercoflex.cl\/sitio\/tipo-r\/#breadcrumb\",\"itemListElement\":[{\"@type\":\"ListItem\",\"position\":1,\"name\":\"Portada\",\"item\":\"https:\/\/sercoflex.cl\/sitio\/\"},{\"@type\":\"ListItem\",\"position\":2,\"name\":\"Tipo R\"}]}]}<\/script>\n<!-- \/ Yoast SEO plugin. -->","_links":{"self":[{"href":"https:\/\/sercoflex.cl\/sitio\/wp-json\/wp\/v2\/pages\/241","targetHints":{"allow":["GET"]}}],"collection":[{"href":"https:\/\/sercoflex.cl\/sitio\/wp-json\/wp\/v2\/pages"}],"about":[{"href":"https:\/\/sercoflex.cl\/sitio\/wp-json\/wp\/v2\/types\/page"}],"author":[{"embeddable":true,"href":"https:\/\/sercoflex.cl\/sitio\/wp-json\/wp\/v2\/users\/1"}],"replies":[{"embeddable":true,"href":"https:\/\/sercoflex.cl\/sitio\/wp-json\/wp\/v2\/comments?post=241"}],"version-history":[{"count":12,"href":"https:\/\/sercoflex.cl\/sitio\/wp-json\/wp\/v2\/pages\/241\/revisions"}],"predecessor-version":[{"id":3761,"href":"https:\/\/sercoflex.cl\/sitio\/wp-json\/wp\/v2\/pages\/241\/revisions\/3761"}],"wp:attachment":[{"href":"https:\/\/sercoflex.cl\/sitio\/wp-json\/wp\/v2\/media?parent=241"}],"curies":[{"name":"wp","href":"https:\/\/api.w.org\/{rel}","templated":true}]}}