{"id":231,"date":"2020-08-11T18:46:24","date_gmt":"2020-08-11T21:46:24","guid":{"rendered":"http:\/\/sercoflex.cl\/sitio\/?page_id=231"},"modified":"2025-10-06T11:54:24","modified_gmt":"2025-10-06T14:54:24","slug":"rotospring","status":"publish","type":"page","link":"https:\/\/sercoflex.cl\/sitio\/rotospring\/","title":{"rendered":"RotoSpring"},"content":{"rendered":"\t\t<div data-elementor-type=\"wp-page\" data-elementor-id=\"231\" class=\"elementor elementor-231\" data-elementor-settings=\"[]\">\n\t\t\t\t\t\t<div class=\"elementor-inner\">\n\t\t\t\t\t\t\t<div class=\"elementor-section-wrap\">\n\t\t\t\t\t\t\t<section class=\"elementor-section elementor-top-section elementor-element elementor-element-420994b elementor-section-boxed elementor-section-height-default elementor-section-height-default\" data-id=\"420994b\" data-element_type=\"section\">\n\t\t\t\t\t\t<div class=\"elementor-container elementor-column-gap-default\">\n\t\t\t\t\t\t\t<div class=\"elementor-row\">\n\t\t\t\t\t<div class=\"elementor-column elementor-col-100 elementor-top-column elementor-element elementor-element-d921ff3\" data-id=\"d921ff3\" data-element_type=\"column\">\n\t\t\t<div class=\"elementor-column-wrap elementor-element-populated\">\n\t\t\t\t\t\t\t<div class=\"elementor-widget-wrap\">\n\t\t\t\t\t\t<div class=\"elementor-element elementor-element-88c6938 elementor-widget elementor-widget-text-editor\" data-id=\"88c6938\" data-element_type=\"widget\" data-widget_type=\"text-editor.default\">\n\t\t\t\t<div class=\"elementor-widget-container\">\n\t\t\t\t\t\t\t\t<div class=\"elementor-text-editor elementor-clearfix\">\n\t\t\t\t\t<h5>Chuck Expandible Mec\u00e1nico &#8211; Rotospring<\/h5><p>El mandril RotoSpring, de Re S.p.A., fue dise\u00f1ado para hacer frente a los problemas m\u00e1s comunes de los operadores:<\/p><ul><li>Toneladas de desperdicio de papel causado por un agarre incorrecto de los n\u00facleos de las bobinas y por un desarrollado incompleto de los rollos de papel.<\/li><li>La expulsi\u00f3n dif\u00edcil de los n\u00facleos de carrete, especialmente si est\u00e1n da\u00f1ados con el consiguiente bajo nivel de seguridad para el operador que tiene que operar manualmente para desbloquearlos.<\/li><li>Alto costo y tiempo de instalaci\u00f3n de los sistemas de expulsi\u00f3n existentes que habitualmente requieren modificar mec\u00e1nica y neum\u00e1ticamente el rollo.<\/li><\/ul><p>Este nuevo mandril combina la calidad y tecnolog\u00eda del mandril Rotogrip, activado por torque, con un sistema patentado de resorte para la expulsi\u00f3n autom\u00e1tica y segura de los rollos.<\/p><p>El mandril Rotogrip resuelve el problema de agarre y centrado del n\u00facleo del carrete, as\u00ed como la transmisi\u00f3n del par de frenado, lo que ayuda a solucionar los problemas de desperdicio de papel. Por su parte, el sistema de resorte garantiza la expulsi\u00f3n autom\u00e1tica de cualquier tipo de n\u00facleo del carrete con total seguridad para los operadores, ya que no tienen que usar palancas u otras herramientas para desbloquearlos. Adem\u00e1s, el mandril RotoSpring se puede instalar en un soporte de rodillos nuevo o existente en menos de diez minutos, sin requerir ninguna intervenci\u00f3n mec\u00e1nica o neum\u00e1tica en la m\u00e1quina. Esto brinda al cliente grandes ventajas en t\u00e9rminos de costos y tiempo.<\/p>\t\t\t\t\t<\/div>\n\t\t\t\t\t\t<\/div>\n\t\t\t\t<\/div>\n\t\t\t\t\t\t<\/div>\n\t\t\t\t\t<\/div>\n\t\t<\/div>\n\t\t\t\t\t\t\t\t<\/div>\n\t\t\t\t\t<\/div>\n\t\t<\/section>\n\t\t\t\t<section class=\"elementor-section elementor-top-section elementor-element elementor-element-30e0998 elementor-section-boxed elementor-section-height-default elementor-section-height-default\" data-id=\"30e0998\" data-element_type=\"section\">\n\t\t\t\t\t\t<div class=\"elementor-container elementor-column-gap-default\">\n\t\t\t\t\t\t\t<div class=\"elementor-row\">\n\t\t\t\t\t<div class=\"elementor-column elementor-col-100 elementor-top-column elementor-element elementor-element-4118672\" data-id=\"4118672\" data-element_type=\"column\">\n\t\t\t<div class=\"elementor-column-wrap elementor-element-populated\">\n\t\t\t\t\t\t\t<div class=\"elementor-widget-wrap\">\n\t\t\t\t\t\t<div class=\"elementor-element elementor-element-e8db693 elementor-arrows-position-inside elementor-pagination-position-outside elementor-widget elementor-widget-image-carousel\" data-id=\"e8db693\" data-element_type=\"widget\" data-settings=\"{&quot;navigation&quot;:&quot;both&quot;,&quot;autoplay&quot;:&quot;yes&quot;,&quot;pause_on_hover&quot;:&quot;yes&quot;,&quot;pause_on_interaction&quot;:&quot;yes&quot;,&quot;autoplay_speed&quot;:5000,&quot;infinite&quot;:&quot;yes&quot;,&quot;speed&quot;:500}\" data-widget_type=\"image-carousel.default\">\n\t\t\t\t<div class=\"elementor-widget-container\">\n\t\t\t\t\t<div class=\"elementor-image-carousel-wrapper swiper-container\" dir=\"ltr\">\n\t\t\t<div class=\"elementor-image-carousel swiper-wrapper\">\n\t\t\t\t<div class=\"swiper-slide\"><figure class=\"swiper-slide-inner\"><img decoding=\"async\" class=\"swiper-slide-image\" src=\"https:\/\/sercoflex.cl\/sitio\/wp-content\/uploads\/2025\/10\/Rotospring-header-1024x520-1-150x150.png\" alt=\"Rotospring-header-1024x520\" \/><\/figure><\/div>\t\t\t<\/div>\n\t\t\t\t\t<\/div>\n\t\t\t\t<\/div>\n\t\t\t\t<\/div>\n\t\t\t\t\t\t<\/div>\n\t\t\t\t\t<\/div>\n\t\t<\/div>\n\t\t\t\t\t\t\t\t<\/div>\n\t\t\t\t\t<\/div>\n\t\t<\/section>\n\t\t\t\t<section class=\"elementor-section elementor-top-section elementor-element elementor-element-1e4019ac elementor-section-boxed elementor-section-height-default elementor-section-height-default\" data-id=\"1e4019ac\" data-element_type=\"section\">\n\t\t\t\t\t\t<div class=\"elementor-container elementor-column-gap-default\">\n\t\t\t\t\t\t\t<div class=\"elementor-row\">\n\t\t\t\t\t<div class=\"elementor-column elementor-col-100 elementor-top-column elementor-element elementor-element-2c429e83\" data-id=\"2c429e83\" data-element_type=\"column\">\n\t\t\t<div class=\"elementor-column-wrap elementor-element-populated\">\n\t\t\t\t\t\t\t<div class=\"elementor-widget-wrap\">\n\t\t\t\t\t\t<div class=\"elementor-element elementor-element-28b04167 elementor-widget elementor-widget-text-editor\" data-id=\"28b04167\" data-element_type=\"widget\" data-widget_type=\"text-editor.default\">\n\t\t\t\t<div class=\"elementor-widget-container\">\n\t\t\t\t\t\t\t\t<div class=\"elementor-text-editor elementor-clearfix\">\n\t\t\t\t\t<h5><br><\/h5>\n<h5>Datos T\u00e9cnicos<\/h5>\n<table width=\"750\">\n<tbody>\n<tr>\n<td><strong>Di\u00e1metro interior core<\/strong><\/td>\n<td>3&#8243;S<\/td>\n<td>\u00d8100<\/td>\n<td>4&#8243;S<\/td>\n<td>5&#8243;S<\/td>\n<td>6&#8243;S<\/td>\n<td>12&#8243;S<\/td>\n<\/tr>\n<\/tbody>\n<tbody>\n<tr>\n<td><strong>Expansi\u00f3n m\u00e1xima (mm)<\/strong><\/td>\n<td>85,5<\/td>\n<td>109<\/td>\n<td>110<\/td>\n<td>137<\/td>\n<td>161<\/td>\n<td>313<\/td>\n<\/tr>\n<tr>\n<td><strong>Carga m\u00e1xima (N)<\/strong><\/td>\n<td>18000<\/td>\n<td>45000<\/td>\n<td>45000<\/td>\n<td>45000<\/td>\n<td>110000<\/td>\n<td>110000<\/td>\n<\/tr>\n<tr>\n<td><strong>Torque transmisible (Nm)<\/strong><\/td>\n<td>1500<\/td>\n<td>2500<\/td>\n<td>2500<\/td>\n<td>2500<\/td>\n<td>5000<\/td>\n<td>16000<\/td>\n<\/tr>\n<tr>\n<td><strong>Fuerza (N)<\/strong><\/td>\n<td>min 4000<br>max 8000<\/td>\n<td>min 4000<br>max 8000<\/td>\n<td>min 4000<br>max 8000<\/td>\n<td>min 4000<br>max 8000<\/td>\n<td>min 8000<\/td>\n<td>min 8000<\/td>\n<\/tr>\n<\/tbody>\n<\/table>\n<p>*Todos los valores considerados para di\u00e1metro single.<\/p>\t\t\t\t\t<\/div>\n\t\t\t\t\t\t<\/div>\n\t\t\t\t<\/div>\n\t\t\t\t\t\t<\/div>\n\t\t\t\t\t<\/div>\n\t\t<\/div>\n\t\t\t\t\t\t\t\t<\/div>\n\t\t\t\t\t<\/div>\n\t\t<\/section>\n\t\t\t\t\t\t<\/div>\n\t\t\t\t\t\t<\/div>\n\t\t\t\t\t<\/div>\n\t\t","protected":false},"excerpt":{"rendered":"<p>Chuck Expandible Mec\u00e1nico &#8211; Rotospring El mandril RotoSpring, de Re S.p.A., fue dise\u00f1ado para hacer frente a los problemas m\u00e1s comunes de los operadores: Toneladas de desperdicio de papel causado por un agarre incorrecto de los n\u00facleos de las bobinas y por un desarrollado incompleto de los rollos de papel. [&hellip;]<\/p>\n","protected":false},"author":1,"featured_media":0,"parent":0,"menu_order":0,"comment_status":"closed","ping_status":"closed","template":"","meta":{"footnotes":""},"class_list":["post-231","page","type-page","status-publish","hentry"],"yoast_head":"<!-- This site is optimized with the Yoast SEO plugin v16.5 - https:\/\/yoast.com\/wordpress\/plugins\/seo\/ -->\n<title>RotoSpring - Sercoflex | Re<\/title>\n<meta name=\"robots\" content=\"index, follow, max-snippet:-1, max-image-preview:large, max-video-preview:-1\" \/>\n<link rel=\"canonical\" href=\"https:\/\/sercoflex.cl\/sitio\/rotospring\/\" \/>\n<meta property=\"og:locale\" content=\"es_ES\" \/>\n<meta property=\"og:type\" content=\"article\" \/>\n<meta property=\"og:title\" content=\"RotoSpring - Sercoflex | Re\" \/>\n<meta property=\"og:description\" content=\"Chuck Expandible Mec\u00e1nico &#8211; Rotospring El mandril RotoSpring, de Re S.p.A., fue dise\u00f1ado para hacer frente a los problemas m\u00e1s comunes de los operadores: Toneladas de desperdicio de papel causado por un agarre incorrecto de los n\u00facleos de las bobinas y por un desarrollado incompleto de los rollos de papel. [&hellip;]\" \/>\n<meta property=\"og:url\" content=\"https:\/\/sercoflex.cl\/sitio\/rotospring\/\" \/>\n<meta property=\"og:site_name\" content=\"Sercoflex | Re\" \/>\n<meta property=\"article:modified_time\" content=\"2025-10-06T14:54:24+00:00\" \/>\n<meta property=\"og:image\" content=\"https:\/\/sercoflex.cl\/sitio\/wp-content\/uploads\/2025\/10\/Rotospring-header-1024x520-1-150x150.png\" \/>\n<meta name=\"twitter:card\" content=\"summary_large_image\" \/>\n<meta name=\"twitter:label1\" content=\"Est. reading time\" \/>\n\t<meta name=\"twitter:data1\" content=\"2 minutos\" \/>\n<script type=\"application\/ld+json\" class=\"yoast-schema-graph\">{\"@context\":\"https:\/\/schema.org\",\"@graph\":[{\"@type\":\"Organization\",\"@id\":\"https:\/\/sercoflex.cl\/sitio\/#organization\",\"name\":\"Sercoflex\",\"url\":\"https:\/\/sercoflex.cl\/sitio\/\",\"sameAs\":[\"https:\/\/www.linkedin.com\/in\/comercial-sercoflex-6779211b4\/\"],\"logo\":{\"@type\":\"ImageObject\",\"@id\":\"https:\/\/sercoflex.cl\/sitio\/#logo\",\"inLanguage\":\"es-CL\",\"url\":\"https:\/\/sercoflex.cl\/sitio\/wp-content\/uploads\/2021\/01\/Logo-serco.jpg\",\"contentUrl\":\"https:\/\/sercoflex.cl\/sitio\/wp-content\/uploads\/2021\/01\/Logo-serco.jpg\",\"width\":790,\"height\":945,\"caption\":\"Sercoflex\"},\"image\":{\"@id\":\"https:\/\/sercoflex.cl\/sitio\/#logo\"}},{\"@type\":\"WebSite\",\"@id\":\"https:\/\/sercoflex.cl\/sitio\/#website\",\"url\":\"https:\/\/sercoflex.cl\/sitio\/\",\"name\":\"Sercoflex\",\"description\":\"Empresa dedicada a productos industriales.\",\"publisher\":{\"@id\":\"https:\/\/sercoflex.cl\/sitio\/#organization\"},\"potentialAction\":[{\"@type\":\"SearchAction\",\"target\":\"https:\/\/sercoflex.cl\/sitio\/?s={search_term_string}\",\"query-input\":\"required name=search_term_string\"}],\"inLanguage\":\"es-CL\"},{\"@type\":\"ImageObject\",\"@id\":\"https:\/\/sercoflex.cl\/sitio\/rotospring\/#primaryimage\",\"inLanguage\":\"es-CL\",\"url\":\"https:\/\/sercoflex.cl\/sitio\/wp-content\/uploads\/2025\/10\/Rotospring-header-1024x520-1.png\",\"contentUrl\":\"https:\/\/sercoflex.cl\/sitio\/wp-content\/uploads\/2025\/10\/Rotospring-header-1024x520-1.png\",\"width\":1024,\"height\":520},{\"@type\":\"WebPage\",\"@id\":\"https:\/\/sercoflex.cl\/sitio\/rotospring\/#webpage\",\"url\":\"https:\/\/sercoflex.cl\/sitio\/rotospring\/\",\"name\":\"RotoSpring - Sercoflex | Re\",\"isPartOf\":{\"@id\":\"https:\/\/sercoflex.cl\/sitio\/#website\"},\"primaryImageOfPage\":{\"@id\":\"https:\/\/sercoflex.cl\/sitio\/rotospring\/#primaryimage\"},\"datePublished\":\"2020-08-11T21:46:24+00:00\",\"dateModified\":\"2025-10-06T14:54:24+00:00\",\"breadcrumb\":{\"@id\":\"https:\/\/sercoflex.cl\/sitio\/rotospring\/#breadcrumb\"},\"inLanguage\":\"es-CL\",\"potentialAction\":[{\"@type\":\"ReadAction\",\"target\":[\"https:\/\/sercoflex.cl\/sitio\/rotospring\/\"]}]},{\"@type\":\"BreadcrumbList\",\"@id\":\"https:\/\/sercoflex.cl\/sitio\/rotospring\/#breadcrumb\",\"itemListElement\":[{\"@type\":\"ListItem\",\"position\":1,\"name\":\"Portada\",\"item\":\"https:\/\/sercoflex.cl\/sitio\/\"},{\"@type\":\"ListItem\",\"position\":2,\"name\":\"RotoSpring\"}]}]}<\/script>\n<!-- \/ Yoast SEO plugin. -->","_links":{"self":[{"href":"https:\/\/sercoflex.cl\/sitio\/wp-json\/wp\/v2\/pages\/231","targetHints":{"allow":["GET"]}}],"collection":[{"href":"https:\/\/sercoflex.cl\/sitio\/wp-json\/wp\/v2\/pages"}],"about":[{"href":"https:\/\/sercoflex.cl\/sitio\/wp-json\/wp\/v2\/types\/page"}],"author":[{"embeddable":true,"href":"https:\/\/sercoflex.cl\/sitio\/wp-json\/wp\/v2\/users\/1"}],"replies":[{"embeddable":true,"href":"https:\/\/sercoflex.cl\/sitio\/wp-json\/wp\/v2\/comments?post=231"}],"version-history":[{"count":16,"href":"https:\/\/sercoflex.cl\/sitio\/wp-json\/wp\/v2\/pages\/231\/revisions"}],"predecessor-version":[{"id":3775,"href":"https:\/\/sercoflex.cl\/sitio\/wp-json\/wp\/v2\/pages\/231\/revisions\/3775"}],"wp:attachment":[{"href":"https:\/\/sercoflex.cl\/sitio\/wp-json\/wp\/v2\/media?parent=231"}],"curies":[{"name":"wp","href":"https:\/\/api.w.org\/{rel}","templated":true}]}}