{"id":210,"date":"2020-08-11T18:40:13","date_gmt":"2020-08-11T21:40:13","guid":{"rendered":"http:\/\/sercoflex.cl\/sitio\/?page_id=210"},"modified":"2025-10-10T14:23:08","modified_gmt":"2025-10-10T17:23:08","slug":"ejes-diferenciales","status":"publish","type":"page","link":"https:\/\/sercoflex.cl\/sitio\/ejes-diferenciales\/","title":{"rendered":"Ejes Diferenciales"},"content":{"rendered":"\t\t<div data-elementor-type=\"wp-page\" data-elementor-id=\"210\" class=\"elementor elementor-210\" data-elementor-settings=\"[]\">\n\t\t\t\t\t\t<div class=\"elementor-inner\">\n\t\t\t\t\t\t\t<div class=\"elementor-section-wrap\">\n\t\t\t\t\t\t\t<section class=\"elementor-section elementor-top-section elementor-element elementor-element-405050a8 elementor-section-stretched elementor-section-boxed elementor-section-height-default elementor-section-height-default\" data-id=\"405050a8\" data-element_type=\"section\" data-settings=\"{&quot;stretch_section&quot;:&quot;section-stretched&quot;}\">\n\t\t\t\t\t\t<div class=\"elementor-container elementor-column-gap-default\">\n\t\t\t\t\t\t\t<div class=\"elementor-row\">\n\t\t\t\t\t<div class=\"elementor-column elementor-col-100 elementor-top-column elementor-element elementor-element-213e7c80\" data-id=\"213e7c80\" data-element_type=\"column\">\n\t\t\t<div class=\"elementor-column-wrap elementor-element-populated\">\n\t\t\t\t\t\t\t<div class=\"elementor-widget-wrap\">\n\t\t\t\t\t\t<section class=\"elementor-section elementor-inner-section elementor-element elementor-element-23eeb025 elementor-section-boxed elementor-section-height-default elementor-section-height-default\" data-id=\"23eeb025\" data-element_type=\"section\">\n\t\t\t\t\t\t<div class=\"elementor-container elementor-column-gap-default\">\n\t\t\t\t\t\t\t<div class=\"elementor-row\">\n\t\t\t\t\t<div class=\"elementor-column elementor-col-100 elementor-inner-column elementor-element elementor-element-6dfb6463\" data-id=\"6dfb6463\" data-element_type=\"column\">\n\t\t\t<div class=\"elementor-column-wrap elementor-element-populated\">\n\t\t\t\t\t\t\t<div class=\"elementor-widget-wrap\">\n\t\t\t\t\t\t<div class=\"elementor-element elementor-element-37d79005 elementor-widget elementor-widget-heading\" data-id=\"37d79005\" data-element_type=\"widget\" data-widget_type=\"heading.default\">\n\t\t\t\t<div class=\"elementor-widget-container\">\n\t\t\t<h5 class=\"elementor-heading-title elementor-size-default\">Ejes Diferenciales<\/h5>\t\t<\/div>\n\t\t\t\t<\/div>\n\t\t\t\t<div class=\"elementor-element elementor-element-78ad88e3 elementor-widget elementor-widget-text-editor\" data-id=\"78ad88e3\" data-element_type=\"widget\" data-widget_type=\"text-editor.default\">\n\t\t\t\t<div class=\"elementor-widget-container\">\n\t\t\t\t\t\t\t\t<div class=\"elementor-text-editor elementor-clearfix\">\n\t\t\t\t\t<p><strong>TIPO RODILLOS DE FRICCI\u00d3N<\/strong><\/p><p>Los ejes de refricci\u00f3n son la soluci\u00f3n ideal para el rebobinado de m\u00faltiples rollos independientes en el mismo eje, ya que cada uno necesita una tensi\u00f3n de banda adecuada.<\/p><p>Durante el proceso de rebobinado de m\u00faltiples rollos, obtenidos tras el proceso de corte de una pel\u00edcula pl\u00e1stica o papel o cualquier otro material, es com\u00fan tener importantes diferencias de espesor y, en consecuencia, diferencias de tensi\u00f3n de la banda.<\/p><p>Para solucionar este problema, los ejes de fricci\u00f3n aseguran una gesti\u00f3n diferente de los rollos que se bloquean en uno o varios anillos de fricci\u00f3n del n\u00facleo de cada rollo para obtener un rebobinado preciso y una tensi\u00f3n uniforme de la banda de cada rollo.<\/p><p>Los anillos de fricci\u00f3n con rodillos, fabricados en aluminio anodizado negro duro o acero seg\u00fan el ancho, est\u00e1n equipados con rodillos de expansi\u00f3n de superficie de apoyo m\u00e1s amplia que garantizan el mejor rendimiento en cualquier condici\u00f3n de trabajo. Un rodamiento de bolas interior de esferas aumenta la robustez del anillo, incluso si est\u00e1 fabricado en aluminio, y hace que la acci\u00f3n de deslizamiento sea m\u00e1s fluida. Los anillos de fricci\u00f3n con anchos a partir de 19,65 mm se pueden equipar con posicionadores precargados para aumentar la estabilidad de los n\u00facleos de las bobinas antes de que los rodillos de agarre se acoplen al n\u00facleo.<\/p><p>Superficie de apoyo m\u00e1s ancha: los rodillos de agarre proporcionan una superficie de apoyo amplia que asegura una mayor estabilidad del n\u00facleo del rollo que permanece perfectamente perpendicular al eje central.<\/p><p>Sin da\u00f1os en el n\u00facleo del carrete: las bolas en expansi\u00f3n a menudo crean una ranura en los n\u00facleos durante la descarga de los rollos, mientras que los rodillos en expansi\u00f3n garantizan una extracci\u00f3n segura y f\u00e1cil del rollo sin da\u00f1ar los n\u00facleos. Dado que los n\u00facleos no est\u00e1n da\u00f1ados, se pueden reutilizar.<\/p><p>Uso tanto con n\u00facleos de cart\u00f3n como de pl\u00e1stico: gracias a la superficie de apoyo m\u00e1s ancha, los anillos de fricci\u00f3n con rodillos expansores aseguran un perfecto agarre tanto con n\u00facleos de cart\u00f3n como de pl\u00e1stico evitando cualquier tipo de deslizamiento del n\u00facleo.<\/p><p>Todos nuestros productos son RE SpA.<\/p>\t\t\t\t\t<\/div>\n\t\t\t\t\t\t<\/div>\n\t\t\t\t<\/div>\n\t\t\t\t<div class=\"elementor-element elementor-element-3b3d956f elementor-widget elementor-widget-gyan_image_carousel\" data-id=\"3b3d956f\" data-element_type=\"widget\" data-widget_type=\"gyan_image_carousel.default\">\n\t\t\t\t<div class=\"elementor-widget-container\">\n\t\t\t\t\t<div class=\"gyan-image-carousel owl-carousel \" data-autoplay=\"yes\" data-pause=\"yes\" data-mouse-drag=\"yes\" data-touch-drag=\"yes\" data-loop=\"yes\" data-speed=\"1000\" data-delay=\"5000\" data-margin=\"0\" data-breakpoint1-items=\"5\" data-breakpoint2-items=\"4\" data-breakpoint3-items=\"3\" data-breakpoint4-items=\"2\" data-breakpoint5-items=\"1\" data-breakpoint6-items=\"1\" data-rtl=\"false\">\r\n\t\t\t\t\t\t\t\t\t\t\t\t<div class=\"gyan-image-item\">\r\n\t\t\t\t\t\t<div class=\"gyan-image-item-inner\">\r\n\t\t\t\t\t\t\t<a href=\"\" >\r\n\t\t\t\t\t\t\t\t<img decoding=\"async\" src=\"https:\/\/sercoflex.cl\/sitio\/wp-content\/uploads\/2020\/08\/Ejes-diferenciales-1.jpg\" alt=\"Image 1\">\r\n\t\t\t\t\t\t\t<\/a>\r\n\t\t\t\t\t\t<\/div>\r\n\t\t\t\t\t<\/div>\r\n\t\t\t\t\t\t\t\t\t\t\t\t\t\t\t\t<div class=\"gyan-image-item\">\r\n\t\t\t\t\t\t<div class=\"gyan-image-item-inner\">\r\n\t\t\t\t\t\t\t<a href=\"\" >\r\n\t\t\t\t\t\t\t\t<img decoding=\"async\" src=\"https:\/\/sercoflex.cl\/sitio\/wp-content\/uploads\/2020\/08\/friction-shafts-with-rollers.png\" alt=\"Image 1\">\r\n\t\t\t\t\t\t\t<\/a>\r\n\t\t\t\t\t\t<\/div>\r\n\t\t\t\t\t<\/div>\r\n\t\t\t\t\t\t\t\t\t<\/div>\r\n\t\t\t\t<\/div>\n\t\t\t\t<\/div>\n\t\t\t\t<div class=\"elementor-element elementor-element-106c7fa5 elementor-widget elementor-widget-html\" data-id=\"106c7fa5\" data-element_type=\"widget\" data-widget_type=\"html.default\">\n\t\t\t\t<div class=\"elementor-widget-container\">\n\t\t\t<strong><h5>Datos T\u00e9cnicos<\/h5><\/strong>\r\n\r\n&nbsp;\r\n<div style=\"overflow-x:auto;\">\r\n<table width=\"750\">\r\n<thead>\r\n<tr>\r\n<td><strong>Ancho anillo de fricci\u00f3n (L) + espaciador<\/strong><\/td>\r\n<td><\/td>\r\n<td>Desde 8mm a 50mm<\/td>\r\n<\/tr>\r\n<\/thead>\r\n<tbody>\r\n<tr>\r\n<td><strong>Espaciador<\/strong><\/td>\r\n<td><\/td>\r\n<td>Desde 0,35mm a 1mm<\/td>\r\n<\/tr>\r\n<tr>\r\n<td><strong>Di\u00e1metro del eje<\/strong><\/td>\r\n<td><\/td>\r\n<td>Desde 30 f7 a 150 f7<\/td>\r\n<\/tr>\r\n<tr>\r\n<td><strong>Di\u00e1metro tubo cart\u00f3n<\/strong><\/td>\r\n<td><\/td>\r\n<td>Desde 45mm a 400mm<\/td>\r\n<\/tr>\r\n<tr>\r\n<td><strong>D\u00edmetro rodillo<\/strong><\/td>\r\n<td><\/td>\r\n<td>Desde 3,2mm a 8mm<\/td>\r\n<\/tr>\r\n<tr>\r\n<td><strong>Posicionadores precargados<\/strong><\/td>\r\n<td><\/td>\r\n<td>L \u2265 19,65 mm opcional<\/td>\r\n<\/tr>\r\n<tr>\r\n<td><strong>Cojinete interior de esferas<\/strong><\/td>\r\n<td><\/td>\r\n<td>L \u2265 19,65 mm<\/td>\r\n<\/tr>\r\n<tr>\r\n<td><strong>\r\nMaterial del anillo de fricci\u00f3n<\/strong><\/td>\r\n<td>L &lt; 19,65 mm\r\nL \u2265 19,65 mm<\/td>\r\n<td>Acero niquelado-plateado\r\nAluminio anodizado endurecido<\/td>\r\n<\/tr>\r\n<\/tbody>\r\n<\/table>\r\n<\/div>\t\t<\/div>\n\t\t\t\t<\/div>\n\t\t\t\t<div class=\"elementor-element elementor-element-53a03ab elementor-widget elementor-widget-html\" data-id=\"53a03ab\" data-element_type=\"widget\" data-widget_type=\"html.default\">\n\t\t\t\t<div class=\"elementor-widget-container\">\n\t\t\t<br\/><br\/>\t\t<\/div>\n\t\t\t\t<\/div>\n\t\t\t\t<div class=\"elementor-element elementor-element-0e583d3 elementor-widget elementor-widget-text-editor\" data-id=\"0e583d3\" data-element_type=\"widget\" data-widget_type=\"text-editor.default\">\n\t\t\t\t<div class=\"elementor-widget-container\">\n\t\t\t\t\t\t\t\t<div class=\"elementor-text-editor elementor-clearfix\">\n\t\t\t\t\t<p><strong>TIPO RODILLOS DE FRICCI\u00d3N<\/strong><\/p><p>Los ejes de fricci\u00f3n son la soluci\u00f3n ideal para el rebobinado de m\u00faltiples rollos independientes en el mismo eje, ya que cada uno necesita una tensi\u00f3n de banda adecuada. Durante el proceso de rebobinado de m\u00faltiples rollos, obtenidos tras el proceso de corte de una pel\u00edcula pl\u00e1stica o papel o cualquier otro material, es com\u00fan tener importantes diferencias de espesor y, en consecuencia, diferencias de tensi\u00f3n de la banda.<\/p><p>Para solucionar este problema, los ejes de fricci\u00f3n aseguran una gesti\u00f3n diferente de los rollos que se bloquean en uno o varios anillos de fricci\u00f3n del n\u00facleo de cada rollo para obtener un rebobinado preciso y una tensi\u00f3n uniforme de la banda de cada rollo.<\/p><p>Los anillos de fricci\u00f3n con bolas est\u00e1n hechos de aluminio anodizado negro duro o acero seg\u00fan el ancho. Un rodamiento interior de esferas aumenta la robustez del anillo, incluso si est\u00e1 fabricado en aluminio, y hace que la acci\u00f3n de deslizamiento sea m\u00e1s fluida. Los anillos de fricci\u00f3n con anchos a partir de 12,15 mm, pueden equiparse con posicionadores precargados para aumentar la estabilidad de los n\u00facleos de las bobinas antes de que las bolas de agarre enganchen el n\u00facleo.<\/p>\t\t\t\t\t<\/div>\n\t\t\t\t\t\t<\/div>\n\t\t\t\t<\/div>\n\t\t\t\t\t\t<\/div>\n\t\t\t\t\t<\/div>\n\t\t<\/div>\n\t\t\t\t\t\t\t\t<\/div>\n\t\t\t\t\t<\/div>\n\t\t<\/section>\n\t\t\t\t<div class=\"elementor-element elementor-element-53110d9 elementor-widget elementor-widget-html\" data-id=\"53110d9\" data-element_type=\"widget\" data-widget_type=\"html.default\">\n\t\t\t\t<div class=\"elementor-widget-container\">\n\t\t\t<strong><h5>Datos T\u00e9cnicos<\/h5><\/strong>\r\n\r\n&nbsp;\r\n<div style=\"overflow-x:auto;\">\r\n<table width=\"750\">\r\n<thead>\r\n<tr>\r\n<td><strong>Ancho anillo de fricci\u00f3n (L) + espaciador<\/strong><\/td>\r\n<td><\/td>\r\n<td>Desde 4,5mm a 50mm<\/td>\r\n<\/tr>\r\n<\/thead>\r\n<tbody>\r\n<tr>\r\n<td><strong>Espaciador<\/strong><\/td>\r\n<td><\/td>\r\n<td>Desde 0,35mm a 1mm<\/td>\r\n<\/tr>\r\n<tr>\r\n<td><strong>Di\u00e1metro de eje<\/strong><\/td>\r\n<td><\/td>\r\n<td>Desde 30 f7 a 150 f7<\/td>\r\n<\/tr>\r\n<tr>\r\n<td><strong>Di\u00e1metro centro cart\u00f3n<\/strong><\/td>\r\n<td><\/td>\r\n<td>Desde 45mm a 400mm<\/td>\r\n<\/tr>\r\n<tr>\r\n<td><strong>D\u00edmetro bolas<\/strong><\/td>\r\n<td><\/td>\r\n<td>Desde 3,2mm a 8mm<\/td>\r\n<\/tr>\r\n<tr>\r\n<td><strong>Posicionadores precargados<\/strong><\/td>\r\n<td><\/td>\r\n<td>L \u2265 12,15 mm opcional<\/td>\r\n<\/tr>\r\n<tr>\r\n<td><strong>Rodamiento interior de esferas<\/strong><\/td>\r\n<td><\/td>\r\n<td>L \u2265 12,15 mm<\/td>\r\n<\/tr>\r\n<tr>\r\n<td><strong>Friction ring material<\/strong><\/td>\r\n<td>L &lt; 12,15 mm\r\nL \u2265 12,15 mm<\/td>\r\n<td>Acero plata niquelado\r\n\r\nAluminio anodizado endurecido<\/td>\r\n<\/tr>\r\n<\/tbody>\r\n<\/table>\r\n<\/div>\t\t<\/div>\n\t\t\t\t<\/div>\n\t\t\t\t<div class=\"elementor-element elementor-element-ff1e9ad elementor-widget elementor-widget-html\" data-id=\"ff1e9ad\" data-element_type=\"widget\" data-widget_type=\"html.default\">\n\t\t\t\t<div class=\"elementor-widget-container\">\n\t\t\t<strong><h5>Modelos<\/h5><\/strong>\r\n&nbsp;\r\n<div style=\"overflow-x:auto;\">\r\n<table width=\"750\">\r\n<tbody>\r\n<thead>\r\n<tr>\r\n<td><strong> <\/strong><\/td>\r\n<td><strong><p align=\"center\">Friction shafts with balls<\/p><\/strong><\/td>\r\n<td><strong><p align=\"center\">Friction shafts with balls<\/p><\/strong><\/td>\r\n<\/thead>\r\n<tr>\r\n<td><strong>Ver PDF<\/strong><\/td>\r\n<td><p align=\"center\"><a href=\"https:\/\/sercoflex.cl\/sitio\/wp-content\/uploads\/2020\/08\/friction-shafts-with-balls-Data-sheet.pdf\" target=\"_blank\">\r\n<img decoding=\"async\" src=\"https:\/\/sercoflex.cl\/sitio\/wp-content\/uploads\/2020\/09\/pdf.png\" width=\"50\" \/>\r\n<\/a><\/p>\r\n<\/td>\r\n<td><p align=\"center\"><a href=\"https:\/\/sercoflex.cl\/sitio\/wp-content\/uploads\/2020\/08\/friction-shafts-with-rollers-Data-sheet.pdf\" target=\"_blank\">\r\n<img decoding=\"async\" src=\"https:\/\/sercoflex.cl\/sitio\/wp-content\/uploads\/2020\/09\/pdf.png\" width=\"50\" \/>\r\n<\/a><\/p>\r\n\r\n<\/td>\r\n<\/tbody>\r\n<\/table>\r\n<\/div>\t\t<\/div>\n\t\t\t\t<\/div>\n\t\t\t\t\t\t<\/div>\n\t\t\t\t\t<\/div>\n\t\t<\/div>\n\t\t\t\t\t\t\t\t<\/div>\n\t\t\t\t\t<\/div>\n\t\t<\/section>\n\t\t\t\t\t\t<\/div>\n\t\t\t\t\t\t<\/div>\n\t\t\t\t\t<\/div>\n\t\t","protected":false},"excerpt":{"rendered":"<p>Ejes Diferenciales TIPO RODILLOS DE FRICCI\u00d3N Los ejes de refricci\u00f3n son la soluci\u00f3n ideal para el rebobinado de m\u00faltiples rollos independientes en el mismo eje, ya que cada uno necesita una tensi\u00f3n de banda adecuada. Durante el proceso de rebobinado de m\u00faltiples rollos, obtenidos tras el proceso de corte de [&hellip;]<\/p>\n","protected":false},"author":1,"featured_media":0,"parent":0,"menu_order":0,"comment_status":"closed","ping_status":"closed","template":"","meta":{"footnotes":""},"class_list":["post-210","page","type-page","status-publish","hentry"],"yoast_head":"<!-- This site is optimized with the Yoast SEO plugin v16.5 - https:\/\/yoast.com\/wordpress\/plugins\/seo\/ -->\n<title>Ejes Diferenciales - Sercoflex | Re<\/title>\n<meta name=\"robots\" content=\"index, follow, max-snippet:-1, max-image-preview:large, max-video-preview:-1\" \/>\n<link rel=\"canonical\" href=\"https:\/\/sercoflex.cl\/sitio\/ejes-diferenciales\/\" \/>\n<meta property=\"og:locale\" content=\"es_ES\" \/>\n<meta property=\"og:type\" content=\"article\" \/>\n<meta property=\"og:title\" content=\"Ejes Diferenciales - Sercoflex | Re\" \/>\n<meta property=\"og:description\" content=\"Ejes Diferenciales TIPO RODILLOS DE FRICCI\u00d3N Los ejes de refricci\u00f3n son la soluci\u00f3n ideal para el rebobinado de m\u00faltiples rollos independientes en el mismo eje, ya que cada uno necesita una tensi\u00f3n de banda adecuada. Durante el proceso de rebobinado de m\u00faltiples rollos, obtenidos tras el proceso de corte de [&hellip;]\" \/>\n<meta property=\"og:url\" content=\"https:\/\/sercoflex.cl\/sitio\/ejes-diferenciales\/\" \/>\n<meta property=\"og:site_name\" content=\"Sercoflex | Re\" \/>\n<meta property=\"article:modified_time\" content=\"2025-10-10T17:23:08+00:00\" \/>\n<meta property=\"og:image\" content=\"https:\/\/sercoflex.cl\/sitio\/wp-content\/uploads\/2020\/08\/Ejes-diferenciales-1.jpg\" \/>\n<meta name=\"twitter:card\" content=\"summary_large_image\" \/>\n<meta name=\"twitter:label1\" content=\"Est. reading time\" \/>\n\t<meta name=\"twitter:data1\" content=\"4 minutos\" \/>\n<script type=\"application\/ld+json\" class=\"yoast-schema-graph\">{\"@context\":\"https:\/\/schema.org\",\"@graph\":[{\"@type\":\"Organization\",\"@id\":\"https:\/\/sercoflex.cl\/sitio\/#organization\",\"name\":\"Sercoflex\",\"url\":\"https:\/\/sercoflex.cl\/sitio\/\",\"sameAs\":[\"https:\/\/www.linkedin.com\/in\/comercial-sercoflex-6779211b4\/\"],\"logo\":{\"@type\":\"ImageObject\",\"@id\":\"https:\/\/sercoflex.cl\/sitio\/#logo\",\"inLanguage\":\"es-CL\",\"url\":\"https:\/\/sercoflex.cl\/sitio\/wp-content\/uploads\/2021\/01\/Logo-serco.jpg\",\"contentUrl\":\"https:\/\/sercoflex.cl\/sitio\/wp-content\/uploads\/2021\/01\/Logo-serco.jpg\",\"width\":790,\"height\":945,\"caption\":\"Sercoflex\"},\"image\":{\"@id\":\"https:\/\/sercoflex.cl\/sitio\/#logo\"}},{\"@type\":\"WebSite\",\"@id\":\"https:\/\/sercoflex.cl\/sitio\/#website\",\"url\":\"https:\/\/sercoflex.cl\/sitio\/\",\"name\":\"Sercoflex\",\"description\":\"Empresa dedicada a productos industriales.\",\"publisher\":{\"@id\":\"https:\/\/sercoflex.cl\/sitio\/#organization\"},\"potentialAction\":[{\"@type\":\"SearchAction\",\"target\":\"https:\/\/sercoflex.cl\/sitio\/?s={search_term_string}\",\"query-input\":\"required name=search_term_string\"}],\"inLanguage\":\"es-CL\"},{\"@type\":\"ImageObject\",\"@id\":\"https:\/\/sercoflex.cl\/sitio\/ejes-diferenciales\/#primaryimage\",\"inLanguage\":\"es-CL\",\"url\":\"https:\/\/sercoflex.cl\/sitio\/wp-content\/uploads\/2020\/08\/Ejes-diferenciales-1.jpg\",\"contentUrl\":\"https:\/\/sercoflex.cl\/sitio\/wp-content\/uploads\/2020\/08\/Ejes-diferenciales-1.jpg\",\"width\":900,\"height\":600},{\"@type\":\"WebPage\",\"@id\":\"https:\/\/sercoflex.cl\/sitio\/ejes-diferenciales\/#webpage\",\"url\":\"https:\/\/sercoflex.cl\/sitio\/ejes-diferenciales\/\",\"name\":\"Ejes Diferenciales - Sercoflex | Re\",\"isPartOf\":{\"@id\":\"https:\/\/sercoflex.cl\/sitio\/#website\"},\"primaryImageOfPage\":{\"@id\":\"https:\/\/sercoflex.cl\/sitio\/ejes-diferenciales\/#primaryimage\"},\"datePublished\":\"2020-08-11T21:40:13+00:00\",\"dateModified\":\"2025-10-10T17:23:08+00:00\",\"breadcrumb\":{\"@id\":\"https:\/\/sercoflex.cl\/sitio\/ejes-diferenciales\/#breadcrumb\"},\"inLanguage\":\"es-CL\",\"potentialAction\":[{\"@type\":\"ReadAction\",\"target\":[\"https:\/\/sercoflex.cl\/sitio\/ejes-diferenciales\/\"]}]},{\"@type\":\"BreadcrumbList\",\"@id\":\"https:\/\/sercoflex.cl\/sitio\/ejes-diferenciales\/#breadcrumb\",\"itemListElement\":[{\"@type\":\"ListItem\",\"position\":1,\"name\":\"Portada\",\"item\":\"https:\/\/sercoflex.cl\/sitio\/\"},{\"@type\":\"ListItem\",\"position\":2,\"name\":\"Ejes Diferenciales\"}]}]}<\/script>\n<!-- \/ Yoast SEO plugin. -->","_links":{"self":[{"href":"https:\/\/sercoflex.cl\/sitio\/wp-json\/wp\/v2\/pages\/210","targetHints":{"allow":["GET"]}}],"collection":[{"href":"https:\/\/sercoflex.cl\/sitio\/wp-json\/wp\/v2\/pages"}],"about":[{"href":"https:\/\/sercoflex.cl\/sitio\/wp-json\/wp\/v2\/types\/page"}],"author":[{"embeddable":true,"href":"https:\/\/sercoflex.cl\/sitio\/wp-json\/wp\/v2\/users\/1"}],"replies":[{"embeddable":true,"href":"https:\/\/sercoflex.cl\/sitio\/wp-json\/wp\/v2\/comments?post=210"}],"version-history":[{"count":17,"href":"https:\/\/sercoflex.cl\/sitio\/wp-json\/wp\/v2\/pages\/210\/revisions"}],"predecessor-version":[{"id":3995,"href":"https:\/\/sercoflex.cl\/sitio\/wp-json\/wp\/v2\/pages\/210\/revisions\/3995"}],"wp:attachment":[{"href":"https:\/\/sercoflex.cl\/sitio\/wp-json\/wp\/v2\/media?parent=210"}],"curies":[{"name":"wp","href":"https:\/\/api.w.org\/{rel}","templated":true}]}}