{"id":186,"date":"2020-08-11T18:31:45","date_gmt":"2020-08-11T21:31:45","guid":{"rendered":"http:\/\/sercoflex.cl\/sitio\/?page_id=186"},"modified":"2025-10-08T16:00:10","modified_gmt":"2025-10-08T19:00:10","slug":"porta-sensores","status":"publish","type":"page","link":"https:\/\/sercoflex.cl\/sitio\/porta-sensores\/","title":{"rendered":"Porta Sensores"},"content":{"rendered":"\t\t<div data-elementor-type=\"wp-page\" data-elementor-id=\"186\" class=\"elementor elementor-186\" data-elementor-settings=\"[]\">\n\t\t\t\t\t\t<div class=\"elementor-inner\">\n\t\t\t\t\t\t\t<div class=\"elementor-section-wrap\">\n\t\t\t\t\t\t\t<section class=\"elementor-section elementor-top-section elementor-element elementor-element-61f8e8b1 elementor-section-boxed elementor-section-height-default elementor-section-height-default\" data-id=\"61f8e8b1\" data-element_type=\"section\">\n\t\t\t\t\t\t<div class=\"elementor-container elementor-column-gap-default\">\n\t\t\t\t\t\t\t<div class=\"elementor-row\">\n\t\t\t\t\t<div class=\"elementor-column elementor-col-100 elementor-top-column elementor-element elementor-element-750d86e7\" data-id=\"750d86e7\" data-element_type=\"column\">\n\t\t\t<div class=\"elementor-column-wrap elementor-element-populated\">\n\t\t\t\t\t\t\t<div class=\"elementor-widget-wrap\">\n\t\t\t\t\t\t<div class=\"elementor-element elementor-element-5c248bcc elementor-widget elementor-widget-text-editor\" data-id=\"5c248bcc\" data-element_type=\"widget\" data-widget_type=\"text-editor.default\">\n\t\t\t\t<div class=\"elementor-widget-container\">\n\t\t\t\t\t\t\t\t<div class=\"elementor-text-editor elementor-clearfix\">\n\t\t\t\t\t<h5>Porta Sensor<\/h5><p>El soporte del sensor de ajuste microm\u00e9trico se utiliza en aplicaciones en las que el operador necesita colocar el sensor con precisi\u00f3n y sin utilizar la funci\u00f3n de punto de ajuste del control remoto. Todos los sensores se pueden instalar en soportes de sensores motorizados con codificador integrado. Los porta sensores autom\u00e1ticos tambi\u00e9n est\u00e1n equipados con motores paso a paso que garantizan sus ventajas relacionadas, como la precisi\u00f3n y el movimiento r\u00e1pido. Estas soluciones se adoptan generalmente en sistemas donde el operador tiene que cambiar con frecuencia la posici\u00f3n del sensor o cuando el acceso a los sensores es demasiado dif\u00edcil para considerar una intervenci\u00f3n manual repetida.<\/p><ul><li>movimiento microm\u00e9trico<\/li><li>movimiento autom\u00e1tico<\/li><li>posicionamiento preciso del sensor<\/li><li>sin necesidad de operaci\u00f3n manual (autom\u00e1tica)<\/li><li>gu\u00eda para sistemas de recubrimiento<\/li><\/ul><p>Todos nuestros productos son RE SpA.\u00a0<a><br \/><\/a><\/p>\t\t\t\t\t<\/div>\n\t\t\t\t\t\t<\/div>\n\t\t\t\t<\/div>\n\t\t\t\t\t\t<\/div>\n\t\t\t\t\t<\/div>\n\t\t<\/div>\n\t\t\t\t\t\t\t\t<\/div>\n\t\t\t\t\t<\/div>\n\t\t<\/section>\n\t\t\t\t<section class=\"elementor-section elementor-top-section elementor-element elementor-element-87b9fd0 elementor-section-boxed elementor-section-height-default elementor-section-height-default\" data-id=\"87b9fd0\" data-element_type=\"section\">\n\t\t\t\t\t\t<div class=\"elementor-container elementor-column-gap-default\">\n\t\t\t\t\t\t\t<div class=\"elementor-row\">\n\t\t\t\t\t<div class=\"elementor-column elementor-col-100 elementor-top-column elementor-element elementor-element-a87b6b8\" data-id=\"a87b6b8\" data-element_type=\"column\">\n\t\t\t<div class=\"elementor-column-wrap elementor-element-populated\">\n\t\t\t\t\t\t\t<div class=\"elementor-widget-wrap\">\n\t\t\t\t\t\t<div class=\"elementor-element elementor-element-286ea00 elementor-arrows-position-inside elementor-pagination-position-outside elementor-widget elementor-widget-image-carousel\" data-id=\"286ea00\" data-element_type=\"widget\" data-settings=\"{&quot;navigation&quot;:&quot;both&quot;,&quot;autoplay&quot;:&quot;yes&quot;,&quot;pause_on_hover&quot;:&quot;yes&quot;,&quot;pause_on_interaction&quot;:&quot;yes&quot;,&quot;autoplay_speed&quot;:5000,&quot;infinite&quot;:&quot;yes&quot;,&quot;speed&quot;:500}\" data-widget_type=\"image-carousel.default\">\n\t\t\t\t<div class=\"elementor-widget-container\">\n\t\t\t\t\t<div class=\"elementor-image-carousel-wrapper swiper-container\" dir=\"ltr\">\n\t\t\t<div class=\"elementor-image-carousel swiper-wrapper\">\n\t\t\t\t<div class=\"swiper-slide\"><figure class=\"swiper-slide-inner\"><img decoding=\"async\" class=\"swiper-slide-image\" src=\"https:\/\/sercoflex.cl\/sitio\/wp-content\/uploads\/2025\/10\/Respa-header-image-sensor-holder-1024x520-1-300x152.png\" alt=\"Respa-header-image-sensor-holder--1024x520\" \/><\/figure><\/div>\t\t\t<\/div>\n\t\t\t\t\t<\/div>\n\t\t\t\t<\/div>\n\t\t\t\t<\/div>\n\t\t\t\t\t\t<\/div>\n\t\t\t\t\t<\/div>\n\t\t<\/div>\n\t\t\t\t\t\t\t\t<\/div>\n\t\t\t\t\t<\/div>\n\t\t<\/section>\n\t\t\t\t\t\t<\/div>\n\t\t\t\t\t\t<\/div>\n\t\t\t\t\t<\/div>\n\t\t","protected":false},"excerpt":{"rendered":"<p>Porta Sensor El soporte del sensor de ajuste microm\u00e9trico se utiliza en aplicaciones en las que el operador necesita colocar el sensor con precisi\u00f3n y sin utilizar la funci\u00f3n de punto de ajuste del control remoto. Todos los sensores se pueden instalar en soportes de sensores motorizados con codificador integrado. [&hellip;]<\/p>\n","protected":false},"author":1,"featured_media":0,"parent":0,"menu_order":0,"comment_status":"closed","ping_status":"closed","template":"","meta":{"footnotes":""},"class_list":["post-186","page","type-page","status-publish","hentry"],"yoast_head":"<!-- This site is optimized with the Yoast SEO plugin v16.5 - https:\/\/yoast.com\/wordpress\/plugins\/seo\/ -->\n<title>Porta Sensores - Sercoflex | Re<\/title>\n<meta name=\"robots\" content=\"index, follow, max-snippet:-1, max-image-preview:large, max-video-preview:-1\" \/>\n<link rel=\"canonical\" href=\"https:\/\/sercoflex.cl\/sitio\/porta-sensores\/\" \/>\n<meta property=\"og:locale\" content=\"es_ES\" \/>\n<meta property=\"og:type\" content=\"article\" \/>\n<meta property=\"og:title\" content=\"Porta Sensores - Sercoflex | Re\" \/>\n<meta property=\"og:description\" content=\"Porta Sensor El soporte del sensor de ajuste microm\u00e9trico se utiliza en aplicaciones en las que el operador necesita colocar el sensor con precisi\u00f3n y sin utilizar la funci\u00f3n de punto de ajuste del control remoto. Todos los sensores se pueden instalar en soportes de sensores motorizados con codificador integrado. [&hellip;]\" \/>\n<meta property=\"og:url\" content=\"https:\/\/sercoflex.cl\/sitio\/porta-sensores\/\" \/>\n<meta property=\"og:site_name\" content=\"Sercoflex | Re\" \/>\n<meta property=\"article:modified_time\" content=\"2025-10-08T19:00:10+00:00\" \/>\n<meta property=\"og:image\" content=\"https:\/\/sercoflex.cl\/sitio\/wp-content\/uploads\/2025\/10\/Respa-header-image-sensor-holder-1024x520-1-300x152.png\" \/>\n<meta name=\"twitter:card\" content=\"summary_large_image\" \/>\n<meta name=\"twitter:label1\" content=\"Est. reading time\" \/>\n\t<meta name=\"twitter:data1\" content=\"1 minuto\" \/>\n<script type=\"application\/ld+json\" class=\"yoast-schema-graph\">{\"@context\":\"https:\/\/schema.org\",\"@graph\":[{\"@type\":\"Organization\",\"@id\":\"https:\/\/sercoflex.cl\/sitio\/#organization\",\"name\":\"Sercoflex\",\"url\":\"https:\/\/sercoflex.cl\/sitio\/\",\"sameAs\":[\"https:\/\/www.linkedin.com\/in\/comercial-sercoflex-6779211b4\/\"],\"logo\":{\"@type\":\"ImageObject\",\"@id\":\"https:\/\/sercoflex.cl\/sitio\/#logo\",\"inLanguage\":\"es-CL\",\"url\":\"https:\/\/sercoflex.cl\/sitio\/wp-content\/uploads\/2021\/01\/Logo-serco.jpg\",\"contentUrl\":\"https:\/\/sercoflex.cl\/sitio\/wp-content\/uploads\/2021\/01\/Logo-serco.jpg\",\"width\":790,\"height\":945,\"caption\":\"Sercoflex\"},\"image\":{\"@id\":\"https:\/\/sercoflex.cl\/sitio\/#logo\"}},{\"@type\":\"WebSite\",\"@id\":\"https:\/\/sercoflex.cl\/sitio\/#website\",\"url\":\"https:\/\/sercoflex.cl\/sitio\/\",\"name\":\"Sercoflex\",\"description\":\"Empresa dedicada a productos industriales.\",\"publisher\":{\"@id\":\"https:\/\/sercoflex.cl\/sitio\/#organization\"},\"potentialAction\":[{\"@type\":\"SearchAction\",\"target\":\"https:\/\/sercoflex.cl\/sitio\/?s={search_term_string}\",\"query-input\":\"required name=search_term_string\"}],\"inLanguage\":\"es-CL\"},{\"@type\":\"ImageObject\",\"@id\":\"https:\/\/sercoflex.cl\/sitio\/porta-sensores\/#primaryimage\",\"inLanguage\":\"es-CL\",\"url\":\"https:\/\/sercoflex.cl\/sitio\/wp-content\/uploads\/2025\/10\/Respa-header-image-sensor-holder-1024x520-1.png\",\"contentUrl\":\"https:\/\/sercoflex.cl\/sitio\/wp-content\/uploads\/2025\/10\/Respa-header-image-sensor-holder-1024x520-1.png\",\"width\":1024,\"height\":520},{\"@type\":\"WebPage\",\"@id\":\"https:\/\/sercoflex.cl\/sitio\/porta-sensores\/#webpage\",\"url\":\"https:\/\/sercoflex.cl\/sitio\/porta-sensores\/\",\"name\":\"Porta Sensores - Sercoflex | Re\",\"isPartOf\":{\"@id\":\"https:\/\/sercoflex.cl\/sitio\/#website\"},\"primaryImageOfPage\":{\"@id\":\"https:\/\/sercoflex.cl\/sitio\/porta-sensores\/#primaryimage\"},\"datePublished\":\"2020-08-11T21:31:45+00:00\",\"dateModified\":\"2025-10-08T19:00:10+00:00\",\"breadcrumb\":{\"@id\":\"https:\/\/sercoflex.cl\/sitio\/porta-sensores\/#breadcrumb\"},\"inLanguage\":\"es-CL\",\"potentialAction\":[{\"@type\":\"ReadAction\",\"target\":[\"https:\/\/sercoflex.cl\/sitio\/porta-sensores\/\"]}]},{\"@type\":\"BreadcrumbList\",\"@id\":\"https:\/\/sercoflex.cl\/sitio\/porta-sensores\/#breadcrumb\",\"itemListElement\":[{\"@type\":\"ListItem\",\"position\":1,\"name\":\"Portada\",\"item\":\"https:\/\/sercoflex.cl\/sitio\/\"},{\"@type\":\"ListItem\",\"position\":2,\"name\":\"Porta Sensores\"}]}]}<\/script>\n<!-- \/ Yoast SEO plugin. -->","_links":{"self":[{"href":"https:\/\/sercoflex.cl\/sitio\/wp-json\/wp\/v2\/pages\/186","targetHints":{"allow":["GET"]}}],"collection":[{"href":"https:\/\/sercoflex.cl\/sitio\/wp-json\/wp\/v2\/pages"}],"about":[{"href":"https:\/\/sercoflex.cl\/sitio\/wp-json\/wp\/v2\/types\/page"}],"author":[{"embeddable":true,"href":"https:\/\/sercoflex.cl\/sitio\/wp-json\/wp\/v2\/users\/1"}],"replies":[{"embeddable":true,"href":"https:\/\/sercoflex.cl\/sitio\/wp-json\/wp\/v2\/comments?post=186"}],"version-history":[{"count":10,"href":"https:\/\/sercoflex.cl\/sitio\/wp-json\/wp\/v2\/pages\/186\/revisions"}],"predecessor-version":[{"id":3907,"href":"https:\/\/sercoflex.cl\/sitio\/wp-json\/wp\/v2\/pages\/186\/revisions\/3907"}],"wp:attachment":[{"href":"https:\/\/sercoflex.cl\/sitio\/wp-json\/wp\/v2\/media?parent=186"}],"curies":[{"name":"wp","href":"https:\/\/api.w.org\/{rel}","templated":true}]}}