{"id":182,"date":"2020-08-11T18:31:04","date_gmt":"2020-08-11T21:31:04","guid":{"rendered":"http:\/\/sercoflex.cl\/sitio\/?page_id=182"},"modified":"2025-10-08T15:49:06","modified_gmt":"2025-10-08T18:49:06","slug":"optico","status":"publish","type":"page","link":"https:\/\/sercoflex.cl\/sitio\/optico\/","title":{"rendered":"\u00d3ptico"},"content":{"rendered":"\t\t<div data-elementor-type=\"wp-page\" data-elementor-id=\"182\" class=\"elementor elementor-182\" data-elementor-settings=\"[]\">\n\t\t\t\t\t\t<div class=\"elementor-inner\">\n\t\t\t\t\t\t\t<div class=\"elementor-section-wrap\">\n\t\t\t\t\t\t\t<section class=\"elementor-section elementor-top-section elementor-element elementor-element-116fbab4 elementor-section-stretched elementor-section-boxed elementor-section-height-default elementor-section-height-default\" data-id=\"116fbab4\" data-element_type=\"section\" data-settings=\"{&quot;stretch_section&quot;:&quot;section-stretched&quot;}\">\n\t\t\t\t\t\t<div class=\"elementor-container elementor-column-gap-default\">\n\t\t\t\t\t\t\t<div class=\"elementor-row\">\n\t\t\t\t\t<div class=\"elementor-column elementor-col-100 elementor-top-column elementor-element elementor-element-58ba6af4\" data-id=\"58ba6af4\" data-element_type=\"column\">\n\t\t\t<div class=\"elementor-column-wrap elementor-element-populated\">\n\t\t\t\t\t\t\t<div class=\"elementor-widget-wrap\">\n\t\t\t\t\t\t<section class=\"elementor-section elementor-inner-section elementor-element elementor-element-47810597 elementor-section-boxed elementor-section-height-default elementor-section-height-default\" data-id=\"47810597\" data-element_type=\"section\">\n\t\t\t\t\t\t<div class=\"elementor-container elementor-column-gap-default\">\n\t\t\t\t\t\t\t<div class=\"elementor-row\">\n\t\t\t\t\t<div class=\"elementor-column elementor-col-100 elementor-inner-column elementor-element elementor-element-72e56b99\" data-id=\"72e56b99\" data-element_type=\"column\">\n\t\t\t<div class=\"elementor-column-wrap elementor-element-populated\">\n\t\t\t\t\t\t\t<div class=\"elementor-widget-wrap\">\n\t\t\t\t\t\t<div class=\"elementor-element elementor-element-5d523ada elementor-widget elementor-widget-heading\" data-id=\"5d523ada\" data-element_type=\"widget\" data-widget_type=\"heading.default\">\n\t\t\t\t<div class=\"elementor-widget-container\">\n\t\t\t<h5 class=\"elementor-heading-title elementor-size-default\">Sensor \u00d3ptico<\/h5>\t\t<\/div>\n\t\t\t\t<\/div>\n\t\t\t\t<div class=\"elementor-element elementor-element-52a127e9 elementor-widget elementor-widget-text-editor\" data-id=\"52a127e9\" data-element_type=\"widget\" data-widget_type=\"text-editor.default\">\n\t\t\t\t<div class=\"elementor-widget-container\">\n\t\t\t\t\t\t\t\t<div class=\"elementor-text-editor elementor-clearfix\">\n\t\t\t\t\t<p>TL.01 es un sensor \u00f3ptico capaz de leer l\u00edneas y \/ o bordes de laminados utilizando el contraste de la luz producida.<\/p><p>Con una amplia \u00e1rea visual de aproximadamente 28 mm y un tiempo de respuesta de 1 ms, TL.01 puede detectar l\u00edneas de color continuas o interrumpidas sobre fondos claros, oscuros, transparentes, met\u00e1licos y reflectantes gracias a la selecci\u00f3n autom\u00e1tica del color de iluminaci\u00f3n para lograr el m\u00e1ximo contraste. .<\/p><p>El sensor est\u00e1 equipado con una pantalla de 4 d\u00edgitos, una barra led para mostrar los par\u00e1metros m\u00e1s importantes y la posici\u00f3n de la l\u00ednea o borde, y 4 botones para la calibraci\u00f3n. Tambi\u00e9n cuenta con un movimiento electr\u00f3nico microm\u00e9trico (E.M.D.) de la posici\u00f3n de lectura sin reducir el \u00e1rea visual.<\/p>\t\t\t\t\t<\/div>\n\t\t\t\t\t\t<\/div>\n\t\t\t\t<\/div>\n\t\t\t\t<div class=\"elementor-element elementor-element-3ac6105d elementor-widget elementor-widget-gyan_image_carousel\" data-id=\"3ac6105d\" data-element_type=\"widget\" data-widget_type=\"gyan_image_carousel.default\">\n\t\t\t\t<div class=\"elementor-widget-container\">\n\t\t\t\t\t<div class=\"gyan-image-carousel owl-carousel \" data-autoplay=\"yes\" data-pause=\"yes\" data-mouse-drag=\"yes\" data-touch-drag=\"yes\" data-loop=\"yes\" data-speed=\"1000\" data-delay=\"5000\" data-margin=\"0\" data-breakpoint1-items=\"5\" data-breakpoint2-items=\"4\" data-breakpoint3-items=\"3\" data-breakpoint4-items=\"2\" data-breakpoint5-items=\"1\" data-breakpoint6-items=\"1\" data-rtl=\"false\">\r\n\t\t\t\t\t\t\t\t\t\t\t\t<div class=\"gyan-image-item\">\r\n\t\t\t\t\t\t<div class=\"gyan-image-item-inner\">\r\n\t\t\t\t\t\t\t<a href=\"\" >\r\n\t\t\t\t\t\t\t\t<img decoding=\"async\" src=\"https:\/\/sercoflex.cl\/sitio\/wp-content\/uploads\/2020\/08\/FISHEYE.png\" alt=\"Image 1\">\r\n\t\t\t\t\t\t\t<\/a>\r\n\t\t\t\t\t\t<\/div>\r\n\t\t\t\t\t<\/div>\r\n\t\t\t\t\t\t\t\t\t\t\t\t\t\t\t\t<div class=\"gyan-image-item\">\r\n\t\t\t\t\t\t<div class=\"gyan-image-item-inner\">\r\n\t\t\t\t\t\t\t<a href=\"\" >\r\n\t\t\t\t\t\t\t\t<img decoding=\"async\" src=\"https:\/\/sercoflex.cl\/sitio\/wp-content\/uploads\/2020\/08\/QUBE.png\" alt=\"Image 1\">\r\n\t\t\t\t\t\t\t<\/a>\r\n\t\t\t\t\t\t<\/div>\r\n\t\t\t\t\t<\/div>\r\n\t\t\t\t\t\t\t\t\t\t\t\t\t\t\t\t<div class=\"gyan-image-item\">\r\n\t\t\t\t\t\t<div class=\"gyan-image-item-inner\">\r\n\t\t\t\t\t\t\t<a href=\"\" >\r\n\t\t\t\t\t\t\t\t<img decoding=\"async\" src=\"https:\/\/sercoflex.cl\/sitio\/wp-content\/uploads\/2020\/08\/TL01.png\" alt=\"Image 1\">\r\n\t\t\t\t\t\t\t<\/a>\r\n\t\t\t\t\t\t<\/div>\r\n\t\t\t\t\t<\/div>\r\n\t\t\t\t\t\t\t\t\t<\/div>\r\n\t\t\t\t<\/div>\n\t\t\t\t<\/div>\n\t\t\t\t<div class=\"elementor-element elementor-element-25c9e2c4 elementor-widget elementor-widget-html\" data-id=\"25c9e2c4\" data-element_type=\"widget\" data-widget_type=\"html.default\">\n\t\t\t\t<div class=\"elementor-widget-container\">\n\t\t\t<br\/><br\/>\t\t<\/div>\n\t\t\t\t<\/div>\n\t\t\t\t<div class=\"elementor-element elementor-element-3c8bf44a elementor-widget elementor-widget-html\" data-id=\"3c8bf44a\" data-element_type=\"widget\" data-widget_type=\"html.default\">\n\t\t\t\t<div class=\"elementor-widget-container\">\n\t\t\t<strong><h5>Datos T\u00e9cnicos<\/h5><\/strong>\r\n\r\n&nbsp;\r\n<div style=\"overflow-x:auto;\">\r\n<table width=\"750\">\r\n<tbody>\r\n<tr>\r\n    <thead>\r\n<td><strong>Alimentaci\u00f3n<\/strong><\/td>\r\n<td>12\u00f724 Vdc<\/td>\r\n<\/tr>\r\n<\/thead>\r\n<tr>\r\n<td><strong>\u00c1rea visi\u00f3n<\/strong><\/td>\r\n<td>28 mm<\/td>\r\n<\/tr>\r\n<tr>\r\n<td><strong>\u00c1rea lectura ajustable<\/strong><\/td>\r\n<td>1-28 mm<\/td>\r\n<\/tr>\r\n<tr>\r\n<td><strong>Salida an\u00e1loga<\/strong><\/td>\r\n<td>0\u00f75 Vdc, 0\u00f710 Vdc optional<\/td>\r\n<\/tr>\r\n<tr>\r\n<td><strong>Tiempo respuesta<\/strong><\/td>\r\n<td>1 ms<\/td>\r\n<\/tr>\r\n<tr>\r\n<td><strong>E.M.D.<\/strong><\/td>\r\n<td>0,1 mm<\/td>\r\n<\/tr>\r\n<tr>\r\n<td><strong>Temperatura trabajo<\/strong><\/td>\r\n<td>0\u00f750 \u00b0C<\/td>\r\n<\/tr>\r\n<tr>\r\n<td><strong>Protecci\u00f3n IP <\/strong><\/td>\r\n<td>IP40<\/td>\r\n<\/tr>\r\n<tr>\r\n<td><strong>Dimensiones<\/strong><\/td>\r\n<td>80 x 50 x 60 mm<\/td>\r\n<\/tr>\r\n<\/tbody>\r\n<\/table>\r\n<\/div>\t\t<\/div>\n\t\t\t\t<\/div>\n\t\t\t\t<div class=\"elementor-element elementor-element-9821319 elementor-widget elementor-widget-html\" data-id=\"9821319\" data-element_type=\"widget\" data-widget_type=\"html.default\">\n\t\t\t\t<div class=\"elementor-widget-container\">\n\t\t\t<strong><h5>Modelos<\/h5><\/strong>\r\n&nbsp;\r\n<div style=\"overflow-x:auto;\">\r\n<table width=\"750\">\r\n<tbody>\r\n<thead>\r\n<tr>\r\n<td><strong> <\/strong><\/td>\r\n<td><strong><p align=\"center\">FISHEYE<\/p><\/strong><\/td>\r\n<td><strong><p align=\"center\">QUBE<\/p><\/strong><\/td>\r\n<td><strong><p align=\"center\">TL01<\/p><\/strong><\/td>\r\n\r\n<\/thead>\r\n<tr>\r\n<td><strong>Ver PDF<\/strong><\/td>\r\n<td><p align=\"center\"><a href=\"https:\/\/sercoflex.cl\/sitio\/wp-content\/uploads\/2020\/08\/FISHEYE-data-sheet.pdf\" target=\"_blank\">\r\n<img decoding=\"async\" src=\"https:\/\/sercoflex.cl\/sitio\/wp-content\/uploads\/2020\/09\/pdf.png\" width=\"50\" \/>\r\n<\/a><\/p>\r\n<\/td>\r\n<td><p align=\"center\"><a href=\"https:\/\/sercoflex.cl\/sitio\/wp-content\/uploads\/2020\/08\/QUBE-data-sheet.pdf\" target=\"_blank\">\r\n<img decoding=\"async\" src=\"https:\/\/sercoflex.cl\/sitio\/wp-content\/uploads\/2020\/09\/pdf.png\" width=\"50\" \/>\r\n<\/a><\/p>\r\n<\/td>\r\n<td><p align=\"center\"><a href=\"https:\/\/sercoflex.cl\/sitio\/wp-content\/uploads\/2020\/08\/TL01-data-Sheet.pdf\" target=\"_blank\">\r\n<img decoding=\"async\" src=\"https:\/\/sercoflex.cl\/sitio\/wp-content\/uploads\/2020\/09\/pdf.png\" width=\"50\" \/>\r\n<\/a><\/p>\r\n<\/td>\r\n<\/tbody>\r\n<\/table>\r\n<\/div>\t\t<\/div>\n\t\t\t\t<\/div>\n\t\t\t\t\t\t<\/div>\n\t\t\t\t\t<\/div>\n\t\t<\/div>\n\t\t\t\t\t\t\t\t<\/div>\n\t\t\t\t\t<\/div>\n\t\t<\/section>\n\t\t\t\t\t\t<\/div>\n\t\t\t\t\t<\/div>\n\t\t<\/div>\n\t\t\t\t\t\t\t\t<\/div>\n\t\t\t\t\t<\/div>\n\t\t<\/section>\n\t\t\t\t\t\t<\/div>\n\t\t\t\t\t\t<\/div>\n\t\t\t\t\t<\/div>\n\t\t","protected":false},"excerpt":{"rendered":"<p>Sensor \u00d3ptico TL.01 es un sensor \u00f3ptico capaz de leer l\u00edneas y \/ o bordes de laminados utilizando el contraste de la luz producida. Con una amplia \u00e1rea visual de aproximadamente 28 mm y un tiempo de respuesta de 1 ms, TL.01 puede detectar l\u00edneas de color continuas o interrumpidas [&hellip;]<\/p>\n","protected":false},"author":1,"featured_media":0,"parent":0,"menu_order":0,"comment_status":"closed","ping_status":"closed","template":"","meta":{"footnotes":""},"class_list":["post-182","page","type-page","status-publish","hentry"],"yoast_head":"<!-- This site is optimized with the Yoast SEO plugin v16.5 - https:\/\/yoast.com\/wordpress\/plugins\/seo\/ -->\n<title>\u00d3ptico - Sercoflex | Re<\/title>\n<meta name=\"robots\" content=\"index, follow, max-snippet:-1, max-image-preview:large, max-video-preview:-1\" \/>\n<link rel=\"canonical\" href=\"https:\/\/sercoflex.cl\/sitio\/optico\/\" \/>\n<meta property=\"og:locale\" content=\"es_ES\" \/>\n<meta property=\"og:type\" content=\"article\" \/>\n<meta property=\"og:title\" content=\"\u00d3ptico - Sercoflex | Re\" \/>\n<meta property=\"og:description\" content=\"Sensor \u00d3ptico TL.01 es un sensor \u00f3ptico capaz de leer l\u00edneas y \/ o bordes de laminados utilizando el contraste de la luz producida. Con una amplia \u00e1rea visual de aproximadamente 28 mm y un tiempo de respuesta de 1 ms, TL.01 puede detectar l\u00edneas de color continuas o interrumpidas [&hellip;]\" \/>\n<meta property=\"og:url\" content=\"https:\/\/sercoflex.cl\/sitio\/optico\/\" \/>\n<meta property=\"og:site_name\" content=\"Sercoflex | Re\" \/>\n<meta property=\"article:modified_time\" content=\"2025-10-08T18:49:06+00:00\" \/>\n<meta property=\"og:image\" content=\"https:\/\/sercoflex.cl\/sitio\/wp-content\/uploads\/2020\/08\/FISHEYE.png\" \/>\n<meta name=\"twitter:card\" content=\"summary_large_image\" \/>\n<meta name=\"twitter:label1\" content=\"Est. reading time\" \/>\n\t<meta name=\"twitter:data1\" content=\"1 minuto\" \/>\n<script type=\"application\/ld+json\" class=\"yoast-schema-graph\">{\"@context\":\"https:\/\/schema.org\",\"@graph\":[{\"@type\":\"Organization\",\"@id\":\"https:\/\/sercoflex.cl\/sitio\/#organization\",\"name\":\"Sercoflex\",\"url\":\"https:\/\/sercoflex.cl\/sitio\/\",\"sameAs\":[\"https:\/\/www.linkedin.com\/in\/comercial-sercoflex-6779211b4\/\"],\"logo\":{\"@type\":\"ImageObject\",\"@id\":\"https:\/\/sercoflex.cl\/sitio\/#logo\",\"inLanguage\":\"es-CL\",\"url\":\"https:\/\/sercoflex.cl\/sitio\/wp-content\/uploads\/2021\/01\/Logo-serco.jpg\",\"contentUrl\":\"https:\/\/sercoflex.cl\/sitio\/wp-content\/uploads\/2021\/01\/Logo-serco.jpg\",\"width\":790,\"height\":945,\"caption\":\"Sercoflex\"},\"image\":{\"@id\":\"https:\/\/sercoflex.cl\/sitio\/#logo\"}},{\"@type\":\"WebSite\",\"@id\":\"https:\/\/sercoflex.cl\/sitio\/#website\",\"url\":\"https:\/\/sercoflex.cl\/sitio\/\",\"name\":\"Sercoflex\",\"description\":\"Empresa dedicada a productos industriales.\",\"publisher\":{\"@id\":\"https:\/\/sercoflex.cl\/sitio\/#organization\"},\"potentialAction\":[{\"@type\":\"SearchAction\",\"target\":\"https:\/\/sercoflex.cl\/sitio\/?s={search_term_string}\",\"query-input\":\"required name=search_term_string\"}],\"inLanguage\":\"es-CL\"},{\"@type\":\"ImageObject\",\"@id\":\"https:\/\/sercoflex.cl\/sitio\/optico\/#primaryimage\",\"inLanguage\":\"es-CL\",\"url\":\"https:\/\/sercoflex.cl\/sitio\/wp-content\/uploads\/2020\/08\/FISHEYE.png\",\"contentUrl\":\"https:\/\/sercoflex.cl\/sitio\/wp-content\/uploads\/2020\/08\/FISHEYE.png\",\"width\":285,\"height\":329},{\"@type\":\"WebPage\",\"@id\":\"https:\/\/sercoflex.cl\/sitio\/optico\/#webpage\",\"url\":\"https:\/\/sercoflex.cl\/sitio\/optico\/\",\"name\":\"\\u00d3ptico - Sercoflex | Re\",\"isPartOf\":{\"@id\":\"https:\/\/sercoflex.cl\/sitio\/#website\"},\"primaryImageOfPage\":{\"@id\":\"https:\/\/sercoflex.cl\/sitio\/optico\/#primaryimage\"},\"datePublished\":\"2020-08-11T21:31:04+00:00\",\"dateModified\":\"2025-10-08T18:49:06+00:00\",\"breadcrumb\":{\"@id\":\"https:\/\/sercoflex.cl\/sitio\/optico\/#breadcrumb\"},\"inLanguage\":\"es-CL\",\"potentialAction\":[{\"@type\":\"ReadAction\",\"target\":[\"https:\/\/sercoflex.cl\/sitio\/optico\/\"]}]},{\"@type\":\"BreadcrumbList\",\"@id\":\"https:\/\/sercoflex.cl\/sitio\/optico\/#breadcrumb\",\"itemListElement\":[{\"@type\":\"ListItem\",\"position\":1,\"name\":\"Portada\",\"item\":\"https:\/\/sercoflex.cl\/sitio\/\"},{\"@type\":\"ListItem\",\"position\":2,\"name\":\"\\u00d3ptico\"}]}]}<\/script>\n<!-- \/ Yoast SEO plugin. -->","_links":{"self":[{"href":"https:\/\/sercoflex.cl\/sitio\/wp-json\/wp\/v2\/pages\/182","targetHints":{"allow":["GET"]}}],"collection":[{"href":"https:\/\/sercoflex.cl\/sitio\/wp-json\/wp\/v2\/pages"}],"about":[{"href":"https:\/\/sercoflex.cl\/sitio\/wp-json\/wp\/v2\/types\/page"}],"author":[{"embeddable":true,"href":"https:\/\/sercoflex.cl\/sitio\/wp-json\/wp\/v2\/users\/1"}],"replies":[{"embeddable":true,"href":"https:\/\/sercoflex.cl\/sitio\/wp-json\/wp\/v2\/comments?post=182"}],"version-history":[{"count":10,"href":"https:\/\/sercoflex.cl\/sitio\/wp-json\/wp\/v2\/pages\/182\/revisions"}],"predecessor-version":[{"id":3902,"href":"https:\/\/sercoflex.cl\/sitio\/wp-json\/wp\/v2\/pages\/182\/revisions\/3902"}],"wp:attachment":[{"href":"https:\/\/sercoflex.cl\/sitio\/wp-json\/wp\/v2\/media?parent=182"}],"curies":[{"name":"wp","href":"https:\/\/api.w.org\/{rel}","templated":true}]}}