{"id":179,"date":"2020-08-11T18:30:23","date_gmt":"2020-08-11T21:30:23","guid":{"rendered":"http:\/\/sercoflex.cl\/sitio\/?page_id=179"},"modified":"2025-10-08T14:36:21","modified_gmt":"2025-10-08T17:36:21","slug":"infrarojo","status":"publish","type":"page","link":"https:\/\/sercoflex.cl\/sitio\/infrarojo\/","title":{"rendered":"Infrarrojo"},"content":{"rendered":"\t\t<div data-elementor-type=\"wp-page\" data-elementor-id=\"179\" class=\"elementor elementor-179\" data-elementor-settings=\"[]\">\n\t\t\t\t\t\t<div class=\"elementor-inner\">\n\t\t\t\t\t\t\t<div class=\"elementor-section-wrap\">\n\t\t\t\t\t\t\t<section class=\"elementor-section elementor-top-section elementor-element elementor-element-94218be elementor-section-boxed elementor-section-height-default elementor-section-height-default\" data-id=\"94218be\" data-element_type=\"section\">\n\t\t\t\t\t\t<div class=\"elementor-container elementor-column-gap-default\">\n\t\t\t\t\t\t\t<div class=\"elementor-row\">\n\t\t\t\t\t<div class=\"elementor-column elementor-col-100 elementor-top-column elementor-element elementor-element-a44d696\" data-id=\"a44d696\" data-element_type=\"column\">\n\t\t\t<div class=\"elementor-column-wrap elementor-element-populated\">\n\t\t\t\t\t\t\t<div class=\"elementor-widget-wrap\">\n\t\t\t\t\t\t<div class=\"elementor-element elementor-element-bc233f1 elementor-widget elementor-widget-text-editor\" data-id=\"bc233f1\" data-element_type=\"widget\" data-widget_type=\"text-editor.default\">\n\t\t\t\t<div class=\"elementor-widget-container\">\n\t\t\t\t\t\t\t\t<div class=\"elementor-text-editor elementor-clearfix\">\n\t\t\t\t\t<h5>Sensores\u00a0 infrarrojos<\/h5><p>Los sensores de infrarrojos Re est\u00e1n dise\u00f1ados espec\u00edficamente para leer el borde de redes transparentes al sonido, materiales con tejidos muy gruesos y materiales no transparentes.<\/p><p>El tama\u00f1o y conexi\u00f3n de todos los modelos es id\u00e9ntico, por lo que son totalmente intercambiables en la gu\u00eda web, dependiendo de las necesidades de la aplicaci\u00f3n. Si se utilizan dos sensores simult\u00e1neamente, la gu\u00eda central tambi\u00e9n se puede seleccionar desde la unidad de control remoto.<\/p><p>La versi\u00f3n SU-M.25-SKB es IP 54: protegida del polvo y salpicaduras de agua. La versi\u00f3n AIR tiene una conexi\u00f3n neum\u00e1tica especial para limpiar la zona de lectura de residuos de mecanizado.<\/p>\t\t\t\t\t<\/div>\n\t\t\t\t\t\t<\/div>\n\t\t\t\t<\/div>\n\t\t\t\t\t\t<\/div>\n\t\t\t\t\t<\/div>\n\t\t<\/div>\n\t\t\t\t\t\t\t\t<\/div>\n\t\t\t\t\t<\/div>\n\t\t<\/section>\n\t\t\t\t<section class=\"elementor-section elementor-top-section elementor-element elementor-element-dd6cf2f elementor-section-boxed elementor-section-height-default elementor-section-height-default\" data-id=\"dd6cf2f\" data-element_type=\"section\">\n\t\t\t\t\t\t<div class=\"elementor-container elementor-column-gap-default\">\n\t\t\t\t\t\t\t<div class=\"elementor-row\">\n\t\t\t\t\t<div class=\"elementor-column elementor-col-100 elementor-top-column elementor-element elementor-element-bd84865\" data-id=\"bd84865\" data-element_type=\"column\">\n\t\t\t<div class=\"elementor-column-wrap elementor-element-populated\">\n\t\t\t\t\t\t\t<div class=\"elementor-widget-wrap\">\n\t\t\t\t\t\t<div class=\"elementor-element elementor-element-ef87bd1 elementor-arrows-position-inside elementor-pagination-position-outside elementor-widget elementor-widget-image-carousel\" data-id=\"ef87bd1\" data-element_type=\"widget\" data-settings=\"{&quot;navigation&quot;:&quot;both&quot;,&quot;autoplay&quot;:&quot;yes&quot;,&quot;pause_on_hover&quot;:&quot;yes&quot;,&quot;pause_on_interaction&quot;:&quot;yes&quot;,&quot;autoplay_speed&quot;:5000,&quot;infinite&quot;:&quot;yes&quot;,&quot;speed&quot;:500}\" data-widget_type=\"image-carousel.default\">\n\t\t\t\t<div class=\"elementor-widget-container\">\n\t\t\t\t\t<div class=\"elementor-image-carousel-wrapper swiper-container\" dir=\"ltr\">\n\t\t\t<div class=\"elementor-image-carousel swiper-wrapper\">\n\t\t\t\t<div class=\"swiper-slide\"><figure class=\"swiper-slide-inner\"><img decoding=\"async\" class=\"swiper-slide-image\" src=\"https:\/\/sercoflex.cl\/sitio\/wp-content\/uploads\/2025\/10\/Respa-header-image-SIR-sensors-1024x520-1-300x152.png\" alt=\"Respa-header-image-SIR-sensors--1024x520\" \/><\/figure><\/div>\t\t\t<\/div>\n\t\t\t\t\t<\/div>\n\t\t\t\t<\/div>\n\t\t\t\t<\/div>\n\t\t\t\t\t\t<\/div>\n\t\t\t\t\t<\/div>\n\t\t<\/div>\n\t\t\t\t\t\t\t\t<\/div>\n\t\t\t\t\t<\/div>\n\t\t<\/section>\n\t\t\t\t<section class=\"elementor-section elementor-top-section elementor-element elementor-element-5f74e417 elementor-section-boxed elementor-section-height-default elementor-section-height-default\" data-id=\"5f74e417\" data-element_type=\"section\">\n\t\t\t\t\t\t<div class=\"elementor-container elementor-column-gap-default\">\n\t\t\t\t\t\t\t<div class=\"elementor-row\">\n\t\t\t\t\t<div class=\"elementor-column elementor-col-100 elementor-top-column elementor-element elementor-element-26f57642\" data-id=\"26f57642\" data-element_type=\"column\">\n\t\t\t<div class=\"elementor-column-wrap elementor-element-populated\">\n\t\t\t\t\t\t\t<div class=\"elementor-widget-wrap\">\n\t\t\t\t\t\t<div class=\"elementor-element elementor-element-4408f89b elementor-widget elementor-widget-text-editor\" data-id=\"4408f89b\" data-element_type=\"widget\" data-widget_type=\"text-editor.default\">\n\t\t\t\t<div class=\"elementor-widget-container\">\n\t\t\t\t\t\t\t\t<div class=\"elementor-text-editor elementor-clearfix\">\n\t\t\t\t\t<h5>Datos T\u00e9cnicos<\/h5><table width=\"750\"><thead><tr><td>\u00a0<\/td><td><p align=\"center\">SIR-M.25<\/p><\/td><td><p align=\"center\">SIR.1<\/p><\/td><td><p align=\"center\">SIR.70<\/p><\/td><td><p align=\"center\">SIR.71<\/p><\/td><\/tr><\/thead><tbody><tr><td><strong>Alimentaci\u00f3n<\/strong><\/td><td>12\u00f724 Vdc<\/td><td>12 Vdc (o 24 Vdc)<\/td><td>12\u00f724 Vdc<\/td><td>12\u00f724 Vdc<\/td><\/tr><tr><td><strong>Absorci\u00f3n<\/strong><\/td><td>&lt;70 mA<\/td><td>&lt;70 mA<\/td><td>&lt;70 mA<\/td><td>&lt;70 mA<\/td><\/tr><tr><td><strong>Ancho interior<\/strong><\/td><td>30 mm<\/td><td>48 mm<\/td><td>181 mm<\/td><td>58 mm<\/td><\/tr><tr><td><strong>Rango medici\u00f3n<\/strong><\/td><td>5 mm<\/td><td>16 mm<\/td><td>84 mm<\/td><td>16 mm<\/td><\/tr><tr><td><strong>Resoluci\u00f3n<\/strong><\/td><td>0,01 mm<\/td><td>0,1 mm<\/td><td>0,042 mm<\/td><td>0,01 mm<\/td><\/tr><tr><td><strong>Salida an\u00e1loga<\/strong><\/td><td>0\u00f75 V, 4\u00f720 mA<\/td><td>0\u00f75 Vdc<\/td><td>0\u00f75 V, 4\u00f720 mA<\/td><td>0\u00f75 V, 4\u00f720 mA<\/td><\/tr><tr><td><strong>Temperatura de trabajo<\/strong><\/td><td>10\u00f750 \u00b0C<\/td><td>0\u00f750 \u00b0C<\/td><td>10\u00f780\u00b0C<\/td><td>10\u00f780\u00b0C<\/td><\/tr><tr><td><strong>Protecci\u00f3n IP <\/strong><\/td><td>IP40 \/ IP54<\/td><td>IP40<\/td><td>IP40<\/td><td>IP40<\/td><\/tr><tr><td><strong>Ver PDF <\/strong><\/td><td><p align=\"center\"><a href=\"https:\/\/sercoflex.cl\/sitio\/wp-content\/uploads\/2020\/08\/SIR-M-25-data-sheet.pdf\" target=\"_blank\" rel=\"noopener noreferrer\"><br \/><img decoding=\"async\" src=\"https:\/\/sercoflex.cl\/sitio\/wp-content\/uploads\/2020\/09\/pdf.png\" width=\"50\" \/><br \/><\/a><\/p><\/td><td><p align=\"center\"><a href=\"https:\/\/sercoflex.cl\/sitio\/wp-content\/uploads\/2020\/08\/SIR-1B-data-sheet.pdf\" target=\"_blank\" rel=\"noopener noreferrer\"><br \/><img decoding=\"async\" src=\"https:\/\/sercoflex.cl\/sitio\/wp-content\/uploads\/2020\/09\/pdf.png\" width=\"50\" \/><br \/><\/a><\/p><\/td><td><p align=\"center\"><a href=\"https:\/\/sercoflex.cl\/sitio\/wp-content\/uploads\/2020\/08\/SIR-70-SIR-71-data-sheet.pdf\" target=\"_blank\" rel=\"noopener noreferrer\"><br \/><img decoding=\"async\" src=\"https:\/\/sercoflex.cl\/sitio\/wp-content\/uploads\/2020\/09\/pdf.png\" width=\"50\" \/><br \/><\/a><\/p><\/td><td><p align=\"center\"><a href=\"https:\/\/sercoflex.cl\/sitio\/wp-content\/uploads\/2020\/08\/SIR-70-SIR-71-data-sheet.pdf\" target=\"_blank\" rel=\"noopener noreferrer\"><br \/><img decoding=\"async\" src=\"https:\/\/sercoflex.cl\/sitio\/wp-content\/uploads\/2020\/09\/pdf.png\" width=\"50\" \/><br \/><\/a><\/p><\/td><\/tr><\/tbody><\/table>\t\t\t\t\t<\/div>\n\t\t\t\t\t\t<\/div>\n\t\t\t\t<\/div>\n\t\t\t\t\t\t<\/div>\n\t\t\t\t\t<\/div>\n\t\t<\/div>\n\t\t\t\t\t\t\t\t<\/div>\n\t\t\t\t\t<\/div>\n\t\t<\/section>\n\t\t\t\t\t\t<\/div>\n\t\t\t\t\t\t<\/div>\n\t\t\t\t\t<\/div>\n\t\t","protected":false},"excerpt":{"rendered":"<p>Sensores\u00a0 infrarrojos Los sensores de infrarrojos Re est\u00e1n dise\u00f1ados espec\u00edficamente para leer el borde de redes transparentes al sonido, materiales con tejidos muy gruesos y materiales no transparentes. El tama\u00f1o y conexi\u00f3n de todos los modelos es id\u00e9ntico, por lo que son totalmente intercambiables en la gu\u00eda web, dependiendo de [&hellip;]<\/p>\n","protected":false},"author":1,"featured_media":0,"parent":0,"menu_order":0,"comment_status":"closed","ping_status":"closed","template":"","meta":{"footnotes":""},"class_list":["post-179","page","type-page","status-publish","hentry"],"yoast_head":"<!-- This site is optimized with the Yoast SEO plugin v16.5 - https:\/\/yoast.com\/wordpress\/plugins\/seo\/ -->\n<title>Infrarrojo - Sercoflex | Re<\/title>\n<meta name=\"robots\" content=\"index, follow, max-snippet:-1, max-image-preview:large, max-video-preview:-1\" \/>\n<link rel=\"canonical\" href=\"https:\/\/sercoflex.cl\/sitio\/infrarojo\/\" \/>\n<meta property=\"og:locale\" content=\"es_ES\" \/>\n<meta property=\"og:type\" content=\"article\" \/>\n<meta property=\"og:title\" content=\"Infrarrojo - Sercoflex | Re\" \/>\n<meta property=\"og:description\" content=\"Sensores\u00a0 infrarrojos Los sensores de infrarrojos Re est\u00e1n dise\u00f1ados espec\u00edficamente para leer el borde de redes transparentes al sonido, materiales con tejidos muy gruesos y materiales no transparentes. El tama\u00f1o y conexi\u00f3n de todos los modelos es id\u00e9ntico, por lo que son totalmente intercambiables en la gu\u00eda web, dependiendo de [&hellip;]\" \/>\n<meta property=\"og:url\" content=\"https:\/\/sercoflex.cl\/sitio\/infrarojo\/\" \/>\n<meta property=\"og:site_name\" content=\"Sercoflex | Re\" \/>\n<meta property=\"article:modified_time\" content=\"2025-10-08T17:36:21+00:00\" \/>\n<meta property=\"og:image\" content=\"https:\/\/sercoflex.cl\/sitio\/wp-content\/uploads\/2025\/10\/Respa-header-image-SIR-sensors-1024x520-1-300x152.png\" \/>\n<meta name=\"twitter:card\" content=\"summary_large_image\" \/>\n<meta name=\"twitter:label1\" content=\"Est. reading time\" \/>\n\t<meta name=\"twitter:data1\" content=\"1 minuto\" \/>\n<script type=\"application\/ld+json\" class=\"yoast-schema-graph\">{\"@context\":\"https:\/\/schema.org\",\"@graph\":[{\"@type\":\"Organization\",\"@id\":\"https:\/\/sercoflex.cl\/sitio\/#organization\",\"name\":\"Sercoflex\",\"url\":\"https:\/\/sercoflex.cl\/sitio\/\",\"sameAs\":[\"https:\/\/www.linkedin.com\/in\/comercial-sercoflex-6779211b4\/\"],\"logo\":{\"@type\":\"ImageObject\",\"@id\":\"https:\/\/sercoflex.cl\/sitio\/#logo\",\"inLanguage\":\"es-CL\",\"url\":\"https:\/\/sercoflex.cl\/sitio\/wp-content\/uploads\/2021\/01\/Logo-serco.jpg\",\"contentUrl\":\"https:\/\/sercoflex.cl\/sitio\/wp-content\/uploads\/2021\/01\/Logo-serco.jpg\",\"width\":790,\"height\":945,\"caption\":\"Sercoflex\"},\"image\":{\"@id\":\"https:\/\/sercoflex.cl\/sitio\/#logo\"}},{\"@type\":\"WebSite\",\"@id\":\"https:\/\/sercoflex.cl\/sitio\/#website\",\"url\":\"https:\/\/sercoflex.cl\/sitio\/\",\"name\":\"Sercoflex\",\"description\":\"Empresa dedicada a productos industriales.\",\"publisher\":{\"@id\":\"https:\/\/sercoflex.cl\/sitio\/#organization\"},\"potentialAction\":[{\"@type\":\"SearchAction\",\"target\":\"https:\/\/sercoflex.cl\/sitio\/?s={search_term_string}\",\"query-input\":\"required name=search_term_string\"}],\"inLanguage\":\"es-CL\"},{\"@type\":\"ImageObject\",\"@id\":\"https:\/\/sercoflex.cl\/sitio\/infrarojo\/#primaryimage\",\"inLanguage\":\"es-CL\",\"url\":\"https:\/\/sercoflex.cl\/sitio\/wp-content\/uploads\/2025\/10\/Respa-header-image-SIR-sensors-1024x520-1.png\",\"contentUrl\":\"https:\/\/sercoflex.cl\/sitio\/wp-content\/uploads\/2025\/10\/Respa-header-image-SIR-sensors-1024x520-1.png\",\"width\":1024,\"height\":520},{\"@type\":\"WebPage\",\"@id\":\"https:\/\/sercoflex.cl\/sitio\/infrarojo\/#webpage\",\"url\":\"https:\/\/sercoflex.cl\/sitio\/infrarojo\/\",\"name\":\"Infrarrojo - Sercoflex | Re\",\"isPartOf\":{\"@id\":\"https:\/\/sercoflex.cl\/sitio\/#website\"},\"primaryImageOfPage\":{\"@id\":\"https:\/\/sercoflex.cl\/sitio\/infrarojo\/#primaryimage\"},\"datePublished\":\"2020-08-11T21:30:23+00:00\",\"dateModified\":\"2025-10-08T17:36:21+00:00\",\"breadcrumb\":{\"@id\":\"https:\/\/sercoflex.cl\/sitio\/infrarojo\/#breadcrumb\"},\"inLanguage\":\"es-CL\",\"potentialAction\":[{\"@type\":\"ReadAction\",\"target\":[\"https:\/\/sercoflex.cl\/sitio\/infrarojo\/\"]}]},{\"@type\":\"BreadcrumbList\",\"@id\":\"https:\/\/sercoflex.cl\/sitio\/infrarojo\/#breadcrumb\",\"itemListElement\":[{\"@type\":\"ListItem\",\"position\":1,\"name\":\"Portada\",\"item\":\"https:\/\/sercoflex.cl\/sitio\/\"},{\"@type\":\"ListItem\",\"position\":2,\"name\":\"Infrarrojo\"}]}]}<\/script>\n<!-- \/ Yoast SEO plugin. -->","_links":{"self":[{"href":"https:\/\/sercoflex.cl\/sitio\/wp-json\/wp\/v2\/pages\/179","targetHints":{"allow":["GET"]}}],"collection":[{"href":"https:\/\/sercoflex.cl\/sitio\/wp-json\/wp\/v2\/pages"}],"about":[{"href":"https:\/\/sercoflex.cl\/sitio\/wp-json\/wp\/v2\/types\/page"}],"author":[{"embeddable":true,"href":"https:\/\/sercoflex.cl\/sitio\/wp-json\/wp\/v2\/users\/1"}],"replies":[{"embeddable":true,"href":"https:\/\/sercoflex.cl\/sitio\/wp-json\/wp\/v2\/comments?post=179"}],"version-history":[{"count":10,"href":"https:\/\/sercoflex.cl\/sitio\/wp-json\/wp\/v2\/pages\/179\/revisions"}],"predecessor-version":[{"id":3899,"href":"https:\/\/sercoflex.cl\/sitio\/wp-json\/wp\/v2\/pages\/179\/revisions\/3899"}],"wp:attachment":[{"href":"https:\/\/sercoflex.cl\/sitio\/wp-json\/wp\/v2\/media?parent=179"}],"curies":[{"name":"wp","href":"https:\/\/api.w.org\/{rel}","templated":true}]}}