{"id":171,"date":"2020-08-11T18:24:10","date_gmt":"2020-08-11T21:24:10","guid":{"rendered":"http:\/\/sercoflex.cl\/sitio\/?page_id=171"},"modified":"2025-10-08T13:58:23","modified_gmt":"2025-10-08T16:58:23","slug":"sistema-wg-reversible","status":"publish","type":"page","link":"https:\/\/sercoflex.cl\/sitio\/sistema-wg-reversible\/","title":{"rendered":"Sistema WG Reversible"},"content":{"rendered":"\t\t<div data-elementor-type=\"wp-page\" data-elementor-id=\"171\" class=\"elementor elementor-171\" data-elementor-settings=\"[]\">\n\t\t\t\t\t\t<div class=\"elementor-inner\">\n\t\t\t\t\t\t\t<div class=\"elementor-section-wrap\">\n\t\t\t\t\t\t\t<section class=\"elementor-section elementor-top-section elementor-element elementor-element-260fa9a elementor-section-boxed elementor-section-height-default elementor-section-height-default\" data-id=\"260fa9a\" data-element_type=\"section\">\n\t\t\t\t\t\t<div class=\"elementor-container elementor-column-gap-default\">\n\t\t\t\t\t\t\t<div class=\"elementor-row\">\n\t\t\t\t\t<div class=\"elementor-column elementor-col-100 elementor-top-column elementor-element elementor-element-f552fbc\" data-id=\"f552fbc\" data-element_type=\"column\">\n\t\t\t<div class=\"elementor-column-wrap elementor-element-populated\">\n\t\t\t\t\t\t\t<div class=\"elementor-widget-wrap\">\n\t\t\t\t\t\t<div class=\"elementor-element elementor-element-ee61da7 elementor-widget elementor-widget-text-editor\" data-id=\"ee61da7\" data-element_type=\"widget\" data-widget_type=\"text-editor.default\">\n\t\t\t\t<div class=\"elementor-widget-container\">\n\t\t\t\t\t\t\t\t<div class=\"elementor-text-editor elementor-clearfix\">\n\t\t\t\t\t<h5>Sistema de alineaci\u00f3n WG Reversible<\/h5><p>El sistema de guiado de banda WG Reverse\u00a0con barras giratorias es una soluci\u00f3n de Re S.p.A.\u00a0es un sistema complejo dise\u00f1ado para el procesado a doble cara de una banda en ejecuci\u00f3n, ya que permite el giro de la banda para imprimir o realizar procesos en ambos lados del material. Adem\u00e1s del torneado de la banda, el sistema Reverse, equipado con la unidad de control MWG10.1 y los sensores, se puede utilizar para una alineaci\u00f3n precisa de la banda para garantizar un procesamiento perfecto.<\/p><p>Las barras diagonales de 45\u00b0 del sistema est\u00e1n cromadas y microperforadas. Esta ingenier\u00eda de precisi\u00f3n genera un colch\u00f3n de aire que evita el roce del rollo y protege la superficie de la banda de cualquier da\u00f1o mientras gira.<\/p><p>El sistema WG Reverse est\u00e1 disponible en dos versiones:<\/p><ul><li><b>Reverse 180:<\/b>\u00a0Ideal para aplicaciones lineales como m\u00e1quinas flexogr\u00e1ficas o de huecograbado.<\/li><li><b>Reverse 90:<\/b> Dise\u00f1ado para m\u00e1quinas con rebobinadora perpendicular a la estaci\u00f3n de desenrollado.<\/li><\/ul>\t\t\t\t\t<\/div>\n\t\t\t\t\t\t<\/div>\n\t\t\t\t<\/div>\n\t\t\t\t\t\t<\/div>\n\t\t\t\t\t<\/div>\n\t\t<\/div>\n\t\t\t\t\t\t\t\t<\/div>\n\t\t\t\t\t<\/div>\n\t\t<\/section>\n\t\t\t\t<section class=\"elementor-section elementor-top-section elementor-element elementor-element-381881f elementor-section-boxed elementor-section-height-default elementor-section-height-default\" data-id=\"381881f\" data-element_type=\"section\">\n\t\t\t\t\t\t<div class=\"elementor-container elementor-column-gap-default\">\n\t\t\t\t\t\t\t<div class=\"elementor-row\">\n\t\t\t\t\t<div class=\"elementor-column elementor-col-100 elementor-top-column elementor-element elementor-element-5bdde22\" data-id=\"5bdde22\" data-element_type=\"column\">\n\t\t\t<div class=\"elementor-column-wrap elementor-element-populated\">\n\t\t\t\t\t\t\t<div class=\"elementor-widget-wrap\">\n\t\t\t\t\t\t<div class=\"elementor-element elementor-element-d334ff6 elementor-arrows-position-inside elementor-pagination-position-outside elementor-widget elementor-widget-image-carousel\" data-id=\"d334ff6\" data-element_type=\"widget\" data-settings=\"{&quot;slides_to_show&quot;:&quot;2&quot;,&quot;slides_to_scroll&quot;:&quot;2&quot;,&quot;autoplay&quot;:&quot;no&quot;,&quot;navigation&quot;:&quot;both&quot;,&quot;infinite&quot;:&quot;yes&quot;,&quot;speed&quot;:500}\" data-widget_type=\"image-carousel.default\">\n\t\t\t\t<div class=\"elementor-widget-container\">\n\t\t\t\t\t<div class=\"elementor-image-carousel-wrapper swiper-container\" dir=\"ltr\">\n\t\t\t<div class=\"elementor-image-carousel swiper-wrapper\">\n\t\t\t\t<div class=\"swiper-slide\"><figure class=\"swiper-slide-inner\"><img decoding=\"async\" class=\"swiper-slide-image\" src=\"https:\/\/sercoflex.cl\/sitio\/wp-content\/uploads\/2025\/10\/800x0-WG-reverse-180-web-guiding-3-265x300.jpg\" alt=\"800x0-WG-reverse-180-web-guiding-3\" \/><\/figure><\/div><div class=\"swiper-slide\"><figure class=\"swiper-slide-inner\"><img decoding=\"async\" class=\"swiper-slide-image\" src=\"https:\/\/sercoflex.cl\/sitio\/wp-content\/uploads\/2025\/10\/800x0-WG-reverse-180-web-guiding-1-300x271.jpg\" alt=\"800x0-WG-reverse-180-web-guiding-1\" \/><\/figure><\/div>\t\t\t<\/div>\n\t\t\t\t\t\t\t\t\t\t\t\t<div class=\"swiper-pagination\"><\/div>\n\t\t\t\t\t\t\t\t\t\t\t\t\t<div class=\"elementor-swiper-button elementor-swiper-button-prev\">\n\t\t\t\t\t\t<i class=\"eicon-chevron-left\" aria-hidden=\"true\"><\/i>\n\t\t\t\t\t\t<span class=\"elementor-screen-only\">Previous<\/span>\n\t\t\t\t\t<\/div>\n\t\t\t\t\t<div class=\"elementor-swiper-button elementor-swiper-button-next\">\n\t\t\t\t\t\t<i class=\"eicon-chevron-right\" aria-hidden=\"true\"><\/i>\n\t\t\t\t\t\t<span class=\"elementor-screen-only\">Next<\/span>\n\t\t\t\t\t<\/div>\n\t\t\t\t\t\t\t\t\t<\/div>\n\t\t\t\t<\/div>\n\t\t\t\t<\/div>\n\t\t\t\t\t\t<\/div>\n\t\t\t\t\t<\/div>\n\t\t<\/div>\n\t\t\t\t\t\t\t\t<\/div>\n\t\t\t\t\t<\/div>\n\t\t<\/section>\n\t\t\t\t<section class=\"elementor-section elementor-top-section elementor-element elementor-element-3fda140c elementor-section-boxed elementor-section-height-default elementor-section-height-default\" data-id=\"3fda140c\" data-element_type=\"section\">\n\t\t\t\t\t\t<div class=\"elementor-container elementor-column-gap-default\">\n\t\t\t\t\t\t\t<div class=\"elementor-row\">\n\t\t\t\t\t<div class=\"elementor-column elementor-col-100 elementor-top-column elementor-element elementor-element-42e46171\" data-id=\"42e46171\" data-element_type=\"column\">\n\t\t\t<div class=\"elementor-column-wrap elementor-element-populated\">\n\t\t\t\t\t\t\t<div class=\"elementor-widget-wrap\">\n\t\t\t\t\t\t<div class=\"elementor-element elementor-element-5e2c3efa elementor-widget elementor-widget-text-editor\" data-id=\"5e2c3efa\" data-element_type=\"widget\" data-widget_type=\"text-editor.default\">\n\t\t\t\t<div class=\"elementor-widget-container\">\n\t\t\t\t\t\t\t\t<div class=\"elementor-text-editor elementor-clearfix\">\n\t\t\t\t\t<h5>Datos T\u00e9cnicos<\/h5><table width=\"750\"><thead><tr><td>\u00a0<\/td><td><p align=\"center\">Carrera<\/p><\/td><td><p align=\"center\">Velocidad Min-max<\/p><\/td><td><p align=\"center\">Largo rodillo Max<\/p><\/td><td><p align=\"center\">Di\u00e1meter barra diagonal<\/p><\/td><td><p align=\"center\">Tensi\u00f3n m\u00e1x<\/p><\/td><\/tr><\/thead><tbody><tr><td><strong>Reverse 90<\/strong><\/td><td>+\/- 25 \u00f7 +\/-50 mm<\/td><td>1-37 mm\/s<\/td><td>1600 mm<\/td><td>80 mm \u00f7 160 mm<\/td><td>800 N<\/td><\/tr><tr><td><strong>Reverse 180<\/strong><\/td><td>+\/- 25 \u00f7 +\/-50 mm<\/td><td>1-37 mm\/s<\/td><td>1600 mm<\/td><td>80 mm \u00f7 160 mm<\/td><td>800 N<\/td><\/tr><\/tbody><\/table><h5>Modelos<\/h5><table width=\"750\"><tbody><tr><td>\u00a0<\/td><td><p align=\"center\">WG reverse 90<\/p><\/td><td><p align=\"center\">WG reverse 180<\/p><\/td><\/tr><tr><td><strong>Ver PDF<\/strong><\/td><td><p align=\"center\"><a href=\"https:\/\/sercoflex.cl\/sitio\/wp-content\/uploads\/2020\/08\/WG-reverse-90-data-sheet.pdf\" target=\"_blank\" rel=\"noopener\"><br \/><img decoding=\"async\" src=\"https:\/\/sercoflex.cl\/sitio\/wp-content\/uploads\/2020\/09\/pdf.png\" width=\"50\" \/><br \/><\/a><\/p><\/td><td><p align=\"center\"><a href=\"https:\/\/sercoflex.cl\/sitio\/wp-content\/uploads\/2020\/08\/WG-reverse-180-data-sheet.pdf\" target=\"_blank\" rel=\"noopener\"><br \/><img decoding=\"async\" src=\"https:\/\/sercoflex.cl\/sitio\/wp-content\/uploads\/2020\/09\/pdf.png\" width=\"50\" \/><br \/><\/a><\/p><\/td><\/tr><\/tbody><\/table>\t\t\t\t\t<\/div>\n\t\t\t\t\t\t<\/div>\n\t\t\t\t<\/div>\n\t\t\t\t\t\t<\/div>\n\t\t\t\t\t<\/div>\n\t\t<\/div>\n\t\t\t\t\t\t\t\t<\/div>\n\t\t\t\t\t<\/div>\n\t\t<\/section>\n\t\t\t\t\t\t<\/div>\n\t\t\t\t\t\t<\/div>\n\t\t\t\t\t<\/div>\n\t\t","protected":false},"excerpt":{"rendered":"<p>Sistema de alineaci\u00f3n WG Reversible El sistema de guiado de banda WG Reverse\u00a0con barras giratorias es una soluci\u00f3n de Re S.p.A.\u00a0es un sistema complejo dise\u00f1ado para el procesado a doble cara de una banda en ejecuci\u00f3n, ya que permite el giro de la banda para imprimir o realizar procesos en [&hellip;]<\/p>\n","protected":false},"author":1,"featured_media":0,"parent":0,"menu_order":0,"comment_status":"closed","ping_status":"closed","template":"","meta":{"footnotes":""},"class_list":["post-171","page","type-page","status-publish","hentry"],"yoast_head":"<!-- This site is optimized with the Yoast SEO plugin v16.5 - https:\/\/yoast.com\/wordpress\/plugins\/seo\/ -->\n<title>Sistema WG Reversible - Sercoflex | Re<\/title>\n<meta name=\"robots\" content=\"index, follow, max-snippet:-1, max-image-preview:large, max-video-preview:-1\" \/>\n<link rel=\"canonical\" href=\"https:\/\/sercoflex.cl\/sitio\/sistema-wg-reversible\/\" \/>\n<meta property=\"og:locale\" content=\"es_ES\" \/>\n<meta property=\"og:type\" content=\"article\" \/>\n<meta property=\"og:title\" content=\"Sistema WG Reversible - Sercoflex | Re\" \/>\n<meta property=\"og:description\" content=\"Sistema de alineaci\u00f3n WG Reversible El sistema de guiado de banda WG Reverse\u00a0con barras giratorias es una soluci\u00f3n de Re S.p.A.\u00a0es un sistema complejo dise\u00f1ado para el procesado a doble cara de una banda en ejecuci\u00f3n, ya que permite el giro de la banda para imprimir o realizar procesos en [&hellip;]\" \/>\n<meta property=\"og:url\" content=\"https:\/\/sercoflex.cl\/sitio\/sistema-wg-reversible\/\" \/>\n<meta property=\"og:site_name\" content=\"Sercoflex | Re\" \/>\n<meta property=\"article:modified_time\" content=\"2025-10-08T16:58:23+00:00\" \/>\n<meta property=\"og:image\" content=\"https:\/\/sercoflex.cl\/sitio\/wp-content\/uploads\/2025\/10\/800x0-WG-reverse-180-web-guiding-3-265x300.jpg\" \/>\n<meta name=\"twitter:card\" content=\"summary_large_image\" \/>\n<meta name=\"twitter:label1\" content=\"Est. reading time\" \/>\n\t<meta name=\"twitter:data1\" content=\"2 minutos\" \/>\n<script type=\"application\/ld+json\" class=\"yoast-schema-graph\">{\"@context\":\"https:\/\/schema.org\",\"@graph\":[{\"@type\":\"Organization\",\"@id\":\"https:\/\/sercoflex.cl\/sitio\/#organization\",\"name\":\"Sercoflex\",\"url\":\"https:\/\/sercoflex.cl\/sitio\/\",\"sameAs\":[\"https:\/\/www.linkedin.com\/in\/comercial-sercoflex-6779211b4\/\"],\"logo\":{\"@type\":\"ImageObject\",\"@id\":\"https:\/\/sercoflex.cl\/sitio\/#logo\",\"inLanguage\":\"es-CL\",\"url\":\"https:\/\/sercoflex.cl\/sitio\/wp-content\/uploads\/2021\/01\/Logo-serco.jpg\",\"contentUrl\":\"https:\/\/sercoflex.cl\/sitio\/wp-content\/uploads\/2021\/01\/Logo-serco.jpg\",\"width\":790,\"height\":945,\"caption\":\"Sercoflex\"},\"image\":{\"@id\":\"https:\/\/sercoflex.cl\/sitio\/#logo\"}},{\"@type\":\"WebSite\",\"@id\":\"https:\/\/sercoflex.cl\/sitio\/#website\",\"url\":\"https:\/\/sercoflex.cl\/sitio\/\",\"name\":\"Sercoflex\",\"description\":\"Empresa dedicada a productos industriales.\",\"publisher\":{\"@id\":\"https:\/\/sercoflex.cl\/sitio\/#organization\"},\"potentialAction\":[{\"@type\":\"SearchAction\",\"target\":\"https:\/\/sercoflex.cl\/sitio\/?s={search_term_string}\",\"query-input\":\"required name=search_term_string\"}],\"inLanguage\":\"es-CL\"},{\"@type\":\"ImageObject\",\"@id\":\"https:\/\/sercoflex.cl\/sitio\/sistema-wg-reversible\/#primaryimage\",\"inLanguage\":\"es-CL\",\"url\":\"https:\/\/sercoflex.cl\/sitio\/wp-content\/uploads\/2025\/10\/800x0-WG-reverse-180-web-guiding-3.jpg\",\"contentUrl\":\"https:\/\/sercoflex.cl\/sitio\/wp-content\/uploads\/2025\/10\/800x0-WG-reverse-180-web-guiding-3.jpg\",\"width\":707,\"height\":800},{\"@type\":\"WebPage\",\"@id\":\"https:\/\/sercoflex.cl\/sitio\/sistema-wg-reversible\/#webpage\",\"url\":\"https:\/\/sercoflex.cl\/sitio\/sistema-wg-reversible\/\",\"name\":\"Sistema WG Reversible - Sercoflex | Re\",\"isPartOf\":{\"@id\":\"https:\/\/sercoflex.cl\/sitio\/#website\"},\"primaryImageOfPage\":{\"@id\":\"https:\/\/sercoflex.cl\/sitio\/sistema-wg-reversible\/#primaryimage\"},\"datePublished\":\"2020-08-11T21:24:10+00:00\",\"dateModified\":\"2025-10-08T16:58:23+00:00\",\"breadcrumb\":{\"@id\":\"https:\/\/sercoflex.cl\/sitio\/sistema-wg-reversible\/#breadcrumb\"},\"inLanguage\":\"es-CL\",\"potentialAction\":[{\"@type\":\"ReadAction\",\"target\":[\"https:\/\/sercoflex.cl\/sitio\/sistema-wg-reversible\/\"]}]},{\"@type\":\"BreadcrumbList\",\"@id\":\"https:\/\/sercoflex.cl\/sitio\/sistema-wg-reversible\/#breadcrumb\",\"itemListElement\":[{\"@type\":\"ListItem\",\"position\":1,\"name\":\"Portada\",\"item\":\"https:\/\/sercoflex.cl\/sitio\/\"},{\"@type\":\"ListItem\",\"position\":2,\"name\":\"Sistema WG Reversible\"}]}]}<\/script>\n<!-- \/ Yoast SEO plugin. -->","_links":{"self":[{"href":"https:\/\/sercoflex.cl\/sitio\/wp-json\/wp\/v2\/pages\/171","targetHints":{"allow":["GET"]}}],"collection":[{"href":"https:\/\/sercoflex.cl\/sitio\/wp-json\/wp\/v2\/pages"}],"about":[{"href":"https:\/\/sercoflex.cl\/sitio\/wp-json\/wp\/v2\/types\/page"}],"author":[{"embeddable":true,"href":"https:\/\/sercoflex.cl\/sitio\/wp-json\/wp\/v2\/users\/1"}],"replies":[{"embeddable":true,"href":"https:\/\/sercoflex.cl\/sitio\/wp-json\/wp\/v2\/comments?post=171"}],"version-history":[{"count":16,"href":"https:\/\/sercoflex.cl\/sitio\/wp-json\/wp\/v2\/pages\/171\/revisions"}],"predecessor-version":[{"id":3872,"href":"https:\/\/sercoflex.cl\/sitio\/wp-json\/wp\/v2\/pages\/171\/revisions\/3872"}],"wp:attachment":[{"href":"https:\/\/sercoflex.cl\/sitio\/wp-json\/wp\/v2\/media?parent=171"}],"curies":[{"name":"wp","href":"https:\/\/api.w.org\/{rel}","templated":true}]}}