{"id":169,"date":"2020-08-11T18:23:30","date_gmt":"2020-08-11T21:23:30","guid":{"rendered":"http:\/\/sercoflex.cl\/sitio\/?page_id=169"},"modified":"2025-10-08T13:47:35","modified_gmt":"2025-10-08T16:47:35","slug":"sistema-wg","status":"publish","type":"page","link":"https:\/\/sercoflex.cl\/sitio\/sistema-wg\/","title":{"rendered":"Sistema WG"},"content":{"rendered":"\t\t<div data-elementor-type=\"wp-page\" data-elementor-id=\"169\" class=\"elementor elementor-169\" data-elementor-settings=\"[]\">\n\t\t\t\t\t\t<div class=\"elementor-inner\">\n\t\t\t\t\t\t\t<div class=\"elementor-section-wrap\">\n\t\t\t\t\t\t\t<section class=\"elementor-section elementor-top-section elementor-element elementor-element-047e8cd elementor-section-boxed elementor-section-height-default elementor-section-height-default\" data-id=\"047e8cd\" data-element_type=\"section\">\n\t\t\t\t\t\t<div class=\"elementor-container elementor-column-gap-default\">\n\t\t\t\t\t\t\t<div class=\"elementor-row\">\n\t\t\t\t\t<div class=\"elementor-column elementor-col-100 elementor-top-column elementor-element elementor-element-cadc9fa\" data-id=\"cadc9fa\" data-element_type=\"column\">\n\t\t\t<div class=\"elementor-column-wrap elementor-element-populated\">\n\t\t\t\t\t\t\t<div class=\"elementor-widget-wrap\">\n\t\t\t\t\t\t<div class=\"elementor-element elementor-element-56313d3 elementor-widget elementor-widget-text-editor\" data-id=\"56313d3\" data-element_type=\"widget\" data-widget_type=\"text-editor.default\">\n\t\t\t\t<div class=\"elementor-widget-container\">\n\t\t\t\t\t\t\t\t<div class=\"elementor-text-editor elementor-clearfix\">\n\t\t\t\t\t<p><span style=\"color: #032e42; font-family: 'Fira Sans'; font-size: 22px; font-style: normal; font-weight: bold;\">Sistema de alineaci\u00f3n WG<\/span><\/p><p>Los sistemas de guiado de banda pivotante offset WG son la soluci\u00f3n ideal para la mayor\u00eda de las aplicaciones de sistemas de guiado de banda. Est\u00e1n dise\u00f1ados con un marco b\u00e1sico sobre el que se monta un segundo marco m\u00f3vil, equipado con rodillos. El marco m\u00f3vil gira alrededor de un eje, llamado &#8220;pivote&#8221;.<\/p><p>Adem\u00e1s del punto de pivote, la banda tambi\u00e9n se tensa correcta y constantemente, y esto, junto con el corcho, u otro recubrimiento especial de los rodillos, crea el efecto de agarre necesario para realizar el movimiento. El sistema de guiado de banda de pivote descentrado, de acuerdo con los diferentes requisitos del mercado y los diferentes sectores de aplicaci\u00f3n, se puede dise\u00f1ar y fabricar en diferentes tama\u00f1os para garantizar el ajuste en la m\u00e1quina en la que se utilizar\u00e1.<\/p><p>WG.100 y WG.251 son los modelos m\u00e1s peque\u00f1os. Son extremadamente compactos y se suelen utilizar en m\u00e1quinas que trabajan con bandas estrechas, como la industria de la higiene. WG.251-SKB es una versi\u00f3n especial que integra el teclado con el marco con un alto nivel de protecci\u00f3n (IP54), ideal para ambientes polvorientos o en presencia de l\u00edquidos.<\/p><p>Los modelos WG.700 y 705 se utilizan generalmente en las industrias de etiquetas y no tejidos. WG.705 est\u00e1 disponible con el perfil bajo o con el teclado integrado.<\/p><p>WG.2000 es el modelo m\u00e1s grande de la serie que se utiliza habitualmente en rotograbado, m\u00e1quinas flexogr\u00e1ficas o cuando los laminados superan los 800 mm.<\/p><p>Los sistemas de guiado web WG se suelen utilizar junto con la gama de sensores Re y la unidad de control ReSmart o la unidad de control Smartmotion.<\/p><p>Nuestros productos son RE SpA.<\/p>\t\t\t\t\t<\/div>\n\t\t\t\t\t\t<\/div>\n\t\t\t\t<\/div>\n\t\t\t\t\t\t<\/div>\n\t\t\t\t\t<\/div>\n\t\t<\/div>\n\t\t\t\t\t\t\t\t<\/div>\n\t\t\t\t\t<\/div>\n\t\t<\/section>\n\t\t\t\t<section class=\"elementor-section elementor-top-section elementor-element elementor-element-e359a44 elementor-section-boxed elementor-section-height-default elementor-section-height-default\" data-id=\"e359a44\" data-element_type=\"section\">\n\t\t\t\t\t\t<div class=\"elementor-container elementor-column-gap-default\">\n\t\t\t\t\t\t\t<div class=\"elementor-row\">\n\t\t\t\t\t<div class=\"elementor-column elementor-col-100 elementor-top-column elementor-element elementor-element-8954b3d\" data-id=\"8954b3d\" data-element_type=\"column\">\n\t\t\t<div class=\"elementor-column-wrap elementor-element-populated\">\n\t\t\t\t\t\t\t<div class=\"elementor-widget-wrap\">\n\t\t\t\t\t\t<div class=\"elementor-element elementor-element-429b445 elementor-arrows-position-inside elementor-pagination-position-outside elementor-widget elementor-widget-image-carousel\" data-id=\"429b445\" data-element_type=\"widget\" data-settings=\"{&quot;slides_to_show&quot;:&quot;3&quot;,&quot;slides_to_scroll&quot;:&quot;3&quot;,&quot;navigation&quot;:&quot;both&quot;,&quot;autoplay&quot;:&quot;yes&quot;,&quot;pause_on_hover&quot;:&quot;yes&quot;,&quot;pause_on_interaction&quot;:&quot;yes&quot;,&quot;autoplay_speed&quot;:5000,&quot;infinite&quot;:&quot;yes&quot;,&quot;speed&quot;:500}\" data-widget_type=\"image-carousel.default\">\n\t\t\t\t<div class=\"elementor-widget-container\">\n\t\t\t\t\t<div class=\"elementor-image-carousel-wrapper swiper-container\" dir=\"ltr\">\n\t\t\t<div class=\"elementor-image-carousel swiper-wrapper\">\n\t\t\t\t<div class=\"swiper-slide\"><figure class=\"swiper-slide-inner\"><img decoding=\"async\" class=\"swiper-slide-image\" src=\"https:\/\/sercoflex.cl\/sitio\/wp-content\/uploads\/2025\/10\/800x0-mwg10-on-skb-265x300.jpg\" alt=\"800x0-mwg10-on-skb\" \/><\/figure><\/div><div class=\"swiper-slide\"><figure class=\"swiper-slide-inner\"><img decoding=\"async\" class=\"swiper-slide-image\" src=\"https:\/\/sercoflex.cl\/sitio\/wp-content\/uploads\/2025\/10\/800x0-wLigo-on-skb-265x300.jpg\" alt=\"800x0-wLigo-on-skb\" \/><\/figure><\/div><div class=\"swiper-slide\"><figure class=\"swiper-slide-inner\"><img decoding=\"async\" class=\"swiper-slide-image\" src=\"https:\/\/sercoflex.cl\/sitio\/wp-content\/uploads\/2025\/10\/800x0-wg705-low-profile-300x271.jpg\" alt=\"800x0-wg705-low-profile\" \/><\/figure><\/div><div class=\"swiper-slide\"><figure class=\"swiper-slide-inner\"><img decoding=\"async\" class=\"swiper-slide-image\" src=\"https:\/\/sercoflex.cl\/sitio\/wp-content\/uploads\/2025\/10\/800x0-wg705-workboard-tape-285x300.jpg\" alt=\"800x0-wg705-workboard-tape\" \/><\/figure><\/div><div class=\"swiper-slide\"><figure class=\"swiper-slide-inner\"><img decoding=\"async\" class=\"swiper-slide-image\" src=\"https:\/\/sercoflex.cl\/sitio\/wp-content\/uploads\/2025\/10\/800x0-wg705-fix-workboard-300x255.jpg\" alt=\"800x0-wg705-fix-workboard\" \/><\/figure><\/div><div class=\"swiper-slide\"><figure class=\"swiper-slide-inner\"><img decoding=\"async\" class=\"swiper-slide-image\" src=\"https:\/\/sercoflex.cl\/sitio\/wp-content\/uploads\/2025\/10\/800x0-wg705-compact-300x255.jpg\" alt=\"800x0-wg705-compact\" \/><\/figure><\/div>\t\t\t<\/div>\n\t\t\t\t\t\t\t\t\t\t\t\t<div class=\"swiper-pagination\"><\/div>\n\t\t\t\t\t\t\t\t\t\t\t\t\t<div class=\"elementor-swiper-button elementor-swiper-button-prev\">\n\t\t\t\t\t\t<i class=\"eicon-chevron-left\" aria-hidden=\"true\"><\/i>\n\t\t\t\t\t\t<span class=\"elementor-screen-only\">Previous<\/span>\n\t\t\t\t\t<\/div>\n\t\t\t\t\t<div class=\"elementor-swiper-button elementor-swiper-button-next\">\n\t\t\t\t\t\t<i class=\"eicon-chevron-right\" aria-hidden=\"true\"><\/i>\n\t\t\t\t\t\t<span class=\"elementor-screen-only\">Next<\/span>\n\t\t\t\t\t<\/div>\n\t\t\t\t\t\t\t\t\t<\/div>\n\t\t\t\t<\/div>\n\t\t\t\t<\/div>\n\t\t\t\t\t\t<\/div>\n\t\t\t\t\t<\/div>\n\t\t<\/div>\n\t\t\t\t\t\t\t\t<\/div>\n\t\t\t\t\t<\/div>\n\t\t<\/section>\n\t\t\t\t<section class=\"elementor-section elementor-top-section elementor-element elementor-element-1ee351d9 elementor-section-boxed elementor-section-height-default elementor-section-height-default\" data-id=\"1ee351d9\" data-element_type=\"section\">\n\t\t\t\t\t\t<div class=\"elementor-container elementor-column-gap-default\">\n\t\t\t\t\t\t\t<div class=\"elementor-row\">\n\t\t\t\t\t<div class=\"elementor-column elementor-col-100 elementor-top-column elementor-element elementor-element-65259f94\" data-id=\"65259f94\" data-element_type=\"column\">\n\t\t\t<div class=\"elementor-column-wrap elementor-element-populated\">\n\t\t\t\t\t\t\t<div class=\"elementor-widget-wrap\">\n\t\t\t\t\t\t<div class=\"elementor-element elementor-element-3a68ccbc elementor-widget elementor-widget-text-editor\" data-id=\"3a68ccbc\" data-element_type=\"widget\" data-widget_type=\"text-editor.default\">\n\t\t\t\t<div class=\"elementor-widget-container\">\n\t\t\t\t\t\t\t\t<div class=\"elementor-text-editor elementor-clearfix\">\n\t\t\t\t\t<h5>Datos T\u00e9cnicos<\/h5><table width=\"750\"><thead><tr><td>\u00a0<\/td><td><p align=\"center\">Carrera<\/p><\/td><td><p align=\"center\">Velocidad Min-max<\/p><\/td><td><p align=\"center\">Largo rodillo<\/p><\/td><td><p align=\"center\">M\u00e1x tensi\u00f3n web<\/p><\/td><\/tr><\/thead><tbody><tr><td><strong>WG.100<\/strong><\/td><td>+\/- 10 mm<\/td><td>1-34 mm\/s<\/td><td>100-160 mm<\/td><td>100 N<\/td><\/tr><tr><td><strong>WG.251<\/strong><\/td><td>+\/- 10 mm<\/td><td>1-34 mm\/s<\/td><td>160-400 mm<\/td><td>150 N<\/td><\/tr><tr><td><strong>WG.251-SKB<\/strong><\/td><td>+\/- 10 mm<\/td><td>1-34 mm\/s<\/td><td>200-350 mm<\/td><td>300 N<\/td><\/tr><tr><td><strong>WG.705<\/strong><\/td><td>+\/- 20 mm<\/td><td>1-34 mm\/s<\/td><td>350-700 mm<\/td><td>500 N<\/td><\/tr><tr><td><strong>WG.700<\/strong><\/td><td>+\/- 25 mm<\/td><td>1-37 mm\/s<\/td><td>350-700 mm<\/td><td>800 N<\/td><\/tr><tr><td><strong>WG.2000<\/strong><\/td><td>+\/- 25 \u00f7 +\/-50 mm<\/td><td>1-37 mm\/s<\/td><td>800-3000 mm<\/td><td>2500 N<\/td><\/tr><\/tbody><\/table><h5>Modelos<\/h5><table width=\"750\"><tbody><tr><td>\u00a0<\/td><td><p align=\"center\">WG.100<\/p><\/td><td><p align=\"center\">WG.251<\/p><\/td><td><p align=\"center\">WG.251-SKB<\/p><\/td><td><p align=\"center\">WG.705<\/p><\/td><td><p align=\"center\">WG.700<\/p><\/td><td><p align=\"center\">WG.2000<\/p><\/td><td><p align=\"center\">WG.703<\/p><\/td><\/tr><tr><td><strong>Ver PDF<\/strong><\/td><td><p align=\"center\"><a href=\"http:\/\/sercoflex.cl\/sitio\/wp-content\/uploads\/2020\/08\/WG100-data-sheet.pdf\" target=\"_blank\" rel=\"noopener\"><br \/><img decoding=\"async\" src=\"http:\/\/sercoflex.cl\/sitio\/wp-content\/uploads\/2020\/09\/pdf.png\" width=\"50\" \/><br \/><\/a><\/p><\/td><td><p align=\"center\"><a href=\"http:\/\/sercoflex.cl\/sitio\/wp-content\/uploads\/2020\/08\/WG251-SKB-B-data-sheet.pdf\" target=\"_blank\" rel=\"noopener\"><br \/><img decoding=\"async\" src=\"http:\/\/sercoflex.cl\/sitio\/wp-content\/uploads\/2020\/09\/pdf.png\" width=\"50\" \/><br \/><\/a><\/p><\/td><td><p align=\"center\"><a href=\"http:\/\/sercoflex.cl\/sitio\/wp-content\/uploads\/2020\/08\/WG251-SKB-data-sheet.pdf\" target=\"_blank\" rel=\"noopener\"><br \/><img decoding=\"async\" src=\"http:\/\/sercoflex.cl\/sitio\/wp-content\/uploads\/2020\/09\/pdf.png\" width=\"50\" \/><br \/><\/a><\/p><\/td><td><p align=\"center\"><a href=\"http:\/\/sercoflex.cl\/sitio\/wp-content\/uploads\/2020\/08\/WG705-data-sheet.pdf\" target=\"_blank\" rel=\"noopener\"><br \/><img decoding=\"async\" src=\"http:\/\/sercoflex.cl\/sitio\/wp-content\/uploads\/2020\/09\/pdf.png\" width=\"50\" \/><br \/><\/a><\/p><\/td><td><p align=\"center\"><a href=\"http:\/\/sercoflex.cl\/sitio\/wp-content\/uploads\/2020\/08\/WG700-data-sheet.pdf\" target=\"_blank\" rel=\"noopener\"><br \/><img decoding=\"async\" src=\"http:\/\/sercoflex.cl\/sitio\/wp-content\/uploads\/2020\/09\/pdf.png\" width=\"50\" \/><br \/><\/a><\/p><\/td><td><p align=\"center\"><a href=\"http:\/\/sercoflex.cl\/sitio\/wp-content\/uploads\/2020\/08\/WG2000-data-sheet.pdf\" target=\"_blank\" rel=\"noopener\"><br \/><img decoding=\"async\" src=\"http:\/\/sercoflex.cl\/sitio\/wp-content\/uploads\/2020\/09\/pdf.png\" width=\"50\" \/><br \/><\/a><\/p><\/td><td><p align=\"center\"><a href=\"http:\/\/sercoflex.cl\/sitio\/wp-content\/uploads\/2020\/08\/WG703-data-sheet.pdf\" target=\"_blank\" rel=\"noopener\"><br \/><img decoding=\"async\" src=\"http:\/\/sercoflex.cl\/sitio\/wp-content\/uploads\/2020\/09\/pdf.png\" width=\"50\" \/><br \/><\/a><\/p><\/td><\/tr><\/tbody><\/table>\t\t\t\t\t<\/div>\n\t\t\t\t\t\t<\/div>\n\t\t\t\t<\/div>\n\t\t\t\t\t\t<\/div>\n\t\t\t\t\t<\/div>\n\t\t<\/div>\n\t\t\t\t\t\t\t\t<\/div>\n\t\t\t\t\t<\/div>\n\t\t<\/section>\n\t\t\t\t\t\t<\/div>\n\t\t\t\t\t\t<\/div>\n\t\t\t\t\t<\/div>\n\t\t","protected":false},"excerpt":{"rendered":"<p>Sistema de alineaci\u00f3n WG Los sistemas de guiado de banda pivotante offset WG son la soluci\u00f3n ideal para la mayor\u00eda de las aplicaciones de sistemas de guiado de banda. Est\u00e1n dise\u00f1ados con un marco b\u00e1sico sobre el que se monta un segundo marco m\u00f3vil, equipado con rodillos. El marco m\u00f3vil [&hellip;]<\/p>\n","protected":false},"author":1,"featured_media":0,"parent":0,"menu_order":0,"comment_status":"closed","ping_status":"closed","template":"","meta":{"footnotes":""},"class_list":["post-169","page","type-page","status-publish","hentry"],"yoast_head":"<!-- This site is optimized with the Yoast SEO plugin v16.5 - https:\/\/yoast.com\/wordpress\/plugins\/seo\/ -->\n<title>Sistema WG - Sercoflex | Re<\/title>\n<meta name=\"robots\" content=\"index, follow, max-snippet:-1, max-image-preview:large, max-video-preview:-1\" \/>\n<link rel=\"canonical\" href=\"https:\/\/sercoflex.cl\/sitio\/sistema-wg\/\" \/>\n<meta property=\"og:locale\" content=\"es_ES\" \/>\n<meta property=\"og:type\" content=\"article\" \/>\n<meta property=\"og:title\" content=\"Sistema WG - Sercoflex | Re\" \/>\n<meta property=\"og:description\" content=\"Sistema de alineaci\u00f3n WG Los sistemas de guiado de banda pivotante offset WG son la soluci\u00f3n ideal para la mayor\u00eda de las aplicaciones de sistemas de guiado de banda. Est\u00e1n dise\u00f1ados con un marco b\u00e1sico sobre el que se monta un segundo marco m\u00f3vil, equipado con rodillos. El marco m\u00f3vil [&hellip;]\" \/>\n<meta property=\"og:url\" content=\"https:\/\/sercoflex.cl\/sitio\/sistema-wg\/\" \/>\n<meta property=\"og:site_name\" content=\"Sercoflex | Re\" \/>\n<meta property=\"article:modified_time\" content=\"2025-10-08T16:47:35+00:00\" \/>\n<meta property=\"og:image\" content=\"https:\/\/sercoflex.cl\/sitio\/wp-content\/uploads\/2025\/10\/800x0-mwg10-on-skb-265x300.jpg\" \/>\n<meta name=\"twitter:card\" content=\"summary_large_image\" \/>\n<meta name=\"twitter:label1\" content=\"Est. reading time\" \/>\n\t<meta name=\"twitter:data1\" content=\"5 minutos\" \/>\n<script type=\"application\/ld+json\" class=\"yoast-schema-graph\">{\"@context\":\"https:\/\/schema.org\",\"@graph\":[{\"@type\":\"Organization\",\"@id\":\"https:\/\/sercoflex.cl\/sitio\/#organization\",\"name\":\"Sercoflex\",\"url\":\"https:\/\/sercoflex.cl\/sitio\/\",\"sameAs\":[\"https:\/\/www.linkedin.com\/in\/comercial-sercoflex-6779211b4\/\"],\"logo\":{\"@type\":\"ImageObject\",\"@id\":\"https:\/\/sercoflex.cl\/sitio\/#logo\",\"inLanguage\":\"es-CL\",\"url\":\"https:\/\/sercoflex.cl\/sitio\/wp-content\/uploads\/2021\/01\/Logo-serco.jpg\",\"contentUrl\":\"https:\/\/sercoflex.cl\/sitio\/wp-content\/uploads\/2021\/01\/Logo-serco.jpg\",\"width\":790,\"height\":945,\"caption\":\"Sercoflex\"},\"image\":{\"@id\":\"https:\/\/sercoflex.cl\/sitio\/#logo\"}},{\"@type\":\"WebSite\",\"@id\":\"https:\/\/sercoflex.cl\/sitio\/#website\",\"url\":\"https:\/\/sercoflex.cl\/sitio\/\",\"name\":\"Sercoflex\",\"description\":\"Empresa dedicada a productos industriales.\",\"publisher\":{\"@id\":\"https:\/\/sercoflex.cl\/sitio\/#organization\"},\"potentialAction\":[{\"@type\":\"SearchAction\",\"target\":\"https:\/\/sercoflex.cl\/sitio\/?s={search_term_string}\",\"query-input\":\"required name=search_term_string\"}],\"inLanguage\":\"es-CL\"},{\"@type\":\"ImageObject\",\"@id\":\"https:\/\/sercoflex.cl\/sitio\/sistema-wg\/#primaryimage\",\"inLanguage\":\"es-CL\",\"url\":\"https:\/\/sercoflex.cl\/sitio\/wp-content\/uploads\/2025\/10\/800x0-mwg10-on-skb.jpg\",\"contentUrl\":\"https:\/\/sercoflex.cl\/sitio\/wp-content\/uploads\/2025\/10\/800x0-mwg10-on-skb.jpg\",\"width\":707,\"height\":800},{\"@type\":\"WebPage\",\"@id\":\"https:\/\/sercoflex.cl\/sitio\/sistema-wg\/#webpage\",\"url\":\"https:\/\/sercoflex.cl\/sitio\/sistema-wg\/\",\"name\":\"Sistema WG - Sercoflex | Re\",\"isPartOf\":{\"@id\":\"https:\/\/sercoflex.cl\/sitio\/#website\"},\"primaryImageOfPage\":{\"@id\":\"https:\/\/sercoflex.cl\/sitio\/sistema-wg\/#primaryimage\"},\"datePublished\":\"2020-08-11T21:23:30+00:00\",\"dateModified\":\"2025-10-08T16:47:35+00:00\",\"breadcrumb\":{\"@id\":\"https:\/\/sercoflex.cl\/sitio\/sistema-wg\/#breadcrumb\"},\"inLanguage\":\"es-CL\",\"potentialAction\":[{\"@type\":\"ReadAction\",\"target\":[\"https:\/\/sercoflex.cl\/sitio\/sistema-wg\/\"]}]},{\"@type\":\"BreadcrumbList\",\"@id\":\"https:\/\/sercoflex.cl\/sitio\/sistema-wg\/#breadcrumb\",\"itemListElement\":[{\"@type\":\"ListItem\",\"position\":1,\"name\":\"Portada\",\"item\":\"https:\/\/sercoflex.cl\/sitio\/\"},{\"@type\":\"ListItem\",\"position\":2,\"name\":\"Sistema WG\"}]}]}<\/script>\n<!-- \/ Yoast SEO plugin. -->","_links":{"self":[{"href":"https:\/\/sercoflex.cl\/sitio\/wp-json\/wp\/v2\/pages\/169","targetHints":{"allow":["GET"]}}],"collection":[{"href":"https:\/\/sercoflex.cl\/sitio\/wp-json\/wp\/v2\/pages"}],"about":[{"href":"https:\/\/sercoflex.cl\/sitio\/wp-json\/wp\/v2\/types\/page"}],"author":[{"embeddable":true,"href":"https:\/\/sercoflex.cl\/sitio\/wp-json\/wp\/v2\/users\/1"}],"replies":[{"embeddable":true,"href":"https:\/\/sercoflex.cl\/sitio\/wp-json\/wp\/v2\/comments?post=169"}],"version-history":[{"count":16,"href":"https:\/\/sercoflex.cl\/sitio\/wp-json\/wp\/v2\/pages\/169\/revisions"}],"predecessor-version":[{"id":3865,"href":"https:\/\/sercoflex.cl\/sitio\/wp-json\/wp\/v2\/pages\/169\/revisions\/3865"}],"wp:attachment":[{"href":"https:\/\/sercoflex.cl\/sitio\/wp-json\/wp\/v2\/media?parent=169"}],"curies":[{"name":"wp","href":"https:\/\/api.w.org\/{rel}","templated":true}]}}