{"id":149,"date":"2020-08-11T18:13:54","date_gmt":"2020-08-11T21:13:54","guid":{"rendered":"http:\/\/sercoflex.cl\/sitio\/?page_id=149"},"modified":"2025-10-07T17:47:22","modified_gmt":"2025-10-07T20:47:22","slug":"tipo-cf","status":"publish","type":"page","link":"https:\/\/sercoflex.cl\/sitio\/tipo-cf\/","title":{"rendered":"Tipo CF"},"content":{"rendered":"\t\t<div data-elementor-type=\"wp-page\" data-elementor-id=\"149\" class=\"elementor elementor-149\" data-elementor-settings=\"[]\">\n\t\t\t\t\t\t<div class=\"elementor-inner\">\n\t\t\t\t\t\t\t<div class=\"elementor-section-wrap\">\n\t\t\t\t\t\t\t<section class=\"elementor-section elementor-top-section elementor-element elementor-element-b963ae2 elementor-section-boxed elementor-section-height-default elementor-section-height-default\" data-id=\"b963ae2\" data-element_type=\"section\">\n\t\t\t\t\t\t<div class=\"elementor-container elementor-column-gap-default\">\n\t\t\t\t\t\t\t<div class=\"elementor-row\">\n\t\t\t\t\t<div class=\"elementor-column elementor-col-100 elementor-top-column elementor-element elementor-element-44eaba0\" data-id=\"44eaba0\" data-element_type=\"column\">\n\t\t\t<div class=\"elementor-column-wrap elementor-element-populated\">\n\t\t\t\t\t\t\t<div class=\"elementor-widget-wrap\">\n\t\t\t\t\t\t<div class=\"elementor-element elementor-element-c38f9a7 elementor-widget elementor-widget-text-editor\" data-id=\"c38f9a7\" data-element_type=\"widget\" data-widget_type=\"text-editor.default\">\n\t\t\t\t<div class=\"elementor-widget-container\">\n\t\t\t\t\t\t\t\t<div class=\"elementor-text-editor elementor-clearfix\">\n\t\t\t\t\t<p><span style=\"background-color: #ffffff; color: #032e42; font-family: 'Fira Sans'; font-size: 22px; font-style: normal; font-weight: bold;\">Celdas de carga &#8211; Tipo CF<\/span><\/p><p style=\"font-weight: 400; font-family: Roboto; font-style: normal; font-size: 14px; background-color: #ffffff;\">Las celdas de carga con bridas de la serie CF, fabricadas por Re S.p.A., son la soluci\u00f3n ideal para detectar con\u00a0 precisi\u00f3n la resultante de las fuerzas generadas por la tracci\u00f3n del material en funci\u00f3n de los \u00e1ngulos de bobinados.\u00a0Gracias a su dise\u00f1o compacto, estas celdas son f\u00e1ciles de instalar incluso en espacios estrechos, ofreciendo una alta fiabilidad y facilidad de uso. La alta fiabilidad de nuestras celdas se debe a los\u00a0altos est\u00e1ndares de calidad de nuestro proceso de producci\u00f3n, y al tope mec\u00e1nico para la protecci\u00f3n de sobrecarga que est\u00e1 integrado en nuestras c\u00e9lulas de carga. Las celdas de carga CF est\u00e1n disponibles en varios modelos, con un amplio rango de carga que va desde 50 N a 25.000 N, y en versiones especiales para entornos exigentes como la CF.85 IP50 (alta protecci\u00f3n contra el polvo) y la CF.85 IP54 (alta protecci\u00f3n contra salpicaduras de agua).<\/p><p style=\"font-weight: 400; font-family: Roboto; font-style: normal; font-size: 14px; background-color: #ffffff;\">En Sercoflex, te ayudamos a encontrar la celda de carga ideal para optimizar tus procesos, \u00a1cont\u00e1ctanos para una asesor\u00eda personalizada!<\/p>\t\t\t\t\t<\/div>\n\t\t\t\t\t\t<\/div>\n\t\t\t\t<\/div>\n\t\t\t\t\t\t<\/div>\n\t\t\t\t\t<\/div>\n\t\t<\/div>\n\t\t\t\t\t\t\t\t<\/div>\n\t\t\t\t\t<\/div>\n\t\t<\/section>\n\t\t\t\t<section class=\"elementor-section elementor-top-section elementor-element elementor-element-dbbcac7 elementor-section-boxed elementor-section-height-default elementor-section-height-default\" data-id=\"dbbcac7\" data-element_type=\"section\">\n\t\t\t\t\t\t<div class=\"elementor-container elementor-column-gap-default\">\n\t\t\t\t\t\t\t<div class=\"elementor-row\">\n\t\t\t\t\t<div class=\"elementor-column elementor-col-100 elementor-top-column elementor-element elementor-element-522a39d\" data-id=\"522a39d\" data-element_type=\"column\">\n\t\t\t<div class=\"elementor-column-wrap elementor-element-populated\">\n\t\t\t\t\t\t\t<div class=\"elementor-widget-wrap\">\n\t\t\t\t\t\t<div class=\"elementor-element elementor-element-016fff1 elementor-arrows-position-inside elementor-pagination-position-outside elementor-widget elementor-widget-image-carousel\" data-id=\"016fff1\" data-element_type=\"widget\" data-settings=\"{&quot;slides_to_show&quot;:&quot;2&quot;,&quot;slides_to_scroll&quot;:&quot;2&quot;,&quot;navigation&quot;:&quot;both&quot;,&quot;autoplay&quot;:&quot;yes&quot;,&quot;pause_on_hover&quot;:&quot;yes&quot;,&quot;pause_on_interaction&quot;:&quot;yes&quot;,&quot;autoplay_speed&quot;:5000,&quot;infinite&quot;:&quot;yes&quot;,&quot;speed&quot;:500}\" data-widget_type=\"image-carousel.default\">\n\t\t\t\t<div class=\"elementor-widget-container\">\n\t\t\t\t\t<div class=\"elementor-image-carousel-wrapper swiper-container\" dir=\"ltr\">\n\t\t\t<div class=\"elementor-image-carousel swiper-wrapper\">\n\t\t\t\t<div class=\"swiper-slide\"><figure class=\"swiper-slide-inner\"><img decoding=\"async\" class=\"swiper-slide-image\" src=\"https:\/\/sercoflex.cl\/sitio\/wp-content\/uploads\/2025\/10\/800x0-cf70_2-300x225.jpg\" alt=\"800x0-cf70_2\" \/><\/figure><\/div><div class=\"swiper-slide\"><figure class=\"swiper-slide-inner\"><img decoding=\"async\" class=\"swiper-slide-image\" src=\"https:\/\/sercoflex.cl\/sitio\/wp-content\/uploads\/2025\/10\/800x0-cf130_3-300x290.jpg\" alt=\"800x0-cf130_3\" \/><\/figure><\/div><div class=\"swiper-slide\"><figure class=\"swiper-slide-inner\"><img decoding=\"async\" class=\"swiper-slide-image\" src=\"https:\/\/sercoflex.cl\/sitio\/wp-content\/uploads\/2025\/10\/800x0-cf125_2-300x225.jpg\" alt=\"800x0-cf125_2\" \/><\/figure><\/div><div class=\"swiper-slide\"><figure class=\"swiper-slide-inner\"><img decoding=\"async\" class=\"swiper-slide-image\" src=\"https:\/\/sercoflex.cl\/sitio\/wp-content\/uploads\/2025\/10\/800x0-cf120_2-300x225.jpg\" alt=\"800x0-cf120_2\" \/><\/figure><\/div>\t\t\t<\/div>\n\t\t\t\t\t\t\t\t\t\t\t\t<div class=\"swiper-pagination\"><\/div>\n\t\t\t\t\t\t\t\t\t\t\t\t\t<div class=\"elementor-swiper-button elementor-swiper-button-prev\">\n\t\t\t\t\t\t<i class=\"eicon-chevron-left\" aria-hidden=\"true\"><\/i>\n\t\t\t\t\t\t<span class=\"elementor-screen-only\">Previous<\/span>\n\t\t\t\t\t<\/div>\n\t\t\t\t\t<div class=\"elementor-swiper-button elementor-swiper-button-next\">\n\t\t\t\t\t\t<i class=\"eicon-chevron-right\" aria-hidden=\"true\"><\/i>\n\t\t\t\t\t\t<span class=\"elementor-screen-only\">Next<\/span>\n\t\t\t\t\t<\/div>\n\t\t\t\t\t\t\t\t\t<\/div>\n\t\t\t\t<\/div>\n\t\t\t\t<\/div>\n\t\t\t\t\t\t<\/div>\n\t\t\t\t\t<\/div>\n\t\t<\/div>\n\t\t\t\t\t\t\t\t<\/div>\n\t\t\t\t\t<\/div>\n\t\t<\/section>\n\t\t\t\t<section class=\"elementor-section elementor-top-section elementor-element elementor-element-2f56e009 elementor-section-boxed elementor-section-height-default elementor-section-height-default\" data-id=\"2f56e009\" data-element_type=\"section\">\n\t\t\t\t\t\t<div class=\"elementor-container elementor-column-gap-default\">\n\t\t\t\t\t\t\t<div class=\"elementor-row\">\n\t\t\t\t\t<div class=\"elementor-column elementor-col-100 elementor-top-column elementor-element elementor-element-40348302\" data-id=\"40348302\" data-element_type=\"column\">\n\t\t\t<div class=\"elementor-column-wrap elementor-element-populated\">\n\t\t\t\t\t\t\t<div class=\"elementor-widget-wrap\">\n\t\t\t\t\t\t<div class=\"elementor-element elementor-element-7a84a2d elementor-widget elementor-widget-text-editor\" data-id=\"7a84a2d\" data-element_type=\"widget\" data-widget_type=\"text-editor.default\">\n\t\t\t\t<div class=\"elementor-widget-container\">\n\t\t\t\t\t\t\t\t<div class=\"elementor-text-editor elementor-clearfix\">\n\t\t\t\t\t<h5><span style=\"font-family: &quot;Fira Sans&quot;; font-size: 22px; font-style: normal; font-weight: 700;\">Datos T\u00e9cnicos<\/span><\/h5>\n<table width=\"750\">\n<tbody>\n<tr>\n<td><strong>Precisi\u00f3n<\/strong><\/td>\n<td>0,5%<\/td>\n<\/tr>\n<tr>\n<td><strong>Principle of medici\u00f3n<\/strong><\/td>\n<td>Puente lleno 350\u2126 Ohm<\/td>\n<\/tr>\n<tr>\n<td><strong>Error total-repetibilidad-hist\u00e9resis-linealidad<\/strong><\/td>\n<td>&lt;0,05% del valor de escala<\/td>\n<\/tr>\n<tr>\n<td><strong>Sobrecarga m\u00e1xima<\/strong><\/td>\n<td>300% del valor de escala<\/td>\n<\/tr>\n<tr>\n<td><strong>Compensaci\u00f3n t\u00e9rmica<\/strong><\/td>\n<td>+10\u00b0C \/ +50\u00b0C<\/td>\n<\/tr>\n<tr>\n<td><strong>Temperatura de trabajo<\/strong><\/td>\n<td>+10\u00b0C \/ +50\u00b0C<\/td>\n<\/tr>\n<tr>\n<td><strong>Sensibilidad<\/strong><\/td>\n<td>de 1,5 mV\/V a 2,0 mV\/V<br>Alimentaci\u00f3n: max 15V<br>Max a escala completa: 20 mV<\/td>\n<\/tr>\n<tr>\n<td><strong>Opcional<\/strong><\/td>\n<td>Salida 4-20 mA (con preamplificador incorporado)<\/td>\n<\/tr>\n<\/tbody>\n<\/table>\n<h5>Modelos<\/h5>\n<table width=\"750\">\n<tbody>\n<tr>\n<td>&nbsp;<\/td>\n<td>\n<p align=\"center\">CF.70<\/p>\n<\/td>\n<td>\n<p align=\"center\">CF.85<\/p>\n<\/td>\n<td>\n<p align=\"center\">CF.120<\/p>\n<\/td>\n<td>\n<p align=\"center\">CF.125<\/p>\n<\/td>\n<td>\n<p align=\"center\">CF.130<\/p>\n<\/td>\n<td>\n<p align=\"center\">CF.200<\/p>\n<\/td>\n<\/tr>\n<tr>\n<td><strong>Carga \u2013 N<\/strong><\/td>\n<td>200 &#8211; 400 &#8211; 500 &#8211; 1000<\/td>\n<td>150 &#8211; 250 &#8211; 500 &#8211; 1000 &#8211; 2000<\/td>\n<td>250 &#8211; 500 &#8211; 1000 &#8211; 2000<\/td>\n<td>250 &#8211; 500 &#8211; 1000 &#8211; 2000<\/td>\n<td>250 &#8211; 500 &#8211; 1000 &#8211; 2000<\/td>\n<td>250 &#8211; 500 &#8211; 1000 &#8211; 2000<\/td>\n<\/tr>\n<tr>\n<td><strong>Ver PDF<\/strong><\/td>\n<td>\n<p align=\"center\"><a href=\"http:\/\/sercoflex.cl\/sitio\/wp-content\/uploads\/2020\/08\/CF70-data-Sheet.pdf\" target=\"_blank\" rel=\"noopener\"><br><img decoding=\"async\" src=\"http:\/\/sercoflex.cl\/sitio\/wp-content\/uploads\/2020\/09\/pdf.png\" width=\"50\"><br><\/a><\/p>\n<\/td>\n<td>\n<p align=\"center\"><a href=\"http:\/\/sercoflex.cl\/sitio\/wp-content\/uploads\/2020\/08\/CF85-data-sheet.pdf\" target=\"_blank\" rel=\"noopener\"><br><img decoding=\"async\" src=\"http:\/\/sercoflex.cl\/sitio\/wp-content\/uploads\/2020\/09\/pdf.png\" width=\"50\"><br><\/a><\/p>\n<\/td>\n<td>\n<p align=\"center\"><a href=\"http:\/\/sercoflex.cl\/sitio\/wp-content\/uploads\/2020\/08\/CF120-data-sheet.pdf\" target=\"_blank\" rel=\"noopener\"><br><img decoding=\"async\" src=\"http:\/\/sercoflex.cl\/sitio\/wp-content\/uploads\/2020\/09\/pdf.png\" width=\"50\"><br><\/a><\/p>\n<\/td>\n<td>\n<p align=\"center\"><a href=\"http:\/\/sercoflex.cl\/sitio\/wp-content\/uploads\/2020\/08\/CF125_data-sheet.pdf\" target=\"_blank\" rel=\"noopener\"><br><img decoding=\"async\" src=\"http:\/\/sercoflex.cl\/sitio\/wp-content\/uploads\/2020\/09\/pdf.png\" width=\"50\"><br><\/a><\/p>\n<\/td>\n<td>\n<p align=\"center\"><a href=\"http:\/\/sercoflex.cl\/sitio\/wp-content\/uploads\/2020\/08\/CF130_data-sheet.pdf\" target=\"_blank\" rel=\"noopener\"><br><img decoding=\"async\" src=\"http:\/\/sercoflex.cl\/sitio\/wp-content\/uploads\/2020\/09\/pdf.png\" width=\"50\"><br><\/a><\/p>\n<\/td>\n<td>\n<p align=\"center\"><a href=\"http:\/\/sercoflex.cl\/sitio\/wp-content\/uploads\/2020\/08\/CF200_data-sheet.pdf\" target=\"_blank\" rel=\"noopener\"><br><img decoding=\"async\" src=\"http:\/\/sercoflex.cl\/sitio\/wp-content\/uploads\/2020\/09\/pdf.png\" width=\"50\"><br><\/a><\/p>\n<\/td>\n<\/tr>\n<\/tbody>\n<\/table>\t\t\t\t\t<\/div>\n\t\t\t\t\t\t<\/div>\n\t\t\t\t<\/div>\n\t\t\t\t\t\t<\/div>\n\t\t\t\t\t<\/div>\n\t\t<\/div>\n\t\t\t\t\t\t\t\t<\/div>\n\t\t\t\t\t<\/div>\n\t\t<\/section>\n\t\t\t\t\t\t<\/div>\n\t\t\t\t\t\t<\/div>\n\t\t\t\t\t<\/div>\n\t\t","protected":false},"excerpt":{"rendered":"<p>Celdas de carga &#8211; Tipo CF Las celdas de carga con bridas de la serie CF, fabricadas por Re S.p.A., son la soluci\u00f3n ideal para detectar con\u00a0 precisi\u00f3n la resultante de las fuerzas generadas por la tracci\u00f3n del material en funci\u00f3n de los \u00e1ngulos de bobinados.\u00a0Gracias a su dise\u00f1o compacto, [&hellip;]<\/p>\n","protected":false},"author":1,"featured_media":0,"parent":0,"menu_order":0,"comment_status":"closed","ping_status":"closed","template":"","meta":{"footnotes":""},"class_list":["post-149","page","type-page","status-publish","hentry"],"yoast_head":"<!-- This site is optimized with the Yoast SEO plugin v16.5 - https:\/\/yoast.com\/wordpress\/plugins\/seo\/ -->\n<title>Tipo CF - Sercoflex | Re<\/title>\n<meta name=\"robots\" content=\"index, follow, max-snippet:-1, max-image-preview:large, max-video-preview:-1\" \/>\n<link rel=\"canonical\" href=\"https:\/\/sercoflex.cl\/sitio\/tipo-cf\/\" \/>\n<meta property=\"og:locale\" content=\"es_ES\" \/>\n<meta property=\"og:type\" content=\"article\" \/>\n<meta property=\"og:title\" content=\"Tipo CF - Sercoflex | Re\" \/>\n<meta property=\"og:description\" content=\"Celdas de carga &#8211; Tipo CF Las celdas de carga con bridas de la serie CF, fabricadas por Re S.p.A., son la soluci\u00f3n ideal para detectar con\u00a0 precisi\u00f3n la resultante de las fuerzas generadas por la tracci\u00f3n del material en funci\u00f3n de los \u00e1ngulos de bobinados.\u00a0Gracias a su dise\u00f1o compacto, [&hellip;]\" \/>\n<meta property=\"og:url\" content=\"https:\/\/sercoflex.cl\/sitio\/tipo-cf\/\" \/>\n<meta property=\"og:site_name\" content=\"Sercoflex | Re\" \/>\n<meta property=\"article:modified_time\" content=\"2025-10-07T20:47:22+00:00\" \/>\n<meta property=\"og:image\" content=\"https:\/\/sercoflex.cl\/sitio\/wp-content\/uploads\/2025\/10\/800x0-cf70_2-300x225.jpg\" \/>\n<meta name=\"twitter:card\" content=\"summary_large_image\" \/>\n<meta name=\"twitter:label1\" content=\"Est. reading time\" \/>\n\t<meta name=\"twitter:data1\" content=\"4 minutos\" \/>\n<script type=\"application\/ld+json\" class=\"yoast-schema-graph\">{\"@context\":\"https:\/\/schema.org\",\"@graph\":[{\"@type\":\"Organization\",\"@id\":\"https:\/\/sercoflex.cl\/sitio\/#organization\",\"name\":\"Sercoflex\",\"url\":\"https:\/\/sercoflex.cl\/sitio\/\",\"sameAs\":[\"https:\/\/www.linkedin.com\/in\/comercial-sercoflex-6779211b4\/\"],\"logo\":{\"@type\":\"ImageObject\",\"@id\":\"https:\/\/sercoflex.cl\/sitio\/#logo\",\"inLanguage\":\"es-CL\",\"url\":\"https:\/\/sercoflex.cl\/sitio\/wp-content\/uploads\/2021\/01\/Logo-serco.jpg\",\"contentUrl\":\"https:\/\/sercoflex.cl\/sitio\/wp-content\/uploads\/2021\/01\/Logo-serco.jpg\",\"width\":790,\"height\":945,\"caption\":\"Sercoflex\"},\"image\":{\"@id\":\"https:\/\/sercoflex.cl\/sitio\/#logo\"}},{\"@type\":\"WebSite\",\"@id\":\"https:\/\/sercoflex.cl\/sitio\/#website\",\"url\":\"https:\/\/sercoflex.cl\/sitio\/\",\"name\":\"Sercoflex\",\"description\":\"Empresa dedicada a productos industriales.\",\"publisher\":{\"@id\":\"https:\/\/sercoflex.cl\/sitio\/#organization\"},\"potentialAction\":[{\"@type\":\"SearchAction\",\"target\":\"https:\/\/sercoflex.cl\/sitio\/?s={search_term_string}\",\"query-input\":\"required name=search_term_string\"}],\"inLanguage\":\"es-CL\"},{\"@type\":\"ImageObject\",\"@id\":\"https:\/\/sercoflex.cl\/sitio\/tipo-cf\/#primaryimage\",\"inLanguage\":\"es-CL\",\"url\":\"https:\/\/sercoflex.cl\/sitio\/wp-content\/uploads\/2025\/10\/800x0-cf70_2.jpg\",\"contentUrl\":\"https:\/\/sercoflex.cl\/sitio\/wp-content\/uploads\/2025\/10\/800x0-cf70_2.jpg\",\"width\":800,\"height\":601},{\"@type\":\"WebPage\",\"@id\":\"https:\/\/sercoflex.cl\/sitio\/tipo-cf\/#webpage\",\"url\":\"https:\/\/sercoflex.cl\/sitio\/tipo-cf\/\",\"name\":\"Tipo CF - Sercoflex | Re\",\"isPartOf\":{\"@id\":\"https:\/\/sercoflex.cl\/sitio\/#website\"},\"primaryImageOfPage\":{\"@id\":\"https:\/\/sercoflex.cl\/sitio\/tipo-cf\/#primaryimage\"},\"datePublished\":\"2020-08-11T21:13:54+00:00\",\"dateModified\":\"2025-10-07T20:47:22+00:00\",\"breadcrumb\":{\"@id\":\"https:\/\/sercoflex.cl\/sitio\/tipo-cf\/#breadcrumb\"},\"inLanguage\":\"es-CL\",\"potentialAction\":[{\"@type\":\"ReadAction\",\"target\":[\"https:\/\/sercoflex.cl\/sitio\/tipo-cf\/\"]}]},{\"@type\":\"BreadcrumbList\",\"@id\":\"https:\/\/sercoflex.cl\/sitio\/tipo-cf\/#breadcrumb\",\"itemListElement\":[{\"@type\":\"ListItem\",\"position\":1,\"name\":\"Portada\",\"item\":\"https:\/\/sercoflex.cl\/sitio\/\"},{\"@type\":\"ListItem\",\"position\":2,\"name\":\"Tipo CF\"}]}]}<\/script>\n<!-- \/ Yoast SEO plugin. -->","_links":{"self":[{"href":"https:\/\/sercoflex.cl\/sitio\/wp-json\/wp\/v2\/pages\/149","targetHints":{"allow":["GET"]}}],"collection":[{"href":"https:\/\/sercoflex.cl\/sitio\/wp-json\/wp\/v2\/pages"}],"about":[{"href":"https:\/\/sercoflex.cl\/sitio\/wp-json\/wp\/v2\/types\/page"}],"author":[{"embeddable":true,"href":"https:\/\/sercoflex.cl\/sitio\/wp-json\/wp\/v2\/users\/1"}],"replies":[{"embeddable":true,"href":"https:\/\/sercoflex.cl\/sitio\/wp-json\/wp\/v2\/comments?post=149"}],"version-history":[{"count":15,"href":"https:\/\/sercoflex.cl\/sitio\/wp-json\/wp\/v2\/pages\/149\/revisions"}],"predecessor-version":[{"id":3814,"href":"https:\/\/sercoflex.cl\/sitio\/wp-json\/wp\/v2\/pages\/149\/revisions\/3814"}],"wp:attachment":[{"href":"https:\/\/sercoflex.cl\/sitio\/wp-json\/wp\/v2\/media?parent=149"}],"curies":[{"name":"wp","href":"https:\/\/api.w.org\/{rel}","templated":true}]}}