{"id":132,"date":"2020-08-11T18:08:31","date_gmt":"2020-08-11T21:08:31","guid":{"rendered":"http:\/\/sercoflex.cl\/sitio\/?page_id=132"},"modified":"2025-10-05T21:38:39","modified_gmt":"2025-10-06T00:38:39","slug":"us-52","status":"publish","type":"page","link":"https:\/\/sercoflex.cl\/sitio\/us-52\/","title":{"rendered":"US-52"},"content":{"rendered":"\t\t<div data-elementor-type=\"wp-page\" data-elementor-id=\"132\" class=\"elementor elementor-132\" data-elementor-settings=\"[]\">\n\t\t\t\t\t\t<div class=\"elementor-inner\">\n\t\t\t\t\t\t\t<div class=\"elementor-section-wrap\">\n\t\t\t\t\t\t\t<section class=\"elementor-section elementor-top-section elementor-element elementor-element-bf41c6e elementor-section-boxed elementor-section-height-default elementor-section-height-default\" data-id=\"bf41c6e\" data-element_type=\"section\">\n\t\t\t\t\t\t<div class=\"elementor-container elementor-column-gap-default\">\n\t\t\t\t\t\t\t<div class=\"elementor-row\">\n\t\t\t\t\t<div class=\"elementor-column elementor-col-100 elementor-top-column elementor-element elementor-element-ac0744a\" data-id=\"ac0744a\" data-element_type=\"column\">\n\t\t\t<div class=\"elementor-column-wrap elementor-element-populated\">\n\t\t\t\t\t\t\t<div class=\"elementor-widget-wrap\">\n\t\t\t\t\t\t<div class=\"elementor-element elementor-element-3303ce4 elementor-widget elementor-widget-text-editor\" data-id=\"3303ce4\" data-element_type=\"widget\" data-widget_type=\"text-editor.default\">\n\t\t\t\t<div class=\"elementor-widget-container\">\n\t\t\t\t\t\t\t\t<div class=\"elementor-text-editor elementor-clearfix\">\n\t\t\t\t\t<h5>Controlador de tensi\u00f3n US.52<\/h5><p>El US.52 es un sensor ultras\u00f3nico de la marca Re S.p.A., dise\u00f1ado para la medici\u00f3n de la distancia de un objeto sin necesidad de contacto. Este sensor es excepcionalmente vers\u00e1til, ya que es capaz de detectar la distancia de bobinas de cualquier tipo de material, color o transparencia. La niebla, el polvo y otras impurezas del entorno de trabajo no representan un problema, asegurando una detecci\u00f3n fiable en cualquier condici\u00f3n. Gracias a su sensor de alta resoluci\u00f3n y sus puntos ciegos reducidos, el US.52 garantiza la m\u00e1xima fiabilidad y precisi\u00f3n.<\/p><p>En Sercoflex, te ayudamos a encontrar el sensor ultras\u00f3nico ideal para optimizar tus procesos, as\u00ed que no dudes en contactarnos para una asesor\u00eda personalizada.<\/p>\t\t\t\t\t<\/div>\n\t\t\t\t\t\t<\/div>\n\t\t\t\t<\/div>\n\t\t\t\t\t\t<\/div>\n\t\t\t\t\t<\/div>\n\t\t<\/div>\n\t\t\t\t\t\t\t\t<\/div>\n\t\t\t\t\t<\/div>\n\t\t<\/section>\n\t\t\t\t<section class=\"elementor-section elementor-top-section elementor-element elementor-element-be95439 elementor-section-boxed elementor-section-height-default elementor-section-height-default\" data-id=\"be95439\" data-element_type=\"section\">\n\t\t\t\t\t\t<div class=\"elementor-container elementor-column-gap-default\">\n\t\t\t\t\t\t\t<div class=\"elementor-row\">\n\t\t\t\t\t<div class=\"elementor-column elementor-col-100 elementor-top-column elementor-element elementor-element-3e5344f\" data-id=\"3e5344f\" data-element_type=\"column\">\n\t\t\t<div class=\"elementor-column-wrap elementor-element-populated\">\n\t\t\t\t\t\t\t<div class=\"elementor-widget-wrap\">\n\t\t\t\t\t\t<div class=\"elementor-element elementor-element-bcadb67 elementor-arrows-position-inside elementor-pagination-position-outside elementor-widget elementor-widget-image-carousel\" data-id=\"bcadb67\" data-element_type=\"widget\" data-settings=\"{&quot;navigation&quot;:&quot;both&quot;,&quot;autoplay&quot;:&quot;yes&quot;,&quot;pause_on_hover&quot;:&quot;yes&quot;,&quot;pause_on_interaction&quot;:&quot;yes&quot;,&quot;autoplay_speed&quot;:5000,&quot;infinite&quot;:&quot;yes&quot;,&quot;speed&quot;:500}\" data-widget_type=\"image-carousel.default\">\n\t\t\t\t<div class=\"elementor-widget-container\">\n\t\t\t\t\t<div class=\"elementor-image-carousel-wrapper swiper-container\" dir=\"ltr\">\n\t\t\t<div class=\"elementor-image-carousel swiper-wrapper\">\n\t\t\t\t<div class=\"swiper-slide\"><figure class=\"swiper-slide-inner\"><img decoding=\"async\" class=\"swiper-slide-image\" src=\"https:\/\/sercoflex.cl\/sitio\/wp-content\/uploads\/2025\/10\/US-52-1-300x200.jpg\" alt=\"US-52-1\" \/><\/figure><\/div>\t\t\t<\/div>\n\t\t\t\t\t<\/div>\n\t\t\t\t<\/div>\n\t\t\t\t<\/div>\n\t\t\t\t\t\t<\/div>\n\t\t\t\t\t<\/div>\n\t\t<\/div>\n\t\t\t\t\t\t\t\t<\/div>\n\t\t\t\t\t<\/div>\n\t\t<\/section>\n\t\t\t\t<section class=\"elementor-section elementor-top-section elementor-element elementor-element-417a3fe9 elementor-section-boxed elementor-section-height-default elementor-section-height-default\" data-id=\"417a3fe9\" data-element_type=\"section\">\n\t\t\t\t\t\t<div class=\"elementor-container elementor-column-gap-default\">\n\t\t\t\t\t\t\t<div class=\"elementor-row\">\n\t\t\t\t\t<div class=\"elementor-column elementor-col-100 elementor-top-column elementor-element elementor-element-7d5742c2\" data-id=\"7d5742c2\" data-element_type=\"column\">\n\t\t\t<div class=\"elementor-column-wrap elementor-element-populated\">\n\t\t\t\t\t\t\t<div class=\"elementor-widget-wrap\">\n\t\t\t\t\t\t<div class=\"elementor-element elementor-element-be10d elementor-widget elementor-widget-text-editor\" data-id=\"be10d\" data-element_type=\"widget\" data-widget_type=\"text-editor.default\">\n\t\t\t\t<div class=\"elementor-widget-container\">\n\t\t\t\t\t\t\t\t<div class=\"elementor-text-editor elementor-clearfix\">\n\t\t\t\t\t<h5><br><\/h5>\n<h5>Datos T\u00e9cnicos<\/h5>\n<table width=\"750\">\n<tbody>\n<tr>\n<td><strong>Alimentaci\u00f3n<\/strong><\/td>\n<td>\n<p align=\"center\">15\u00f730 Vdc (24 Vdc)<\/p>\n<\/td>\n<\/tr>\n<tr>\n<td><strong>M\u00e1x absorci\u00f3n de corriente<\/strong><\/td>\n<td>40 mA<\/td>\n<\/tr>\n<tr>\n<td><strong>Frecuencia de trabajo<\/strong><\/td>\n<td>200 kHz<\/td>\n<\/tr>\n<tr>\n<td><strong>Min distancia medible<\/strong><\/td>\n<td>120 mm<\/td>\n<\/tr>\n<tr>\n<td><strong>Max distancia medible<\/strong><\/td>\n<td>1300 mm<\/td>\n<\/tr>\n<tr>\n<td><strong>Precisi\u00f3n de repetibilidad<\/strong><\/td>\n<td>+\/- 0,15% FS<\/td>\n<\/tr>\n<tr>\n<td><strong>Resoluci\u00f3n<\/strong><\/td>\n<td>\u2264 0,069 mm<\/td>\n<\/tr>\n<tr>\n<td><strong>Salida an\u00e1loga 0\u00f710 Vdc<\/strong><\/td>\n<td>1 proporcional a distancia<\/td>\n<\/tr>\n<tr>\n<td><strong>Conexi\u00f3n<\/strong><\/td>\n<td>Conector M12x1<\/td>\n<\/tr>\n<tr>\n<td><strong>Polaridad inversa protegida<\/strong><\/td>\n<td>S\u00ed<\/td>\n<\/tr>\n<tr>\n<td><strong>Temperatura de trabajo<\/strong><\/td>\n<td>-25\u00f770\u00b0C<\/td>\n<\/tr>\n<tr>\n<td><strong>Compensaci\u00f3n de temperatura<\/strong><\/td>\n<td>S\u00ed<\/td>\n<\/tr>\n<tr>\n<td><strong>Protecci\u00f3n IP<\/strong><\/td>\n<td>IP67<\/td>\n<\/tr>\n<tr>\n<td><strong>Material<\/strong><\/td>\n<td>Bronce plata niquelado<\/td>\n<\/tr>\n<tr>\n<td><strong>Peso<\/strong><\/td>\n<td>45 g<\/td>\n<\/tr>\n<tr>\n<td><strong>Dimensiones<\/strong><\/td>\n<td>52,5 x 22 x 22 mm<\/td>\n<\/tr>\n<tr>\n<td><strong>Cable 5 pines con conector<\/strong><\/td>\n<td>10 m<\/td>\n<\/tr>\n<tr>\n<td><strong>Ver PDF<\/strong><\/td>\n<td>\n<p align=\"center\"><a href=\"http:\/\/sercoflex.cl\/sitio\/wp-content\/uploads\/2020\/08\/US52_2-data-Sheet.pdf\" target=\"_blank\" rel=\"noopener\"><br><img decoding=\"async\" src=\"http:\/\/sercoflex.cl\/sitio\/wp-content\/uploads\/2020\/09\/pdf.png\" width=\"50\"><br><\/a><\/p>\n<\/td>\n<\/tr>\n<\/tbody>\n<\/table>\t\t\t\t\t<\/div>\n\t\t\t\t\t\t<\/div>\n\t\t\t\t<\/div>\n\t\t\t\t\t\t<\/div>\n\t\t\t\t\t<\/div>\n\t\t<\/div>\n\t\t\t\t\t\t\t\t<\/div>\n\t\t\t\t\t<\/div>\n\t\t<\/section>\n\t\t\t\t\t\t<\/div>\n\t\t\t\t\t\t<\/div>\n\t\t\t\t\t<\/div>\n\t\t","protected":false},"excerpt":{"rendered":"<p>Controlador de tensi\u00f3n US.52 El US.52 es un sensor ultras\u00f3nico de la marca Re S.p.A., dise\u00f1ado para la medici\u00f3n de la distancia de un objeto sin necesidad de contacto. Este sensor es excepcionalmente vers\u00e1til, ya que es capaz de detectar la distancia de bobinas de cualquier tipo de material, color [&hellip;]<\/p>\n","protected":false},"author":1,"featured_media":0,"parent":0,"menu_order":0,"comment_status":"closed","ping_status":"closed","template":"","meta":{"footnotes":""},"class_list":["post-132","page","type-page","status-publish","hentry"],"yoast_head":"<!-- This site is optimized with the Yoast SEO plugin v16.5 - https:\/\/yoast.com\/wordpress\/plugins\/seo\/ -->\n<title>US-52 - Sercoflex | Re<\/title>\n<meta name=\"robots\" content=\"index, follow, max-snippet:-1, max-image-preview:large, max-video-preview:-1\" \/>\n<link rel=\"canonical\" href=\"https:\/\/sercoflex.cl\/sitio\/us-52\/\" \/>\n<meta property=\"og:locale\" content=\"es_ES\" \/>\n<meta property=\"og:type\" content=\"article\" \/>\n<meta property=\"og:title\" content=\"US-52 - Sercoflex | Re\" \/>\n<meta property=\"og:description\" content=\"Controlador de tensi\u00f3n US.52 El US.52 es un sensor ultras\u00f3nico de la marca Re S.p.A., dise\u00f1ado para la medici\u00f3n de la distancia de un objeto sin necesidad de contacto. Este sensor es excepcionalmente vers\u00e1til, ya que es capaz de detectar la distancia de bobinas de cualquier tipo de material, color [&hellip;]\" \/>\n<meta property=\"og:url\" content=\"https:\/\/sercoflex.cl\/sitio\/us-52\/\" \/>\n<meta property=\"og:site_name\" content=\"Sercoflex | Re\" \/>\n<meta property=\"article:modified_time\" content=\"2025-10-06T00:38:39+00:00\" \/>\n<meta property=\"og:image\" content=\"https:\/\/sercoflex.cl\/sitio\/wp-content\/uploads\/2025\/10\/US-52-1-300x200.jpg\" \/>\n<meta name=\"twitter:card\" content=\"summary_large_image\" \/>\n<meta name=\"twitter:label1\" content=\"Est. reading time\" \/>\n\t<meta name=\"twitter:data1\" content=\"2 minutos\" \/>\n<script type=\"application\/ld+json\" class=\"yoast-schema-graph\">{\"@context\":\"https:\/\/schema.org\",\"@graph\":[{\"@type\":\"Organization\",\"@id\":\"https:\/\/sercoflex.cl\/sitio\/#organization\",\"name\":\"Sercoflex\",\"url\":\"https:\/\/sercoflex.cl\/sitio\/\",\"sameAs\":[\"https:\/\/www.linkedin.com\/in\/comercial-sercoflex-6779211b4\/\"],\"logo\":{\"@type\":\"ImageObject\",\"@id\":\"https:\/\/sercoflex.cl\/sitio\/#logo\",\"inLanguage\":\"es-CL\",\"url\":\"https:\/\/sercoflex.cl\/sitio\/wp-content\/uploads\/2021\/01\/Logo-serco.jpg\",\"contentUrl\":\"https:\/\/sercoflex.cl\/sitio\/wp-content\/uploads\/2021\/01\/Logo-serco.jpg\",\"width\":790,\"height\":945,\"caption\":\"Sercoflex\"},\"image\":{\"@id\":\"https:\/\/sercoflex.cl\/sitio\/#logo\"}},{\"@type\":\"WebSite\",\"@id\":\"https:\/\/sercoflex.cl\/sitio\/#website\",\"url\":\"https:\/\/sercoflex.cl\/sitio\/\",\"name\":\"Sercoflex\",\"description\":\"Empresa dedicada a productos industriales.\",\"publisher\":{\"@id\":\"https:\/\/sercoflex.cl\/sitio\/#organization\"},\"potentialAction\":[{\"@type\":\"SearchAction\",\"target\":\"https:\/\/sercoflex.cl\/sitio\/?s={search_term_string}\",\"query-input\":\"required name=search_term_string\"}],\"inLanguage\":\"es-CL\"},{\"@type\":\"ImageObject\",\"@id\":\"https:\/\/sercoflex.cl\/sitio\/us-52\/#primaryimage\",\"inLanguage\":\"es-CL\",\"url\":\"https:\/\/sercoflex.cl\/sitio\/wp-content\/uploads\/2025\/10\/US-52-1.jpg\",\"contentUrl\":\"https:\/\/sercoflex.cl\/sitio\/wp-content\/uploads\/2025\/10\/US-52-1.jpg\",\"width\":900,\"height\":600},{\"@type\":\"WebPage\",\"@id\":\"https:\/\/sercoflex.cl\/sitio\/us-52\/#webpage\",\"url\":\"https:\/\/sercoflex.cl\/sitio\/us-52\/\",\"name\":\"US-52 - Sercoflex | Re\",\"isPartOf\":{\"@id\":\"https:\/\/sercoflex.cl\/sitio\/#website\"},\"primaryImageOfPage\":{\"@id\":\"https:\/\/sercoflex.cl\/sitio\/us-52\/#primaryimage\"},\"datePublished\":\"2020-08-11T21:08:31+00:00\",\"dateModified\":\"2025-10-06T00:38:39+00:00\",\"breadcrumb\":{\"@id\":\"https:\/\/sercoflex.cl\/sitio\/us-52\/#breadcrumb\"},\"inLanguage\":\"es-CL\",\"potentialAction\":[{\"@type\":\"ReadAction\",\"target\":[\"https:\/\/sercoflex.cl\/sitio\/us-52\/\"]}]},{\"@type\":\"BreadcrumbList\",\"@id\":\"https:\/\/sercoflex.cl\/sitio\/us-52\/#breadcrumb\",\"itemListElement\":[{\"@type\":\"ListItem\",\"position\":1,\"name\":\"Portada\",\"item\":\"https:\/\/sercoflex.cl\/sitio\/\"},{\"@type\":\"ListItem\",\"position\":2,\"name\":\"US-52\"}]}]}<\/script>\n<!-- \/ Yoast SEO plugin. -->","_links":{"self":[{"href":"https:\/\/sercoflex.cl\/sitio\/wp-json\/wp\/v2\/pages\/132","targetHints":{"allow":["GET"]}}],"collection":[{"href":"https:\/\/sercoflex.cl\/sitio\/wp-json\/wp\/v2\/pages"}],"about":[{"href":"https:\/\/sercoflex.cl\/sitio\/wp-json\/wp\/v2\/types\/page"}],"author":[{"embeddable":true,"href":"https:\/\/sercoflex.cl\/sitio\/wp-json\/wp\/v2\/users\/1"}],"replies":[{"embeddable":true,"href":"https:\/\/sercoflex.cl\/sitio\/wp-json\/wp\/v2\/comments?post=132"}],"version-history":[{"count":13,"href":"https:\/\/sercoflex.cl\/sitio\/wp-json\/wp\/v2\/pages\/132\/revisions"}],"predecessor-version":[{"id":3749,"href":"https:\/\/sercoflex.cl\/sitio\/wp-json\/wp\/v2\/pages\/132\/revisions\/3749"}],"wp:attachment":[{"href":"https:\/\/sercoflex.cl\/sitio\/wp-json\/wp\/v2\/media?parent=132"}],"curies":[{"name":"wp","href":"https:\/\/api.w.org\/{rel}","templated":true}]}}