{"id":128,"date":"2020-08-11T18:07:47","date_gmt":"2020-08-11T21:07:47","guid":{"rendered":"http:\/\/sercoflex.cl\/sitio\/?page_id=128"},"modified":"2025-10-05T21:52:06","modified_gmt":"2025-10-06T00:52:06","slug":"us-3","status":"publish","type":"page","link":"https:\/\/sercoflex.cl\/sitio\/us-3\/","title":{"rendered":"US-3"},"content":{"rendered":"\t\t<div data-elementor-type=\"wp-page\" data-elementor-id=\"128\" class=\"elementor elementor-128\" data-elementor-settings=\"[]\">\n\t\t\t\t\t\t<div class=\"elementor-inner\">\n\t\t\t\t\t\t\t<div class=\"elementor-section-wrap\">\n\t\t\t\t\t\t\t<section class=\"elementor-section elementor-top-section elementor-element elementor-element-a18698a elementor-section-boxed elementor-section-height-default elementor-section-height-default\" data-id=\"a18698a\" data-element_type=\"section\">\n\t\t\t\t\t\t<div class=\"elementor-container elementor-column-gap-default\">\n\t\t\t\t\t\t\t<div class=\"elementor-row\">\n\t\t\t\t\t<div class=\"elementor-column elementor-col-100 elementor-top-column elementor-element elementor-element-98a1d90\" data-id=\"98a1d90\" data-element_type=\"column\">\n\t\t\t<div class=\"elementor-column-wrap elementor-element-populated\">\n\t\t\t\t\t\t\t<div class=\"elementor-widget-wrap\">\n\t\t\t\t\t\t<div class=\"elementor-element elementor-element-431d6cf elementor-widget elementor-widget-text-editor\" data-id=\"431d6cf\" data-element_type=\"widget\" data-widget_type=\"text-editor.default\">\n\t\t\t\t<div class=\"elementor-widget-container\">\n\t\t\t\t\t\t\t\t<div class=\"elementor-text-editor elementor-clearfix\">\n\t\t\t\t\t<h5>Controlador de tensi\u00f3n US.3<\/h5><p>El US.3 es un sensor ultras\u00f3nico de la marca Re S.p.A. dise\u00f1ado para la detecci\u00f3n precisa del di\u00e1metro del rollo. Este sensor se utiliza habitualmente para el control de la tensi\u00f3n de la banda en sistemas de lazo abierto, en combinaci\u00f3n con un freno neum\u00e1tico, un embrague (en rebobinado) o un motor. Gracias a su versatilidad, tambi\u00e9n puede ser utilizado en sistemas combinados o de circuito cerrado como un soporte para los controladores de tensi\u00f3n. El US.3 cuenta con una interfaz sencilla con una barra de leds y dos botones, lo que lo hace f\u00e1cil de usar, instalar, econ\u00f3mico y preciso, siendo la soluci\u00f3n ideal para usar en laminadoras, cortadoras rebobinadoras y m\u00e1quinas para fabricar bolsas.<\/p>\t\t\t\t\t<\/div>\n\t\t\t\t\t\t<\/div>\n\t\t\t\t<\/div>\n\t\t\t\t\t\t<\/div>\n\t\t\t\t\t<\/div>\n\t\t<\/div>\n\t\t\t\t\t\t\t\t<\/div>\n\t\t\t\t\t<\/div>\n\t\t<\/section>\n\t\t\t\t<section class=\"elementor-section elementor-top-section elementor-element elementor-element-ee45f49 elementor-section-boxed elementor-section-height-default elementor-section-height-default\" data-id=\"ee45f49\" data-element_type=\"section\">\n\t\t\t\t\t\t<div class=\"elementor-container elementor-column-gap-default\">\n\t\t\t\t\t\t\t<div class=\"elementor-row\">\n\t\t\t\t\t<div class=\"elementor-column elementor-col-100 elementor-top-column elementor-element elementor-element-1796c3b\" data-id=\"1796c3b\" data-element_type=\"column\">\n\t\t\t<div class=\"elementor-column-wrap elementor-element-populated\">\n\t\t\t\t\t\t\t<div class=\"elementor-widget-wrap\">\n\t\t\t\t\t\t<div class=\"elementor-element elementor-element-fbf9fc0 elementor-arrows-position-inside elementor-pagination-position-outside elementor-widget elementor-widget-image-carousel\" data-id=\"fbf9fc0\" data-element_type=\"widget\" data-settings=\"{&quot;slides_to_show&quot;:&quot;2&quot;,&quot;navigation&quot;:&quot;both&quot;,&quot;autoplay&quot;:&quot;yes&quot;,&quot;pause_on_hover&quot;:&quot;yes&quot;,&quot;pause_on_interaction&quot;:&quot;yes&quot;,&quot;autoplay_speed&quot;:5000,&quot;infinite&quot;:&quot;yes&quot;,&quot;speed&quot;:500}\" data-widget_type=\"image-carousel.default\">\n\t\t\t\t<div class=\"elementor-widget-container\">\n\t\t\t\t\t<div class=\"elementor-image-carousel-wrapper swiper-container\" dir=\"ltr\">\n\t\t\t<div class=\"elementor-image-carousel swiper-wrapper\">\n\t\t\t\t<div class=\"swiper-slide\"><figure class=\"swiper-slide-inner\"><img decoding=\"async\" class=\"swiper-slide-image\" src=\"https:\/\/sercoflex.cl\/sitio\/wp-content\/uploads\/2025\/10\/US3-2-225x300.jpg\" alt=\"US3 2\" \/><\/figure><\/div>\t\t\t<\/div>\n\t\t\t\t\t<\/div>\n\t\t\t\t<\/div>\n\t\t\t\t<\/div>\n\t\t\t\t\t\t<\/div>\n\t\t\t\t\t<\/div>\n\t\t<\/div>\n\t\t\t\t\t\t\t\t<\/div>\n\t\t\t\t\t<\/div>\n\t\t<\/section>\n\t\t\t\t<section class=\"elementor-section elementor-top-section elementor-element elementor-element-34511723 elementor-section-boxed elementor-section-height-default elementor-section-height-default\" data-id=\"34511723\" data-element_type=\"section\">\n\t\t\t\t\t\t<div class=\"elementor-container elementor-column-gap-default\">\n\t\t\t\t\t\t\t<div class=\"elementor-row\">\n\t\t\t\t\t<div class=\"elementor-column elementor-col-100 elementor-top-column elementor-element elementor-element-433b3b4f\" data-id=\"433b3b4f\" data-element_type=\"column\">\n\t\t\t<div class=\"elementor-column-wrap elementor-element-populated\">\n\t\t\t\t\t\t\t<div class=\"elementor-widget-wrap\">\n\t\t\t\t\t\t<div class=\"elementor-element elementor-element-613dcba elementor-widget elementor-widget-text-editor\" data-id=\"613dcba\" data-element_type=\"widget\" data-widget_type=\"text-editor.default\">\n\t\t\t\t<div class=\"elementor-widget-container\">\n\t\t\t\t\t\t\t\t<div class=\"elementor-text-editor elementor-clearfix\">\n\t\t\t\t\t<h5><br><\/h5>\n<h5>Datos T\u00e9cnicos<\/h5>\n<table width=\"750\">\n<thead>\n<tr>\n<td><strong>Alimentaci\u00f3n<\/strong><\/td>\n<td>\n<p align=\"center\">24 Vdc (+\/- 10%)<\/p>\n<\/td>\n<\/tr>\n<\/thead>\n<tbody>\n<tr>\n<td><strong>Potencia<\/strong><\/td>\n<td>2 W max<\/td>\n<\/tr>\n<tr>\n<td><strong>Frecuencia de trabajp<\/strong><\/td>\n<td>125 kHz<\/td>\n<\/tr>\n<tr>\n<td><strong>Min. Distancia medible<\/strong><\/td>\n<td>150 mm a 25\u00b0C<\/td>\n<\/tr>\n<tr>\n<td><strong>Max distancia medible<\/strong><\/td>\n<td>1800 mm<\/td>\n<\/tr>\n<tr>\n<td><strong>Entrada an\u00e1loga 0\u00f710 Vdc<\/strong><\/td>\n<td>1 setpoint remoto<\/td>\n<\/tr>\n<tr>\n<td><strong>Salida an\u00e1loga 0\u00f710 Vdc \/ 4\u00f720 mA<\/strong><\/td>\n<td>1 control de torque lazo abierto<\/td>\n<\/tr>\n<tr>\n<td><strong>Salida an\u00e1loga 0\u00f710 Vdc<\/strong><\/td>\n<td>1 proporcional di\u00e1metro<\/td>\n<\/tr>\n<tr>\n<td><strong>Salida digital (NPN) programable<\/strong><\/td>\n<td>2 para alramas<\/td>\n<\/tr>\n<tr>\n<td><strong>Conexi\u00f3n en serie para PC <\/strong><\/td>\n<td>RS485<\/td>\n<\/tr>\n<tr>\n<td><strong>\u00c1ngulo de apertura al eje<\/strong><\/td>\n<td>+\/-10\u00b0<\/td>\n<\/tr>\n<tr>\n<td><strong>Peso<\/strong><\/td>\n<td>200 g<\/td>\n<\/tr>\n<tr>\n<td><strong>Temperatura de trabajo<\/strong><\/td>\n<td>0\u00f750 \u00b0C<\/td>\n<\/tr>\n<tr>\n<td><strong>Protecci\u00f3n IP <\/strong><\/td>\n<td>IP54<\/td>\n<\/tr>\n<tr>\n<td><strong>Cable 10 con conector&nbsp;&nbsp; miniatura<\/strong><\/td>\n<td>5 \u00f3 10 m<\/td>\n<\/tr>\n<tr>\n<td><strong>Ver PDF<\/strong><\/td>\n<td>\n<p align=\"center\"><a href=\"http:\/\/sercoflex.cl\/sitio\/wp-content\/uploads\/2020\/08\/US3-data-Sheet.pdf\" target=\"_blank\" rel=\"noopener\"><br><img decoding=\"async\" src=\"http:\/\/sercoflex.cl\/sitio\/wp-content\/uploads\/2020\/09\/pdf.png\" width=\"50\"><br><\/a><\/p>\n<\/td>\n<\/tr>\n<\/tbody>\n<\/table>\t\t\t\t\t<\/div>\n\t\t\t\t\t\t<\/div>\n\t\t\t\t<\/div>\n\t\t\t\t\t\t<\/div>\n\t\t\t\t\t<\/div>\n\t\t<\/div>\n\t\t\t\t\t\t\t\t<\/div>\n\t\t\t\t\t<\/div>\n\t\t<\/section>\n\t\t\t\t\t\t<\/div>\n\t\t\t\t\t\t<\/div>\n\t\t\t\t\t<\/div>\n\t\t","protected":false},"excerpt":{"rendered":"<p>Controlador de tensi\u00f3n US.3 El US.3 es un sensor ultras\u00f3nico de la marca Re S.p.A. dise\u00f1ado para la detecci\u00f3n precisa del di\u00e1metro del rollo. Este sensor se utiliza habitualmente para el control de la tensi\u00f3n de la banda en sistemas de lazo abierto, en combinaci\u00f3n con un freno neum\u00e1tico, un [&hellip;]<\/p>\n","protected":false},"author":1,"featured_media":0,"parent":0,"menu_order":0,"comment_status":"closed","ping_status":"closed","template":"","meta":{"footnotes":""},"class_list":["post-128","page","type-page","status-publish","hentry"],"yoast_head":"<!-- This site is optimized with the Yoast SEO plugin v16.5 - https:\/\/yoast.com\/wordpress\/plugins\/seo\/ -->\n<title>US-3 - Sercoflex | Re<\/title>\n<meta name=\"robots\" content=\"index, follow, max-snippet:-1, max-image-preview:large, max-video-preview:-1\" \/>\n<link rel=\"canonical\" href=\"https:\/\/sercoflex.cl\/sitio\/us-3\/\" \/>\n<meta property=\"og:locale\" content=\"es_ES\" \/>\n<meta property=\"og:type\" content=\"article\" \/>\n<meta property=\"og:title\" content=\"US-3 - Sercoflex | Re\" \/>\n<meta property=\"og:description\" content=\"Controlador de tensi\u00f3n US.3 El US.3 es un sensor ultras\u00f3nico de la marca Re S.p.A. dise\u00f1ado para la detecci\u00f3n precisa del di\u00e1metro del rollo. Este sensor se utiliza habitualmente para el control de la tensi\u00f3n de la banda en sistemas de lazo abierto, en combinaci\u00f3n con un freno neum\u00e1tico, un [&hellip;]\" \/>\n<meta property=\"og:url\" content=\"https:\/\/sercoflex.cl\/sitio\/us-3\/\" \/>\n<meta property=\"og:site_name\" content=\"Sercoflex | Re\" \/>\n<meta property=\"article:modified_time\" content=\"2025-10-06T00:52:06+00:00\" \/>\n<meta property=\"og:image\" content=\"https:\/\/sercoflex.cl\/sitio\/wp-content\/uploads\/2025\/10\/US3-2-225x300.jpg\" \/>\n<meta name=\"twitter:card\" content=\"summary_large_image\" \/>\n<meta name=\"twitter:label1\" content=\"Est. reading time\" \/>\n\t<meta name=\"twitter:data1\" content=\"2 minutos\" \/>\n<script type=\"application\/ld+json\" class=\"yoast-schema-graph\">{\"@context\":\"https:\/\/schema.org\",\"@graph\":[{\"@type\":\"Organization\",\"@id\":\"https:\/\/sercoflex.cl\/sitio\/#organization\",\"name\":\"Sercoflex\",\"url\":\"https:\/\/sercoflex.cl\/sitio\/\",\"sameAs\":[\"https:\/\/www.linkedin.com\/in\/comercial-sercoflex-6779211b4\/\"],\"logo\":{\"@type\":\"ImageObject\",\"@id\":\"https:\/\/sercoflex.cl\/sitio\/#logo\",\"inLanguage\":\"es-CL\",\"url\":\"https:\/\/sercoflex.cl\/sitio\/wp-content\/uploads\/2021\/01\/Logo-serco.jpg\",\"contentUrl\":\"https:\/\/sercoflex.cl\/sitio\/wp-content\/uploads\/2021\/01\/Logo-serco.jpg\",\"width\":790,\"height\":945,\"caption\":\"Sercoflex\"},\"image\":{\"@id\":\"https:\/\/sercoflex.cl\/sitio\/#logo\"}},{\"@type\":\"WebSite\",\"@id\":\"https:\/\/sercoflex.cl\/sitio\/#website\",\"url\":\"https:\/\/sercoflex.cl\/sitio\/\",\"name\":\"Sercoflex\",\"description\":\"Empresa dedicada a productos industriales.\",\"publisher\":{\"@id\":\"https:\/\/sercoflex.cl\/sitio\/#organization\"},\"potentialAction\":[{\"@type\":\"SearchAction\",\"target\":\"https:\/\/sercoflex.cl\/sitio\/?s={search_term_string}\",\"query-input\":\"required name=search_term_string\"}],\"inLanguage\":\"es-CL\"},{\"@type\":\"ImageObject\",\"@id\":\"https:\/\/sercoflex.cl\/sitio\/us-3\/#primaryimage\",\"inLanguage\":\"es-CL\",\"url\":\"https:\/\/sercoflex.cl\/sitio\/wp-content\/uploads\/2025\/10\/US3-2.jpg\",\"contentUrl\":\"https:\/\/sercoflex.cl\/sitio\/wp-content\/uploads\/2025\/10\/US3-2.jpg\",\"width\":587,\"height\":781},{\"@type\":\"WebPage\",\"@id\":\"https:\/\/sercoflex.cl\/sitio\/us-3\/#webpage\",\"url\":\"https:\/\/sercoflex.cl\/sitio\/us-3\/\",\"name\":\"US-3 - Sercoflex | Re\",\"isPartOf\":{\"@id\":\"https:\/\/sercoflex.cl\/sitio\/#website\"},\"primaryImageOfPage\":{\"@id\":\"https:\/\/sercoflex.cl\/sitio\/us-3\/#primaryimage\"},\"datePublished\":\"2020-08-11T21:07:47+00:00\",\"dateModified\":\"2025-10-06T00:52:06+00:00\",\"breadcrumb\":{\"@id\":\"https:\/\/sercoflex.cl\/sitio\/us-3\/#breadcrumb\"},\"inLanguage\":\"es-CL\",\"potentialAction\":[{\"@type\":\"ReadAction\",\"target\":[\"https:\/\/sercoflex.cl\/sitio\/us-3\/\"]}]},{\"@type\":\"BreadcrumbList\",\"@id\":\"https:\/\/sercoflex.cl\/sitio\/us-3\/#breadcrumb\",\"itemListElement\":[{\"@type\":\"ListItem\",\"position\":1,\"name\":\"Portada\",\"item\":\"https:\/\/sercoflex.cl\/sitio\/\"},{\"@type\":\"ListItem\",\"position\":2,\"name\":\"US-3\"}]}]}<\/script>\n<!-- \/ Yoast SEO plugin. -->","_links":{"self":[{"href":"https:\/\/sercoflex.cl\/sitio\/wp-json\/wp\/v2\/pages\/128","targetHints":{"allow":["GET"]}}],"collection":[{"href":"https:\/\/sercoflex.cl\/sitio\/wp-json\/wp\/v2\/pages"}],"about":[{"href":"https:\/\/sercoflex.cl\/sitio\/wp-json\/wp\/v2\/types\/page"}],"author":[{"embeddable":true,"href":"https:\/\/sercoflex.cl\/sitio\/wp-json\/wp\/v2\/users\/1"}],"replies":[{"embeddable":true,"href":"https:\/\/sercoflex.cl\/sitio\/wp-json\/wp\/v2\/comments?post=128"}],"version-history":[{"count":16,"href":"https:\/\/sercoflex.cl\/sitio\/wp-json\/wp\/v2\/pages\/128\/revisions"}],"predecessor-version":[{"id":3755,"href":"https:\/\/sercoflex.cl\/sitio\/wp-json\/wp\/v2\/pages\/128\/revisions\/3755"}],"wp:attachment":[{"href":"https:\/\/sercoflex.cl\/sitio\/wp-json\/wp\/v2\/media?parent=128"}],"curies":[{"name":"wp","href":"https:\/\/api.w.org\/{rel}","templated":true}]}}