{"id":110,"date":"2020-08-11T17:35:18","date_gmt":"2020-08-11T20:35:18","guid":{"rendered":"http:\/\/sercoflex.cl\/sitio\/?page_id=110"},"modified":"2025-10-05T18:51:09","modified_gmt":"2025-10-05T21:51:09","slug":"calipers-2","status":"publish","type":"page","link":"https:\/\/sercoflex.cl\/sitio\/calipers-2\/","title":{"rendered":"Calipers"},"content":{"rendered":"\t\t<div data-elementor-type=\"wp-page\" data-elementor-id=\"110\" class=\"elementor elementor-110\" data-elementor-settings=\"[]\">\n\t\t\t\t\t\t<div class=\"elementor-inner\">\n\t\t\t\t\t\t\t<div class=\"elementor-section-wrap\">\n\t\t\t\t\t\t\t<section class=\"elementor-section elementor-top-section elementor-element elementor-element-86c4e93 elementor-section-boxed elementor-section-height-default elementor-section-height-default\" data-id=\"86c4e93\" data-element_type=\"section\">\n\t\t\t\t\t\t<div class=\"elementor-container elementor-column-gap-default\">\n\t\t\t\t\t\t\t<div class=\"elementor-row\">\n\t\t\t\t\t<div class=\"elementor-column elementor-col-100 elementor-top-column elementor-element elementor-element-4c0c2f9\" data-id=\"4c0c2f9\" data-element_type=\"column\">\n\t\t\t<div class=\"elementor-column-wrap elementor-element-populated\">\n\t\t\t\t\t\t\t<div class=\"elementor-widget-wrap\">\n\t\t\t\t\t\t<div class=\"elementor-element elementor-element-3a0ce2a elementor-widget elementor-widget-text-editor\" data-id=\"3a0ce2a\" data-element_type=\"widget\" data-widget_type=\"text-editor.default\">\n\t\t\t\t<div class=\"elementor-widget-container\">\n\t\t\t\t\t\t\t\t<div class=\"elementor-text-editor elementor-clearfix\">\n\t\t\t\t\t<h5>Freno Neum\u00e1tico Calipers<\/h5>\n<p>Su reducido tama\u00f1o permite instalar una o m\u00e1s pinzas en el disco para obtener el par de frenado deseado. Se utilizan para frenado de potencia baja y media, y frenado de parada r\u00e1pida (aplicaci\u00f3n de aire) o para frenos de parada (aplicaci\u00f3n de resorte). Tambi\u00e9n est\u00e1 disponible la versi\u00f3n CX NANO para pares de frenado considerables en espacios muy reducidos.<\/p>\n<p>Los calipers de accionamiento manual o neum\u00e1tico (accionados por aire y por resorte) se pueden utilizar para obtener un par de frenado alto y son ideales para frenar los frenos en cualquier m\u00e1quina utilizada para procesar material en bobinas. Una soluci\u00f3n econ\u00f3mica y sencilla, incluso para las m\u00e1quinas m\u00e1s antiguas.<\/p>\n<p>Todos nuestros productos son RE SpA.<\/p><p><br><\/p>\t\t\t\t\t<\/div>\n\t\t\t\t\t\t<\/div>\n\t\t\t\t<\/div>\n\t\t\t\t\t\t<\/div>\n\t\t\t\t\t<\/div>\n\t\t<\/div>\n\t\t\t\t\t\t\t\t<\/div>\n\t\t\t\t\t<\/div>\n\t\t<\/section>\n\t\t\t\t<section class=\"elementor-section elementor-top-section elementor-element elementor-element-c5f0440 elementor-section-boxed elementor-section-height-default elementor-section-height-default\" data-id=\"c5f0440\" data-element_type=\"section\">\n\t\t\t\t\t\t<div class=\"elementor-container elementor-column-gap-default\">\n\t\t\t\t\t\t\t<div class=\"elementor-row\">\n\t\t\t\t\t<div class=\"elementor-column elementor-col-100 elementor-top-column elementor-element elementor-element-7cef5b11\" data-id=\"7cef5b11\" data-element_type=\"column\">\n\t\t\t<div class=\"elementor-column-wrap elementor-element-populated\">\n\t\t\t\t\t\t\t<div class=\"elementor-widget-wrap\">\n\t\t\t\t\t\t<div class=\"elementor-element elementor-element-7e87fa5 elementor-arrows-position-inside elementor-pagination-position-outside elementor-widget elementor-widget-image-carousel\" data-id=\"7e87fa5\" data-element_type=\"widget\" data-settings=\"{&quot;slides_to_show&quot;:&quot;3&quot;,&quot;slides_to_scroll&quot;:&quot;3&quot;,&quot;navigation&quot;:&quot;both&quot;,&quot;autoplay&quot;:&quot;yes&quot;,&quot;pause_on_hover&quot;:&quot;yes&quot;,&quot;pause_on_interaction&quot;:&quot;yes&quot;,&quot;autoplay_speed&quot;:5000,&quot;infinite&quot;:&quot;yes&quot;,&quot;speed&quot;:500}\" data-widget_type=\"image-carousel.default\">\n\t\t\t\t<div class=\"elementor-widget-container\">\n\t\t\t\t\t<div class=\"elementor-image-carousel-wrapper swiper-container\" dir=\"ltr\">\n\t\t\t<div class=\"elementor-image-carousel swiper-wrapper\">\n\t\t\t\t<div class=\"swiper-slide\"><figure class=\"swiper-slide-inner\"><img decoding=\"async\" class=\"swiper-slide-image\" src=\"https:\/\/sercoflex.cl\/sitio\/wp-content\/uploads\/2025\/10\/01-Pinze-CX-e-CX-NANO-300x225.jpg\" alt=\"Stampa\" \/><\/figure><\/div><div class=\"swiper-slide\"><figure class=\"swiper-slide-inner\"><img decoding=\"async\" class=\"swiper-slide-image\" src=\"https:\/\/sercoflex.cl\/sitio\/wp-content\/uploads\/2025\/10\/01-SA-manual-caliper-300x225.jpg\" alt=\"01-SA-manual-caliper\" \/><\/figure><\/div><div class=\"swiper-slide\"><figure class=\"swiper-slide-inner\"><img decoding=\"async\" class=\"swiper-slide-image\" src=\"https:\/\/sercoflex.cl\/sitio\/wp-content\/uploads\/2025\/10\/03-SA-pneumatic-caliper-300x225.jpg\" alt=\"03-SA-pneumatic-caliper\" \/><\/figure><\/div><div class=\"swiper-slide\"><figure class=\"swiper-slide-inner\"><img decoding=\"async\" class=\"swiper-slide-image\" src=\"https:\/\/sercoflex.cl\/sitio\/wp-content\/uploads\/2025\/10\/02-SA-pneumatic-caliper-1-300x225.jpg\" alt=\"02-SA-pneumatic-caliper\" \/><\/figure><\/div><div class=\"swiper-slide\"><figure class=\"swiper-slide-inner\"><img decoding=\"async\" class=\"swiper-slide-image\" src=\"https:\/\/sercoflex.cl\/sitio\/wp-content\/uploads\/2025\/10\/04-Pinza-CX-su-disco-2-300x225.jpg\" alt=\"Stampa\" \/><\/figure><\/div>\t\t\t<\/div>\n\t\t\t\t\t\t\t\t\t\t\t\t<div class=\"swiper-pagination\"><\/div>\n\t\t\t\t\t\t\t\t\t\t\t\t\t<div class=\"elementor-swiper-button elementor-swiper-button-prev\">\n\t\t\t\t\t\t<i class=\"eicon-chevron-left\" aria-hidden=\"true\"><\/i>\n\t\t\t\t\t\t<span class=\"elementor-screen-only\">Previous<\/span>\n\t\t\t\t\t<\/div>\n\t\t\t\t\t<div class=\"elementor-swiper-button elementor-swiper-button-next\">\n\t\t\t\t\t\t<i class=\"eicon-chevron-right\" aria-hidden=\"true\"><\/i>\n\t\t\t\t\t\t<span class=\"elementor-screen-only\">Next<\/span>\n\t\t\t\t\t<\/div>\n\t\t\t\t\t\t\t\t\t<\/div>\n\t\t\t\t<\/div>\n\t\t\t\t<\/div>\n\t\t\t\t<div class=\"elementor-element elementor-element-2a0bff29 elementor-widget elementor-widget-text-editor\" data-id=\"2a0bff29\" data-element_type=\"widget\" data-widget_type=\"text-editor.default\">\n\t\t\t\t<div class=\"elementor-widget-container\">\n\t\t\t\t\t\t\t\t<div class=\"elementor-text-editor elementor-clearfix\">\n\t\t\t\t\t<h5>\u00a0<\/h5>\n<p><a><br \/><\/a><a><span style=\"color: #032e42; font-family: 'Fira Sans'; font-size: 22px; font-style: normal; font-weight: bold;\">Datos T\u00e9cnicos<\/span><\/a><\/p>\n<p>\u00a0<\/p>\n<table width=\"750\">\n<thead>\n<tr>\n<td>\u00a0<\/td>\n<td>\n<p align=\"center\">CX nano (air applied)<\/p>\n<p>\u00a0<\/p>\n<\/td>\n<td>\n<p align=\"center\">CX nano (air applied)<\/p>\n<p>\u00a0<\/p>\n<\/td>\n<td>\n<p align=\"center\">CX reduced torque 10%<\/p>\n<p>\u00a0<\/p>\n<\/td>\n<td>\n<p align=\"center\">CX reduced torque 16%<\/p>\n<p>\u00a0<\/p>\n<\/td>\n<td>\n<p align=\"center\">CX reduced torque 40%<\/p>\n<p>\u00a0<\/p>\n<\/td>\n<td>\n<p align=\"center\">CX standard (spring applied)<\/p>\n<p>\u00a0<\/p>\n<\/td>\n<\/tr>\n<\/thead>\n<tbody>\n<tr>\n<td>\n<p align=\"left\">M\u00e1x torque 1 caliper<\/p>\n<p>\u00a0<\/p>\n<\/td>\n<td>510 N<\/td>\n<td>1682 N<\/td>\n<td>153 N<\/td>\n<td>286 N<\/td>\n<td>675 N<\/td>\n<td>1000 N<\/td>\n<\/tr>\n<tr>\n<td>\n<p align=\"left\">M\u00edn torque 1 caliper<\/p>\n<p>\u00a0<\/p>\n<\/td>\n<td>6 bar<\/td>\n<td>6 bar<\/td>\n<td>6 bar<\/td>\n<td>6 bar<\/td>\n<td>6 bar<\/td>\n<td>6 bar<\/td>\n<\/tr>\n<tr>\n<td>\n<p align=\"left\">Ver Pdf<\/p>\n<p>\u00a0<\/p>\n<\/td>\n<td>\n<p align=\"center\"><a href=\"http:\/\/sercoflex.cl\/sitio\/wp-content\/uploads\/2020\/08\/Caliper-CXnano-data-sheet.pdf\" target=\"_blank\" rel=\"noopener\"><br \/><img decoding=\"async\" src=\"http:\/\/sercoflex.cl\/sitio\/wp-content\/uploads\/2020\/09\/pdf.png\" width=\"50\" \/><br \/><\/a><\/p>\n<\/td>\n<td>\n<p align=\"center\"><a href=\"http:\/\/sercoflex.cl\/sitio\/wp-content\/uploads\/2020\/08\/Caliper-CX-data-sheet_.pdf\" target=\"_blank\" rel=\"noopener\"><br \/><img decoding=\"async\" src=\"http:\/\/sercoflex.cl\/sitio\/wp-content\/uploads\/2020\/09\/pdf.png\" width=\"50\" \/><br \/><\/a><\/p>\n<\/td>\n<td>\n<p align=\"center\"><a href=\"http:\/\/sercoflex.cl\/sitio\/wp-content\/uploads\/2020\/08\/Caliper-CX-data-sheet_.pdf\" target=\"_blank\" rel=\"noopener\"><br \/><img decoding=\"async\" src=\"http:\/\/sercoflex.cl\/sitio\/wp-content\/uploads\/2020\/09\/pdf.png\" width=\"50\" \/><br \/><\/a><\/p>\n<\/td>\n<td>\n<p align=\"center\"><a href=\"http:\/\/sercoflex.cl\/sitio\/wp-content\/uploads\/2020\/08\/Caliper-CX-data-sheet_.pdf\" target=\"_blank\" rel=\"noopener\"><br \/><img decoding=\"async\" src=\"http:\/\/sercoflex.cl\/sitio\/wp-content\/uploads\/2020\/09\/pdf.png\" width=\"50\" \/><br \/><\/a><\/p>\n<\/td>\n<td>\n<p align=\"center\"><a href=\"http:\/\/sercoflex.cl\/sitio\/wp-content\/uploads\/2020\/08\/Caliper-CX-data-sheet_.pdf\" target=\"_blank\" rel=\"noopener\"><br \/><img decoding=\"async\" src=\"http:\/\/sercoflex.cl\/sitio\/wp-content\/uploads\/2020\/09\/pdf.png\" width=\"50\" \/><br \/><\/a><\/p>\n<\/td>\n<td>\n<p align=\"center\"><a href=\"http:\/\/sercoflex.cl\/sitio\/wp-content\/uploads\/2020\/08\/Caliper-CX-data-sheet_.pdf\" target=\"_blank\" rel=\"noopener\"><br \/><img decoding=\"async\" src=\"http:\/\/sercoflex.cl\/sitio\/wp-content\/uploads\/2020\/09\/pdf.png\" width=\"50\" \/><br \/><\/a><\/p>\n<\/td>\n<\/tr>\n<\/tbody>\n<\/table>\n<h5>Mas Productos<\/h5>\n<p>\u00a0<\/p>\n<table width=\"750\">\n<thead>\n<tr>\n<td>\u00a0<\/td>\n<td>\n<p align=\"center\">PU SA<\/p>\n<p>\u00a0<\/p>\n<\/td>\n<td>\n<p align=\"center\">PZ SA<\/p>\n<p>\u00a0<\/p>\n<\/td>\n<td>\n<p align=\"center\">PU PZV<\/p>\n<p>\u00a0<\/p>\n<\/td>\n<td>\n<p align=\"center\">PZM12<\/p>\n<p>\u00a0<\/p>\n<\/td>\n<\/tr>\n<\/thead>\n<tbody>\n<tr>\n<td>\n<p align=\"left\">Ver Pdf<\/p>\n<p>\u00a0<\/p>\n<\/td>\n<td>\n<p align=\"center\"><a href=\"http:\/\/sercoflex.cl\/sitio\/wp-content\/uploads\/2020\/08\/PU-SA-caliper-data-sheet.pdf\" target=\"_blank\" rel=\"noopener\"><br \/><img decoding=\"async\" src=\"http:\/\/sercoflex.cl\/sitio\/wp-content\/uploads\/2020\/09\/pdf.png\" width=\"50\" \/><br \/><\/a><\/p>\n<\/td>\n<td>\n<p align=\"center\"><a href=\"http:\/\/sercoflex.cl\/sitio\/wp-content\/uploads\/2020\/08\/PZ-SA-caliper-data-sheet.pdf\" target=\"_blank\" rel=\"noopener\"><br \/><img decoding=\"async\" src=\"http:\/\/sercoflex.cl\/sitio\/wp-content\/uploads\/2020\/09\/pdf.png\" width=\"50\" \/><br \/><\/a><\/p>\n<\/td>\n<td>\n<p align=\"center\"><a href=\"http:\/\/sercoflex.cl\/sitio\/wp-content\/uploads\/2020\/08\/PU-PZV-caliper-data-sheet.pdf\" target=\"_blank\" rel=\"noopener\"><br \/><img decoding=\"async\" src=\"http:\/\/sercoflex.cl\/sitio\/wp-content\/uploads\/2020\/09\/pdf.png\" width=\"50\" \/><br \/><\/a><\/p>\n<\/td>\n<td>\n<p align=\"center\"><a href=\"http:\/\/sercoflex.cl\/sitio\/wp-content\/uploads\/2020\/08\/PZM12-data-sheet.pdf\" target=\"_blank\" rel=\"noopener\"><br \/><img decoding=\"async\" src=\"http:\/\/sercoflex.cl\/sitio\/wp-content\/uploads\/2020\/09\/pdf.png\" width=\"50\" \/><br \/><\/a><\/p>\n<\/td>\n<\/tr>\n<\/tbody>\n<\/table>\n<p><!-- wp:paragraph --><\/p>\n<p><!-- \/wp:paragraph --><\/p>\t\t\t\t\t<\/div>\n\t\t\t\t\t\t<\/div>\n\t\t\t\t<\/div>\n\t\t\t\t\t\t<\/div>\n\t\t\t\t\t<\/div>\n\t\t<\/div>\n\t\t\t\t\t\t\t\t<\/div>\n\t\t\t\t\t<\/div>\n\t\t<\/section>\n\t\t\t\t\t\t<\/div>\n\t\t\t\t\t\t<\/div>\n\t\t\t\t\t<\/div>\n\t\t","protected":false},"excerpt":{"rendered":"<p>Freno Neum\u00e1tico Calipers Su reducido tama\u00f1o permite instalar una o m\u00e1s pinzas en el disco para obtener el par de frenado deseado. Se utilizan para frenado de potencia baja y media, y frenado de parada r\u00e1pida (aplicaci\u00f3n de aire) o para frenos de parada (aplicaci\u00f3n de resorte). Tambi\u00e9n est\u00e1 disponible [&hellip;]<\/p>\n","protected":false},"author":1,"featured_media":0,"parent":0,"menu_order":0,"comment_status":"closed","ping_status":"closed","template":"","meta":{"footnotes":""},"class_list":["post-110","page","type-page","status-publish","hentry"],"yoast_head":"<!-- This site is optimized with the Yoast SEO plugin v16.5 - https:\/\/yoast.com\/wordpress\/plugins\/seo\/ -->\n<title>Calipers - Sercoflex | Re<\/title>\n<meta name=\"description\" content=\"Los calipers de accionamiento manual o neum\u00e1tico son usados para obtener un par de frenado alto e ideales para frenar los frenos en m\u00e1quinas utilizada para procesar material en bobinas.\" \/>\n<meta name=\"robots\" content=\"index, follow, max-snippet:-1, max-image-preview:large, max-video-preview:-1\" \/>\n<link rel=\"canonical\" href=\"https:\/\/sercoflex.cl\/sitio\/calipers-2\/\" \/>\n<meta property=\"og:locale\" content=\"es_ES\" \/>\n<meta property=\"og:type\" content=\"article\" \/>\n<meta property=\"og:title\" content=\"Calipers - Sercoflex | Re\" \/>\n<meta property=\"og:description\" content=\"Los calipers de accionamiento manual o neum\u00e1tico son usados para obtener un par de frenado alto e ideales para frenar los frenos en m\u00e1quinas utilizada para procesar material en bobinas.\" \/>\n<meta property=\"og:url\" content=\"https:\/\/sercoflex.cl\/sitio\/calipers-2\/\" \/>\n<meta property=\"og:site_name\" content=\"Sercoflex | Re\" \/>\n<meta property=\"article:modified_time\" content=\"2025-10-05T21:51:09+00:00\" \/>\n<meta property=\"og:image\" content=\"https:\/\/sercoflex.cl\/sitio\/wp-content\/uploads\/2025\/10\/01-Pinze-CX-e-CX-NANO-300x225.jpg\" \/>\n<meta name=\"twitter:card\" content=\"summary_large_image\" \/>\n<meta name=\"twitter:label1\" content=\"Est. reading time\" \/>\n\t<meta name=\"twitter:data1\" content=\"4 minutos\" \/>\n<script type=\"application\/ld+json\" class=\"yoast-schema-graph\">{\"@context\":\"https:\/\/schema.org\",\"@graph\":[{\"@type\":\"Organization\",\"@id\":\"https:\/\/sercoflex.cl\/sitio\/#organization\",\"name\":\"Sercoflex\",\"url\":\"https:\/\/sercoflex.cl\/sitio\/\",\"sameAs\":[\"https:\/\/www.linkedin.com\/in\/comercial-sercoflex-6779211b4\/\"],\"logo\":{\"@type\":\"ImageObject\",\"@id\":\"https:\/\/sercoflex.cl\/sitio\/#logo\",\"inLanguage\":\"es-CL\",\"url\":\"https:\/\/sercoflex.cl\/sitio\/wp-content\/uploads\/2021\/01\/Logo-serco.jpg\",\"contentUrl\":\"https:\/\/sercoflex.cl\/sitio\/wp-content\/uploads\/2021\/01\/Logo-serco.jpg\",\"width\":790,\"height\":945,\"caption\":\"Sercoflex\"},\"image\":{\"@id\":\"https:\/\/sercoflex.cl\/sitio\/#logo\"}},{\"@type\":\"WebSite\",\"@id\":\"https:\/\/sercoflex.cl\/sitio\/#website\",\"url\":\"https:\/\/sercoflex.cl\/sitio\/\",\"name\":\"Sercoflex\",\"description\":\"Empresa dedicada a productos industriales.\",\"publisher\":{\"@id\":\"https:\/\/sercoflex.cl\/sitio\/#organization\"},\"potentialAction\":[{\"@type\":\"SearchAction\",\"target\":\"https:\/\/sercoflex.cl\/sitio\/?s={search_term_string}\",\"query-input\":\"required name=search_term_string\"}],\"inLanguage\":\"es-CL\"},{\"@type\":\"ImageObject\",\"@id\":\"https:\/\/sercoflex.cl\/sitio\/calipers-2\/#primaryimage\",\"inLanguage\":\"es-CL\",\"url\":\"https:\/\/sercoflex.cl\/sitio\/wp-content\/uploads\/2025\/10\/01-Pinze-CX-e-CX-NANO.jpg\",\"contentUrl\":\"https:\/\/sercoflex.cl\/sitio\/wp-content\/uploads\/2025\/10\/01-Pinze-CX-e-CX-NANO.jpg\",\"width\":800,\"height\":600},{\"@type\":\"WebPage\",\"@id\":\"https:\/\/sercoflex.cl\/sitio\/calipers-2\/#webpage\",\"url\":\"https:\/\/sercoflex.cl\/sitio\/calipers-2\/\",\"name\":\"Calipers - Sercoflex | Re\",\"isPartOf\":{\"@id\":\"https:\/\/sercoflex.cl\/sitio\/#website\"},\"primaryImageOfPage\":{\"@id\":\"https:\/\/sercoflex.cl\/sitio\/calipers-2\/#primaryimage\"},\"datePublished\":\"2020-08-11T20:35:18+00:00\",\"dateModified\":\"2025-10-05T21:51:09+00:00\",\"description\":\"Los calipers de accionamiento manual o neum\\u00e1tico son usados para obtener un par de frenado alto e ideales para frenar los frenos en m\\u00e1quinas utilizada para procesar material en bobinas.\",\"breadcrumb\":{\"@id\":\"https:\/\/sercoflex.cl\/sitio\/calipers-2\/#breadcrumb\"},\"inLanguage\":\"es-CL\",\"potentialAction\":[{\"@type\":\"ReadAction\",\"target\":[\"https:\/\/sercoflex.cl\/sitio\/calipers-2\/\"]}]},{\"@type\":\"BreadcrumbList\",\"@id\":\"https:\/\/sercoflex.cl\/sitio\/calipers-2\/#breadcrumb\",\"itemListElement\":[{\"@type\":\"ListItem\",\"position\":1,\"name\":\"Portada\",\"item\":\"https:\/\/sercoflex.cl\/sitio\/\"},{\"@type\":\"ListItem\",\"position\":2,\"name\":\"Calipers\"}]}]}<\/script>\n<!-- \/ Yoast SEO plugin. -->","_links":{"self":[{"href":"https:\/\/sercoflex.cl\/sitio\/wp-json\/wp\/v2\/pages\/110","targetHints":{"allow":["GET"]}}],"collection":[{"href":"https:\/\/sercoflex.cl\/sitio\/wp-json\/wp\/v2\/pages"}],"about":[{"href":"https:\/\/sercoflex.cl\/sitio\/wp-json\/wp\/v2\/types\/page"}],"author":[{"embeddable":true,"href":"https:\/\/sercoflex.cl\/sitio\/wp-json\/wp\/v2\/users\/1"}],"replies":[{"embeddable":true,"href":"https:\/\/sercoflex.cl\/sitio\/wp-json\/wp\/v2\/comments?post=110"}],"version-history":[{"count":32,"href":"https:\/\/sercoflex.cl\/sitio\/wp-json\/wp\/v2\/pages\/110\/revisions"}],"predecessor-version":[{"id":3688,"href":"https:\/\/sercoflex.cl\/sitio\/wp-json\/wp\/v2\/pages\/110\/revisions\/3688"}],"wp:attachment":[{"href":"https:\/\/sercoflex.cl\/sitio\/wp-json\/wp\/v2\/media?parent=110"}],"curies":[{"name":"wp","href":"https:\/\/api.w.org\/{rel}","templated":true}]}}