{"id":104,"date":"2020-08-11T17:29:29","date_gmt":"2020-08-11T20:29:29","guid":{"rendered":"http:\/\/sercoflex.cl\/sitio\/?page_id=104"},"modified":"2025-10-10T13:22:27","modified_gmt":"2025-10-10T16:22:27","slug":"extreme","status":"publish","type":"page","link":"https:\/\/sercoflex.cl\/sitio\/extreme\/","title":{"rendered":"Extreme"},"content":{"rendered":"\t\t<div data-elementor-type=\"wp-page\" data-elementor-id=\"104\" class=\"elementor elementor-104\" data-elementor-settings=\"[]\">\n\t\t\t\t\t\t<div class=\"elementor-inner\">\n\t\t\t\t\t\t\t<div class=\"elementor-section-wrap\">\n\t\t\t\t\t\t\t<section class=\"elementor-section elementor-top-section elementor-element elementor-element-3c3386e elementor-section-boxed elementor-section-height-default elementor-section-height-default\" data-id=\"3c3386e\" data-element_type=\"section\">\n\t\t\t\t\t\t<div class=\"elementor-container elementor-column-gap-default\">\n\t\t\t\t\t\t\t<div class=\"elementor-row\">\n\t\t\t\t\t<div class=\"elementor-column elementor-col-100 elementor-top-column elementor-element elementor-element-3fbb1cb\" data-id=\"3fbb1cb\" data-element_type=\"column\">\n\t\t\t<div class=\"elementor-column-wrap elementor-element-populated\">\n\t\t\t\t\t\t\t<div class=\"elementor-widget-wrap\">\n\t\t\t\t\t\t<div class=\"elementor-element elementor-element-32bbba6 elementor-widget elementor-widget-text-editor\" data-id=\"32bbba6\" data-element_type=\"widget\" data-widget_type=\"text-editor.default\">\n\t\t\t\t<div class=\"elementor-widget-container\">\n\t\t\t\t\t\t\t\t<div class=\"elementor-text-editor elementor-clearfix\">\n\t\t\t\t\t<h5 class=\"wp-block-heading\" style=\"background-color: #ffffff;\">Freno Neum\u00e1tico Extreme<\/h5>\n<p style=\"font-weight: 400; font-family: Roboto; font-style: normal; font-size: 14px; background-color: #ffffff;\">\u00a0<\/p>\n<p style=\"font-weight: 400; font-family: Roboto; font-style: normal; font-size: 14px; background-color: #ffffff;\">Totalmente patentado, tanto en dise\u00f1o como en principio de funcionamiento, el freno neum\u00e1tico Extreme representa una nueva era en las aplicaciones de frenos industriales.<\/p>\n<p style=\"font-weight: 400; font-family: Roboto; font-style: normal; font-size: 14px; background-color: #ffffff;\"><span style=\"background-color: #ffffff; font-family: Roboto; font-size: 14px; font-style: normal; font-weight: 400;\">Garantiza un alto rendimiento, dimensiones compactas, m\u00e1s de 7 a\u00f1os de vida \u00fatil de las pastillas y respeto por el medio ambiente.<\/span><\/p>\n<p style=\"font-weight: 400; font-family: Roboto; font-style: normal; font-size: 14px; background-color: #ffffff;\"><span style=\"background-color: #ffffff; font-family: Roboto; font-size: 14px; font-style: normal; font-weight: 400;\">El tiempo de reacci\u00f3n es el m\u00e1s r\u00e1pido y constante disponible en el mercado; el par del freno neum\u00e1tico Extreme es constante, estable y lineal en el tiempo variando tambi\u00e9n la temperatura de trabajo. Gracias a todas estas caracter\u00edsticas, el freno neum\u00e1tico Extreme garantiza una tensi\u00f3n m\u00e1s estable de las bobinas que necesita para desenrollar y procesar.<\/span><\/p>\n<p style=\"font-weight: 400; font-family: Roboto; font-style: normal; font-size: 14px; background-color: #ffffff;\">\u00a0<\/p>\n<p style=\"font-weight: 400; font-family: Roboto; font-style: normal; font-size: 14px; background-color: #ffffff;\">\u00a0<\/p>\t\t\t\t\t<\/div>\n\t\t\t\t\t\t<\/div>\n\t\t\t\t<\/div>\n\t\t\t\t\t\t<\/div>\n\t\t\t\t\t<\/div>\n\t\t<\/div>\n\t\t\t\t\t\t\t\t<\/div>\n\t\t\t\t\t<\/div>\n\t\t<\/section>\n\t\t\t\t<section class=\"elementor-section elementor-top-section elementor-element elementor-element-3355b4d elementor-section-boxed elementor-section-height-default elementor-section-height-default\" data-id=\"3355b4d\" data-element_type=\"section\">\n\t\t\t\t\t\t<div class=\"elementor-container elementor-column-gap-default\">\n\t\t\t\t\t\t\t<div class=\"elementor-row\">\n\t\t\t\t\t<div class=\"elementor-column elementor-col-100 elementor-top-column elementor-element elementor-element-0c116da\" data-id=\"0c116da\" data-element_type=\"column\">\n\t\t\t<div class=\"elementor-column-wrap elementor-element-populated\">\n\t\t\t\t\t\t\t<div class=\"elementor-widget-wrap\">\n\t\t\t\t\t\t<div class=\"elementor-element elementor-element-01719e7 elementor-arrows-position-inside elementor-pagination-position-outside elementor-widget elementor-widget-image-carousel\" data-id=\"01719e7\" data-element_type=\"widget\" data-settings=\"{&quot;slides_to_show&quot;:&quot;2&quot;,&quot;slides_to_scroll&quot;:&quot;2&quot;,&quot;navigation&quot;:&quot;both&quot;,&quot;autoplay&quot;:&quot;yes&quot;,&quot;pause_on_hover&quot;:&quot;yes&quot;,&quot;pause_on_interaction&quot;:&quot;yes&quot;,&quot;autoplay_speed&quot;:5000,&quot;infinite&quot;:&quot;yes&quot;,&quot;speed&quot;:500}\" data-widget_type=\"image-carousel.default\">\n\t\t\t\t<div class=\"elementor-widget-container\">\n\t\t\t\t\t<div class=\"elementor-image-carousel-wrapper swiper-container\" dir=\"ltr\">\n\t\t\t<div class=\"elementor-image-carousel swiper-wrapper\">\n\t\t\t\t<div class=\"swiper-slide\"><figure class=\"swiper-slide-inner\"><img decoding=\"async\" class=\"swiper-slide-image\" src=\"https:\/\/sercoflex.cl\/sitio\/wp-content\/uploads\/2025\/10\/01-Extreme-XT7-1-300x225.jpg\" alt=\"01-Extreme-XT7-1\" \/><\/figure><\/div><div class=\"swiper-slide\"><figure class=\"swiper-slide-inner\"><img decoding=\"async\" class=\"swiper-slide-image\" src=\"https:\/\/sercoflex.cl\/sitio\/wp-content\/uploads\/2025\/10\/02-Extreme-XT10-2-300x225.jpg\" alt=\"02-Extreme-XT10-2\" \/><\/figure><\/div>\t\t\t<\/div>\n\t\t\t\t\t\t\t\t\t\t\t\t<div class=\"swiper-pagination\"><\/div>\n\t\t\t\t\t\t\t\t\t\t\t\t\t<div class=\"elementor-swiper-button elementor-swiper-button-prev\">\n\t\t\t\t\t\t<i class=\"eicon-chevron-left\" aria-hidden=\"true\"><\/i>\n\t\t\t\t\t\t<span class=\"elementor-screen-only\">Previous<\/span>\n\t\t\t\t\t<\/div>\n\t\t\t\t\t<div class=\"elementor-swiper-button elementor-swiper-button-next\">\n\t\t\t\t\t\t<i class=\"eicon-chevron-right\" aria-hidden=\"true\"><\/i>\n\t\t\t\t\t\t<span class=\"elementor-screen-only\">Next<\/span>\n\t\t\t\t\t<\/div>\n\t\t\t\t\t\t\t\t\t<\/div>\n\t\t\t\t<\/div>\n\t\t\t\t<\/div>\n\t\t\t\t\t\t<\/div>\n\t\t\t\t\t<\/div>\n\t\t<\/div>\n\t\t\t\t\t\t\t\t<\/div>\n\t\t\t\t\t<\/div>\n\t\t<\/section>\n\t\t\t\t<section class=\"elementor-section elementor-top-section elementor-element elementor-element-5d4275bc elementor-section-boxed elementor-section-height-default elementor-section-height-default\" data-id=\"5d4275bc\" data-element_type=\"section\">\n\t\t\t\t\t\t<div class=\"elementor-container elementor-column-gap-default\">\n\t\t\t\t\t\t\t<div class=\"elementor-row\">\n\t\t\t\t\t<div class=\"elementor-column elementor-col-100 elementor-top-column elementor-element elementor-element-9986b45\" data-id=\"9986b45\" data-element_type=\"column\">\n\t\t\t<div class=\"elementor-column-wrap elementor-element-populated\">\n\t\t\t\t\t\t\t<div class=\"elementor-widget-wrap\">\n\t\t\t\t\t\t<div class=\"elementor-element elementor-element-7f043a9d elementor-widget elementor-widget-text-editor\" data-id=\"7f043a9d\" data-element_type=\"widget\" data-widget_type=\"text-editor.default\">\n\t\t\t\t<div class=\"elementor-widget-container\">\n\t\t\t\t\t\t\t\t<div class=\"elementor-text-editor elementor-clearfix\">\n\t\t\t\t\t<h5 class=\"wp-block-heading\"><span style=\"font-family: 'Fira Sans'; font-size: 22px; font-style: normal; font-weight: bold;\">Datos T\u00e9cnicos<\/span><\/h5>\n<p><!-- \/wp:heading --><!-- wp:table --><\/p>\n<figure class=\"wp-block-table\">\n<table class=\"has-fixed-layout\">\n<thead>\n<tr>\n<td>\u00a0<\/td>\n<td>\n<p align=\"center\">XT.7<\/p>\n<\/td>\n<td>\n<p align=\"center\">XT.10<\/p>\n<\/td>\n<\/tr>\n<\/thead>\n<tbody>\n<tr>\n<td><strong>Torque m\u00e1ximo\u00a0 1 caliper <\/strong><\/td>\n<td>75 Nm<\/td>\n<td>250 Nm<\/td>\n<\/tr>\n<tr>\n<td><strong>Torque m\u00ednimo 1 caliper <\/strong><\/td>\n<td>1,3 Nm<\/td>\n<td>4,166 Nm<\/td>\n<\/tr>\n<tr>\n<td><strong>Presi\u00f3n m\u00edn\/m\u00e1x<\/strong><\/td>\n<td>0,3\/6 bar<\/td>\n<td>0,1\/6 bar<\/td>\n<\/tr>\n<tr>\n<td><strong>M\u00e1x rpm disco<\/strong><\/td>\n<td>1500<\/td>\n<td>2500<\/td>\n<\/tr>\n<tr>\n<td><strong>Peso total<\/strong><\/td>\n<td>6,5 kg<\/td>\n<td>19 kg<\/td>\n<\/tr>\n<tr>\n<td><strong>Disipaci\u00f3n de calor sin ventilador<\/strong><\/td>\n<td>&#8211;<\/td>\n<td>2 kW<\/td>\n<\/tr>\n<tr>\n<td><strong>Disipaci\u00f3n de calor con ventilador 24V<\/strong><\/td>\n<td>2 kW<\/td>\n<td>6 kW<\/td>\n<\/tr>\n<tr>\n<td><strong>Disipaci\u00f3n de calor con ventilador 220V<\/strong><\/td>\n<td>&#8211;<\/td>\n<td>4,5 kW<\/td>\n<\/tr>\n<tr>\n<td><strong>Ver Pdf<\/strong><\/td>\n<td>\n<figure><a href=\"https:\/\/sercoflex.cl\/sitio\/wp-content\/uploads\/2020\/08\/Extreme-XT7-Data-Sheet_.pdf\"><img loading=\"lazy\" decoding=\"async\" class=\"alignnone\" src=\"http:\/\/sercoflex.cl\/sitio\/wp-content\/uploads\/2020\/09\/pdf.png\" alt=\"\" width=\"50\" height=\"64\" \/><\/a><\/figure>\n<p align=\"center\">\u00a0<\/p>\n<\/td>\n<td>\n<figure><a href=\"https:\/\/sercoflex.cl\/sitio\/wp-content\/uploads\/2020\/08\/Extreme-XT10-Data-Sheet_.pdf\"><img loading=\"lazy\" decoding=\"async\" class=\"alignnone\" src=\"http:\/\/sercoflex.cl\/sitio\/wp-content\/uploads\/2020\/09\/pdf.png\" alt=\"\" width=\"50\" height=\"64\" \/><\/a><\/figure>\n<p align=\"center\">\u00a0<\/p>\n<\/td>\n<\/tr>\n<\/tbody>\n<\/table>\n<\/figure>\n<p><!-- \/wp:table --><!-- wp:paragraph --><\/p>\n<p><!-- \/wp:paragraph --><\/p>\t\t\t\t\t<\/div>\n\t\t\t\t\t\t<\/div>\n\t\t\t\t<\/div>\n\t\t\t\t\t\t<\/div>\n\t\t\t\t\t<\/div>\n\t\t<\/div>\n\t\t\t\t\t\t\t\t<\/div>\n\t\t\t\t\t<\/div>\n\t\t<\/section>\n\t\t\t\t\t\t<\/div>\n\t\t\t\t\t\t<\/div>\n\t\t\t\t\t<\/div>\n\t\t","protected":false},"excerpt":{"rendered":"<p>Freno Neum\u00e1tico Extreme \u00a0 Totalmente patentado, tanto en dise\u00f1o como en principio de funcionamiento, el freno neum\u00e1tico Extreme representa una nueva era en las aplicaciones de frenos industriales. Garantiza un alto rendimiento, dimensiones compactas, m\u00e1s de 7 a\u00f1os de vida \u00fatil de las pastillas y respeto por el medio ambiente. [&hellip;]<\/p>\n","protected":false},"author":1,"featured_media":0,"parent":0,"menu_order":0,"comment_status":"closed","ping_status":"closed","template":"","meta":{"footnotes":""},"class_list":["post-104","page","type-page","status-publish","hentry"],"yoast_head":"<!-- This site is optimized with the Yoast SEO plugin v16.5 - https:\/\/yoast.com\/wordpress\/plugins\/seo\/ -->\n<title>Extreme - Sercoflex | Re<\/title>\n<meta name=\"robots\" content=\"index, follow, max-snippet:-1, max-image-preview:large, max-video-preview:-1\" \/>\n<link rel=\"canonical\" href=\"https:\/\/sercoflex.cl\/sitio\/extreme\/\" \/>\n<meta property=\"og:locale\" content=\"es_ES\" \/>\n<meta property=\"og:type\" content=\"article\" \/>\n<meta property=\"og:title\" content=\"Extreme - Sercoflex | Re\" \/>\n<meta property=\"og:description\" content=\"Freno Neum\u00e1tico Extreme \u00a0 Totalmente patentado, tanto en dise\u00f1o como en principio de funcionamiento, el freno neum\u00e1tico Extreme representa una nueva era en las aplicaciones de frenos industriales. Garantiza un alto rendimiento, dimensiones compactas, m\u00e1s de 7 a\u00f1os de vida \u00fatil de las pastillas y respeto por el medio ambiente. [&hellip;]\" \/>\n<meta property=\"og:url\" content=\"https:\/\/sercoflex.cl\/sitio\/extreme\/\" \/>\n<meta property=\"og:site_name\" content=\"Sercoflex | Re\" \/>\n<meta property=\"article:modified_time\" content=\"2025-10-10T16:22:27+00:00\" \/>\n<meta property=\"og:image\" content=\"https:\/\/sercoflex.cl\/sitio\/wp-content\/uploads\/2025\/10\/01-Extreme-XT7-1-300x225.jpg\" \/>\n<meta name=\"twitter:card\" content=\"summary_large_image\" \/>\n<meta name=\"twitter:label1\" content=\"Est. reading time\" \/>\n\t<meta name=\"twitter:data1\" content=\"1 minuto\" \/>\n<script type=\"application\/ld+json\" class=\"yoast-schema-graph\">{\"@context\":\"https:\/\/schema.org\",\"@graph\":[{\"@type\":\"Organization\",\"@id\":\"https:\/\/sercoflex.cl\/sitio\/#organization\",\"name\":\"Sercoflex\",\"url\":\"https:\/\/sercoflex.cl\/sitio\/\",\"sameAs\":[\"https:\/\/www.linkedin.com\/in\/comercial-sercoflex-6779211b4\/\"],\"logo\":{\"@type\":\"ImageObject\",\"@id\":\"https:\/\/sercoflex.cl\/sitio\/#logo\",\"inLanguage\":\"es-CL\",\"url\":\"https:\/\/sercoflex.cl\/sitio\/wp-content\/uploads\/2021\/01\/Logo-serco.jpg\",\"contentUrl\":\"https:\/\/sercoflex.cl\/sitio\/wp-content\/uploads\/2021\/01\/Logo-serco.jpg\",\"width\":790,\"height\":945,\"caption\":\"Sercoflex\"},\"image\":{\"@id\":\"https:\/\/sercoflex.cl\/sitio\/#logo\"}},{\"@type\":\"WebSite\",\"@id\":\"https:\/\/sercoflex.cl\/sitio\/#website\",\"url\":\"https:\/\/sercoflex.cl\/sitio\/\",\"name\":\"Sercoflex\",\"description\":\"Empresa dedicada a productos industriales.\",\"publisher\":{\"@id\":\"https:\/\/sercoflex.cl\/sitio\/#organization\"},\"potentialAction\":[{\"@type\":\"SearchAction\",\"target\":\"https:\/\/sercoflex.cl\/sitio\/?s={search_term_string}\",\"query-input\":\"required name=search_term_string\"}],\"inLanguage\":\"es-CL\"},{\"@type\":\"ImageObject\",\"@id\":\"https:\/\/sercoflex.cl\/sitio\/extreme\/#primaryimage\",\"inLanguage\":\"es-CL\",\"url\":\"https:\/\/sercoflex.cl\/sitio\/wp-content\/uploads\/2025\/10\/01-Extreme-XT7-1.jpg\",\"contentUrl\":\"https:\/\/sercoflex.cl\/sitio\/wp-content\/uploads\/2025\/10\/01-Extreme-XT7-1.jpg\",\"width\":800,\"height\":600},{\"@type\":\"WebPage\",\"@id\":\"https:\/\/sercoflex.cl\/sitio\/extreme\/#webpage\",\"url\":\"https:\/\/sercoflex.cl\/sitio\/extreme\/\",\"name\":\"Extreme - Sercoflex | Re\",\"isPartOf\":{\"@id\":\"https:\/\/sercoflex.cl\/sitio\/#website\"},\"primaryImageOfPage\":{\"@id\":\"https:\/\/sercoflex.cl\/sitio\/extreme\/#primaryimage\"},\"datePublished\":\"2020-08-11T20:29:29+00:00\",\"dateModified\":\"2025-10-10T16:22:27+00:00\",\"breadcrumb\":{\"@id\":\"https:\/\/sercoflex.cl\/sitio\/extreme\/#breadcrumb\"},\"inLanguage\":\"es-CL\",\"potentialAction\":[{\"@type\":\"ReadAction\",\"target\":[\"https:\/\/sercoflex.cl\/sitio\/extreme\/\"]}]},{\"@type\":\"BreadcrumbList\",\"@id\":\"https:\/\/sercoflex.cl\/sitio\/extreme\/#breadcrumb\",\"itemListElement\":[{\"@type\":\"ListItem\",\"position\":1,\"name\":\"Portada\",\"item\":\"https:\/\/sercoflex.cl\/sitio\/\"},{\"@type\":\"ListItem\",\"position\":2,\"name\":\"Extreme\"}]}]}<\/script>\n<!-- \/ Yoast SEO plugin. -->","_links":{"self":[{"href":"https:\/\/sercoflex.cl\/sitio\/wp-json\/wp\/v2\/pages\/104","targetHints":{"allow":["GET"]}}],"collection":[{"href":"https:\/\/sercoflex.cl\/sitio\/wp-json\/wp\/v2\/pages"}],"about":[{"href":"https:\/\/sercoflex.cl\/sitio\/wp-json\/wp\/v2\/types\/page"}],"author":[{"embeddable":true,"href":"https:\/\/sercoflex.cl\/sitio\/wp-json\/wp\/v2\/users\/1"}],"replies":[{"embeddable":true,"href":"https:\/\/sercoflex.cl\/sitio\/wp-json\/wp\/v2\/comments?post=104"}],"version-history":[{"count":46,"href":"https:\/\/sercoflex.cl\/sitio\/wp-json\/wp\/v2\/pages\/104\/revisions"}],"predecessor-version":[{"id":3947,"href":"https:\/\/sercoflex.cl\/sitio\/wp-json\/wp\/v2\/pages\/104\/revisions\/3947"}],"wp:attachment":[{"href":"https:\/\/sercoflex.cl\/sitio\/wp-json\/wp\/v2\/media?parent=104"}],"curies":[{"name":"wp","href":"https:\/\/api.w.org\/{rel}","templated":true}]}}